{"id":31887,"date":"2025-07-16T22:07:05","date_gmt":"2025-07-16T12:07:05","guid":{"rendered":"https:\/\/standify.org\/shop\/lapras-controller-stand\/"},"modified":"2025-09-18T01:19:25","modified_gmt":"2025-09-17T15:19:25","slug":"lapras-controller-stand","status":"publish","type":"product","link":"https:\/\/standify.org\/ro\/shop\/lapras-controller-stand\/","title":{"rendered":"Suport controler Lapras"},"content":{"rendered":"<p><em>Porni\u021bi spre o organizare \u00eenc\u0103rcat\u0103 de nostalgie.<\/em><\/p>\n<p>\u00ce\u021bi aminte\u0219ti emo\u021bia de a aluneca prin ape cristaline pe spatele lui Lapras? Acum, acela\u0219i gigant bl\u00e2nd este gata s\u0103 protejeze singurul lucru care alimenteaz\u0103 fiecare c\u0103utare epic\u0103 - controlerul t\u0103u. Andocheaz\u0103-l \u00eentre b\u0103t\u0103lii, p\u0103streaz\u0103-\u021bi biroul neted ca valurile \u0219i las\u0103 fiecare privire s\u0103-\u021bi aminteasc\u0103 de ce te-ai \u00eendr\u0103gostit de jocuri \u00een primul r\u00e2nd.<\/p>\n<p>De ce \u00eel iubesc formatorii<\/p>\n<ul>\n<li><strong>Leag\u0103n universal, rezistent la oscila\u021bii<\/strong> - modelat pentru a \u00eembr\u0103\u021bi\u0219a Switch Pro, PS5 DualSense, Xbox Series X|S \u0219i majoritatea pl\u0103cu\u021belor de la ter\u021bi cu zero bascul\u0103ri.<\/li>\n<li><strong>Gata pentru cadouri <\/strong>- st\u00e2rne\u0219te o bucurie instantanee \u00een momentul \u00een care este desf\u0103cut.<\/li>\n<\/ul>\n<p>Construit pentru juc\u0103tori, sus\u021binut de antrenori<\/p>\n<p>Am creat acest suport pentru juc\u0103torii care ur\u0103sc dezordinea la fel de mult pe c\u00e2t iubesc aventura. Rezultatul? Mai pu\u021bin haos pe birou, mai mult\u0103 m\u00e2ndrie \u00een configura\u021bia dvs. \u0219i o lovitur\u0103 zilnic\u0103 de minune a copil\u0103riei. Dac\u0103 Lapras nu v\u0103 face s\u0103 z\u00e2mbi\u021bi de fiecare dat\u0103 c\u00e2nd v\u0103 a\u0219eza\u021bi s\u0103 juca\u021bi, sunte\u021bi acoperit de garan\u021bia noastr\u0103 de 30 de zile de returnare a banilor \u201cIndigo Plateau\u201d, f\u0103r\u0103 \u00eentreb\u0103ri.<\/p>\n<blockquote><p>\u201cArat\u0103 incredibil pe battlestation-ul meu \u0219i, \u00een sf\u00e2r\u0219it, \u00eemi opre\u0219te Pro Controller-ul s\u0103 se rostogoleasc\u0103 pe podea.\u201d - Jess, Trainer verificat \u2b50\u2b50\u2b50\u2b50\u2b50<\/p><\/blockquote>\n<hr \/>\n<h3>\u26a1 Ia-o pe a ta \u00eenainte s\u0103 dispar\u0103 \u00eenot<\/h3>\n<p>Acesta este un lot mic, f\u0103cut de fani (neafiliat cu Nintendo) \u0219i fiecare val se vinde rapid. Adaug\u0103 <em>dou\u0103<\/em> \u00een co\u0219ul dvs. \u0219i vom lua automat <strong>10% off<\/strong>-astfel \u00eenc\u00e2t juc\u0103torul 2 s\u0103 nu se simt\u0103 niciodat\u0103 l\u0103sat \u00een urm\u0103.<\/p>\n<p><strong>Sunte\u021bi gata s\u0103 v\u0103 ordona\u021bi biroul \u0219i s\u0103 retr\u0103i\u021bi magia?<\/strong><br \/>\nLovitur\u0103 <strong>ADAUG\u0102 LA CO\u0218<\/strong> acum \u0219i l\u0103sa\u021bi Lapras s\u0103 v\u0103 supravegheze urm\u0103toarea aventur\u0103.<\/p>","protected":false},"excerpt":{"rendered":"<p>Porni\u021bi la drum pentru o organizare \u00eenc\u0103rcat\u0103 de nostalgie. V\u0103 aminti\u021bi senza\u021bia de a aluneca prin ape cristaline pe spatele Lapras? Acum c\u0103<\/p>","protected":false},"featured_media":31874,"comment_status":"open","ping_status":"closed","template":"","meta":[],"product_brand":[],"product_cat":[25],"product_tag":[21,24,413],"class_list":{"0":"post-31887","1":"product","2":"type-product","3":"status-publish","4":"has-post-thumbnail","6":"product_cat-controller-stand","7":"product_tag-decoration","8":"product_tag-controller-stand","9":"product_tag-pokemon","11":"first","12":"instock","13":"sale","14":"taxable","15":"shipping-taxable","16":"purchasable","17":"product-type-simple"},"jetpack_sharing_enabled":true,"_links":{"self":[{"href":"https:\/\/standify.org\/ro\/wp-json\/wp\/v2\/product\/31887","targetHints":{"allow":["GET"]}}],"collection":[{"href":"https:\/\/standify.org\/ro\/wp-json\/wp\/v2\/product"}],"about":[{"href":"https:\/\/standify.org\/ro\/wp-json\/wp\/v2\/types\/product"}],"replies":[{"embeddable":true,"href":"https:\/\/standify.org\/ro\/wp-json\/wp\/v2\/comments?post=31887"}],"version-history":[{"count":2,"href":"https:\/\/standify.org\/ro\/wp-json\/wp\/v2\/product\/31887\/revisions"}],"predecessor-version":[{"id":32807,"href":"https:\/\/standify.org\/ro\/wp-json\/wp\/v2\/product\/31887\/revisions\/32807"}],"wp:featuredmedia":[{"embeddable":true,"href":"https:\/\/standify.org\/ro\/wp-json\/wp\/v2\/media\/31874"}],"wp:attachment":[{"href":"https:\/\/standify.org\/ro\/wp-json\/wp\/v2\/media?parent=31887"}],"wp:term":[{"taxonomy":"product_brand","embeddable":true,"href":"https:\/\/standify.org\/ro\/wp-json\/wp\/v2\/product_brand?post=31887"},{"taxonomy":"product_cat","embeddable":true,"href":"https:\/\/standify.org\/ro\/wp-json\/wp\/v2\/product_cat?post=31887"},{"taxonomy":"product_tag","embeddable":true,"href":"https:\/\/standify.org\/ro\/wp-json\/wp\/v2\/product_tag?post=31887"}],"curies":[{"name":"wp","href":"https:\/\/api.w.org\/{rel}","templated":true}]}}