{"id":16880,"date":"2024-10-16T22:45:12","date_gmt":"2024-10-16T12:45:12","guid":{"rendered":"https:\/\/standify.org\/shop\/luffy-gear-up-for-battle-crouching-power-figurine\/"},"modified":"2026-03-07T03:17:15","modified_gmt":"2026-03-06T17:17:15","slug":"luffy-gear-up-for-battle-crouching-power-figurine","status":"publish","type":"product","link":"https:\/\/standify.org\/ro\/shop\/luffy-gear-up-for-battle-crouching-power-figurine\/","title":{"rendered":"Luffy: Preg\u0103ti\u021bi-v\u0103 pentru lupt\u0103 - Figurin\u0103 putere ghemuit\u0103"},"content":{"rendered":"<p>\ud83c\udf00 <strong>17cm Luffy Crouching Power Up Figurin\u0103<\/strong> \ud83c\udf00<\/p>\n<p>Al\u0103tura\u021bi-v\u0103 <strong>mii de fani One Piece<\/strong> care au deja aceast\u0103 figur\u0103 epic\u0103 Luffy \u00een colec\u021bia lor! \ud83d\udca5 Acest foarte detaliat <strong>power-up pose<\/strong> \u00eel surprinde pe Luffy \u00een plin\u0103 ac\u021biune, gata s\u0103 accepte orice provocare cu energia sa de neoprit! \u26a1<\/p>\n<p><strong>De ce iubesc fanii aceast\u0103 figur\u0103:<\/strong><\/p>\n<ul>\n<li>\ud83d\udcaf <em>Design autentic<\/em> care surprinde expresia feroce \u0219i \u021binuta iconic\u0103 a lui Luffy<\/li>\n<li>\ud83d\udca5 <em>Pozi\u021bia dinamic\u0103<\/em> - Luffy ghemuit \u00een modul gata de lupt\u0103, un fan-favorit!<\/li>\n<li>\ud83d\udd25 <em>Detaliu exclusiv<\/em> cu efecte energetice transparente care \u00eei \u00eenf\u0103\u0219oar\u0103 bra\u021bul \ud83d\udcaa<\/li>\n<li>\ud83d\udccf <em>Dimensiune perfect\u0103<\/em> - 17 cm \u00een\u0103l\u021bime, completarea ideal\u0103 pentru orice colec\u021bie One Piece<\/li>\n<\/ul>\n<p>\ud83d\udcac <strong>Ce spun al\u021bi fani:<\/strong><br \/>\n<em>\"Arat\u0103 uimitor pe raftul meu! Detaliile sunt demen\u021biale!\"<\/em> - \u2605\u2605\u2605\u2605\u2605<br \/>\n<em>\"Un must-have pentru orice fan One Piece! Prietenii mei m\u0103 \u00eentreab\u0103 mereu de unde o am!\"<\/em> - \u2605\u2605\u2605\u2605\u2605<\/p>\n<p>\u26a1\ufe0f Nu rata\u021bi acest eveniment <strong>edi\u021bie limitat\u0103<\/strong> figurin\u0103! Adaug-o la colec\u021bia ta \u0219i arat\u0103-\u021bi dragostea pentru One Piece \ud83c\udff4\u200d\u2620\ufe0f<\/p>","protected":false},"excerpt":{"rendered":"<p>\ud83c\udf00 17cm Luffy Crouching Power Up Figurine \ud83c\udf00 Al\u0103tur\u0103-te miilor de fani One Piece care au deja acest Luffy epic<\/p>","protected":false},"featured_media":16766,"comment_status":"open","ping_status":"closed","template":"","meta":[],"product_brand":[],"product_cat":[696,18],"product_tag":[683,684],"class_list":{"0":"post-16880","1":"product","2":"type-product","3":"status-publish","4":"has-post-thumbnail","6":"product_cat-one-piece","7":"product_cat-action-figure","8":"product_tag-one-piece","9":"product_tag-luffy","11":"first","12":"instock","13":"sale","14":"taxable","15":"shipping-taxable","16":"purchasable","17":"product-type-simple"},"jetpack_sharing_enabled":true,"_links":{"self":[{"href":"https:\/\/standify.org\/ro\/wp-json\/wp\/v2\/product\/16880","targetHints":{"allow":["GET"]}}],"collection":[{"href":"https:\/\/standify.org\/ro\/wp-json\/wp\/v2\/product"}],"about":[{"href":"https:\/\/standify.org\/ro\/wp-json\/wp\/v2\/types\/product"}],"replies":[{"embeddable":true,"href":"https:\/\/standify.org\/ro\/wp-json\/wp\/v2\/comments?post=16880"}],"version-history":[{"count":2,"href":"https:\/\/standify.org\/ro\/wp-json\/wp\/v2\/product\/16880\/revisions"}],"predecessor-version":[{"id":16884,"href":"https:\/\/standify.org\/ro\/wp-json\/wp\/v2\/product\/16880\/revisions\/16884"}],"wp:featuredmedia":[{"embeddable":true,"href":"https:\/\/standify.org\/ro\/wp-json\/wp\/v2\/media\/16766"}],"wp:attachment":[{"href":"https:\/\/standify.org\/ro\/wp-json\/wp\/v2\/media?parent=16880"}],"wp:term":[{"taxonomy":"product_brand","embeddable":true,"href":"https:\/\/standify.org\/ro\/wp-json\/wp\/v2\/product_brand?post=16880"},{"taxonomy":"product_cat","embeddable":true,"href":"https:\/\/standify.org\/ro\/wp-json\/wp\/v2\/product_cat?post=16880"},{"taxonomy":"product_tag","embeddable":true,"href":"https:\/\/standify.org\/ro\/wp-json\/wp\/v2\/product_tag?post=16880"}],"curies":[{"name":"wp","href":"https:\/\/api.w.org\/{rel}","templated":true}]}}