{"id":16855,"date":"2024-10-16T22:44:27","date_gmt":"2024-10-16T12:44:27","guid":{"rendered":"https:\/\/standify.org\/shop\/going-merry-thousand-sunny-floating-boat-one-piece\/"},"modified":"2026-04-06T11:50:35","modified_gmt":"2026-04-06T01:50:35","slug":"going-merry-thousand-sunny-floating-boat-one-piece","status":"publish","type":"product","link":"https:\/\/standify.org\/ro\/shop\/going-merry-thousand-sunny-floating-boat-one-piece\/","title":{"rendered":"Barc\u0103 plutitoare Going Merry\/Thousand Sunny - UN PIECE"},"content":{"rendered":"<p>V-a\u021bi dorit vreodat\u0103 o parte din <em>O bucat\u0103<\/em> lumea chiar \u00een m\u00e2inile tale? \ud83c\udf1f Al nostru <strong>O singur\u0103 bucat\u0103 Fluid Drift Sticl\u0103<\/strong> este aici pentru a face ca acest vis s\u0103 devin\u0103 realitate! Aceast\u0103 replic\u0103 uimitoare a iconicului <strong>Going Merry<\/strong> \u0219i <strong>Thousand Sunny<\/strong> navele este fabricat\u0103 din acrilic de \u00eenalt\u0103 calitate, aduc\u00e2nd magia echipajului lui Luffy chiar \u00een casa ta. \u2728<\/p>\n<p>\ud83c\udf1f <strong>De ce v\u0103 va pl\u0103cea<\/strong>:<\/p>\n<ul>\n<li>\ud83d\udc8e <strong>Replica fidel\u0103:<\/strong> Frumos detaliate pentru a onora navele legendare.<\/li>\n<li>\ud83c\udf0a <strong>Senza\u021bie oceanic\u0103:<\/strong> Umplut cu ulei mineral \u0219i ap\u0103 purificat\u0103 pentru o experien\u021b\u0103 imersiv\u0103.<\/li>\n<li>\ud83d\udccf <strong>Dimensiunea perfect\u0103:<\/strong> M\u0103soar\u0103 14,6 x 5,2 x 5,3 cm - ideal\u0103 pentru raftul t\u0103u!<\/li>\n<\/ul>\n<p>Fie c\u0103 sunte\u021bi un <strong>fan \u00eenfocat<\/strong>, a <strong>colector<\/strong>, sau doar \u00een c\u0103utarea de a ad\u0103uga unele <em>spirit de pirat<\/em> spa\u021biului t\u0103u, aceast\u0103 pies\u0103 unic\u0103 te va transporta \u00een Grand Line \u00een cel mai scurt timp! \ud83d\udca5<\/p>\n<p>\ud83c\udf81 <strong>Oferi\u021bi-l sau p\u0103stra\u021bi-l!<\/strong> Acesta este un must-have pentru orice <strong>iubitor de anime<\/strong> sau <em>O bucat\u0103<\/em> fan. F\u0103-l al t\u0103u ast\u0103zi sau surprinde un prieten cu o aventur\u0103 pe care o va pre\u021bui pentru totdeauna!<\/p>\n<p>\ud83d\udc49 <strong>Ia-l pe al t\u0103u acum \u0219i al\u0103tur\u0103-te lui Luffy \u00een largul m\u0103rii!<\/strong><\/p>\n<p>&nbsp;<\/p>","protected":false},"excerpt":{"rendered":"<p>\u021ai-ai dorit vreodat\u0103 o parte din lumea One Piece chiar \u00een m\u00e2inile tale? \ud83c\udf1f Sticla noastr\u0103 One Piece Fluid Drift<\/p>","protected":false},"featured_media":16764,"comment_status":"open","ping_status":"closed","template":"","meta":[],"product_brand":[],"product_cat":[696],"product_tag":[683,27],"class_list":{"0":"post-16855","1":"product","2":"type-product","3":"status-publish","4":"has-post-thumbnail","6":"product_cat-one-piece","7":"product_tag-one-piece","8":"product_tag-upsell","10":"first","11":"instock","12":"sale","13":"taxable","14":"shipping-taxable","15":"purchasable","16":"product-type-variable","17":"has-default-attributes"},"jetpack_sharing_enabled":true,"_links":{"self":[{"href":"https:\/\/standify.org\/ro\/wp-json\/wp\/v2\/product\/16855","targetHints":{"allow":["GET"]}}],"collection":[{"href":"https:\/\/standify.org\/ro\/wp-json\/wp\/v2\/product"}],"about":[{"href":"https:\/\/standify.org\/ro\/wp-json\/wp\/v2\/types\/product"}],"replies":[{"embeddable":true,"href":"https:\/\/standify.org\/ro\/wp-json\/wp\/v2\/comments?post=16855"}],"version-history":[{"count":2,"href":"https:\/\/standify.org\/ro\/wp-json\/wp\/v2\/product\/16855\/revisions"}],"predecessor-version":[{"id":16903,"href":"https:\/\/standify.org\/ro\/wp-json\/wp\/v2\/product\/16855\/revisions\/16903"}],"wp:featuredmedia":[{"embeddable":true,"href":"https:\/\/standify.org\/ro\/wp-json\/wp\/v2\/media\/16764"}],"wp:attachment":[{"href":"https:\/\/standify.org\/ro\/wp-json\/wp\/v2\/media?parent=16855"}],"wp:term":[{"taxonomy":"product_brand","embeddable":true,"href":"https:\/\/standify.org\/ro\/wp-json\/wp\/v2\/product_brand?post=16855"},{"taxonomy":"product_cat","embeddable":true,"href":"https:\/\/standify.org\/ro\/wp-json\/wp\/v2\/product_cat?post=16855"},{"taxonomy":"product_tag","embeddable":true,"href":"https:\/\/standify.org\/ro\/wp-json\/wp\/v2\/product_tag?post=16855"}],"curies":[{"name":"wp","href":"https:\/\/api.w.org\/{rel}","templated":true}]}}