{"id":16803,"date":"2024-10-16T22:43:42","date_gmt":"2024-10-16T12:43:42","guid":{"rendered":"https:\/\/standify.org\/shop\/vinsmoke-sanji-all-blue-dream-collectible-figure-37cm\/"},"modified":"2026-04-19T21:56:28","modified_gmt":"2026-04-19T11:56:28","slug":"vinsmoke-sanji-all-blue-dream-collectible-figure-37cm","status":"publish","type":"product","link":"https:\/\/standify.org\/ro\/shop\/vinsmoke-sanji-all-blue-dream-collectible-figure-37cm\/","title":{"rendered":"Vinsmoke Sanji \"All Blue Dream\" Figura de colec\u021bie 37cm"},"content":{"rendered":"<p><strong>\ud83d\udd25 VINSMOKE SANJI FIGURE - VIITORUL BUC\u0102TAR ALBASTRU DE LA ONE PIECE\u2122 \ud83d\udd25<\/strong><\/p>\n<p>\ud83d\udda4 \u00cendr\u0103git\u0103 de fanii din \u00eentreaga lume, aceast\u0103 uimitoare figurin\u0103 Vinsmoke Sanji este \u0219ansa ta de a de\u021bine o bucat\u0103 de <strong>One Piece\u2122<\/strong> legend\u0103!<\/p>\n<p><strong>Al\u0103tur\u0103-te miilor de colec\u021bionari care pre\u021buiesc deja aceast\u0103 figur\u0103 epic\u0103!<\/strong><\/p>\n<p>\ud83d\udca5 <strong>Ce face ca aceast\u0103 figur\u0103 s\u0103 fie un must-have?<\/strong><\/p>\n<ul>\n<li>\ud83d\udd25 <strong>Design dinamic<\/strong>: Cu fl\u0103c\u0103ri feroce \u0219i stilul semn\u0103turii lui Sanji, aceast\u0103 figur\u0103 \u00eei red\u0103 perfect personalitatea cool.<\/li>\n<li>\ud83d\udd74\ufe0f <strong>Dou\u0103 look-uri iconice<\/strong>: Fie c\u0103 prefera\u021bi costumul s\u0103u negru elegant sau cel alb elegant, aceast\u0103 figurin\u0103 vine cu ambele look-uri!<\/li>\n<li>\ud83d\udcaa <strong>Perfect pentru fani<\/strong>: C\u0103l\u0103toria lui Sanji pentru a g\u0103si legendarul All Blue este unul dintre cele mai inspirate arcuri, iar aceast\u0103 figur\u0103 simbolizeaz\u0103 acea aventur\u0103.<\/li>\n<\/ul>\n<p><strong>De ce Sanji este un favorit al fanilor:<\/strong><\/p>\n<ul>\n<li>\ud83c\udf73 Buc\u0103tar de clas\u0103 mondial\u0103 pentru Pira\u021bii cu p\u0103l\u0103rie de paie!<\/li>\n<li>\ud83d\udc4a Abilit\u0103\u021bi de lupt\u0103 imbatabile cu loviturile sale \u00eenfl\u0103c\u0103rate!<\/li>\n<li>\ud83d\udc94 Inim\u0103 de aur \u0219i cavalerism pentru doamne!<\/li>\n<\/ul>\n<p>\ud83d\udd17 <strong>Nu rata\u021bi!<\/strong> Al\u021bi fani sunt \u00eenc\u00e2nta\u021bi de acest obiect de colec\u021bie - adaug\u0103-l la colec\u021bia ta ast\u0103zi!<\/p>","protected":false},"excerpt":{"rendered":"<p>\ud83d\udd25 VINSMOKE SANJI FIGURE \u2014 THE FUTURE ALL BLUE COOK FROM ONE PIECE\u2122 \ud83d\udd25 \ud83d\udda4 Loved by fans all over<\/p>","protected":false},"featured_media":16715,"comment_status":"open","ping_status":"closed","template":"","meta":[],"product_brand":[],"product_cat":[696],"product_tag":[683],"class_list":{"0":"post-16803","1":"product","2":"type-product","3":"status-publish","4":"has-post-thumbnail","6":"product_cat-one-piece","7":"product_tag-one-piece","9":"first","10":"instock","11":"sale","12":"taxable","13":"shipping-taxable","14":"purchasable","15":"product-type-variable","16":"has-default-attributes"},"jetpack_sharing_enabled":true,"_links":{"self":[{"href":"https:\/\/standify.org\/ro\/wp-json\/wp\/v2\/product\/16803","targetHints":{"allow":["GET"]}}],"collection":[{"href":"https:\/\/standify.org\/ro\/wp-json\/wp\/v2\/product"}],"about":[{"href":"https:\/\/standify.org\/ro\/wp-json\/wp\/v2\/types\/product"}],"replies":[{"embeddable":true,"href":"https:\/\/standify.org\/ro\/wp-json\/wp\/v2\/comments?post=16803"}],"version-history":[{"count":2,"href":"https:\/\/standify.org\/ro\/wp-json\/wp\/v2\/product\/16803\/revisions"}],"predecessor-version":[{"id":16900,"href":"https:\/\/standify.org\/ro\/wp-json\/wp\/v2\/product\/16803\/revisions\/16900"}],"wp:featuredmedia":[{"embeddable":true,"href":"https:\/\/standify.org\/ro\/wp-json\/wp\/v2\/media\/16715"}],"wp:attachment":[{"href":"https:\/\/standify.org\/ro\/wp-json\/wp\/v2\/media?parent=16803"}],"wp:term":[{"taxonomy":"product_brand","embeddable":true,"href":"https:\/\/standify.org\/ro\/wp-json\/wp\/v2\/product_brand?post=16803"},{"taxonomy":"product_cat","embeddable":true,"href":"https:\/\/standify.org\/ro\/wp-json\/wp\/v2\/product_cat?post=16803"},{"taxonomy":"product_tag","embeddable":true,"href":"https:\/\/standify.org\/ro\/wp-json\/wp\/v2\/product_tag?post=16803"}],"curies":[{"name":"wp","href":"https:\/\/api.w.org\/{rel}","templated":true}]}}