{"id":1613,"date":"2023-10-05T16:47:25","date_gmt":"2023-10-05T16:47:25","guid":{"rendered":"https:\/\/standify.org\/?product=samurai-controller-stand"},"modified":"2026-03-01T19:52:50","modified_gmt":"2026-03-01T09:52:50","slug":"for-ghost-of-tsushima-gaming-controller-holder-one-more-life-controller-holder-figure-headphone-stand-for-ps5-ps4-ns-k7a5","status":"publish","type":"product","link":"https:\/\/standify.org\/ro\/shop\/for-ghost-of-tsushima-gaming-controller-holder-one-more-life-controller-holder-figure-headphone-stand-for-ps5-ps4-ns-k7a5\/","title":{"rendered":"Ghost Tsushima Controller Stand"},"content":{"rendered":"<p>Ridic\u0103-\u021bi configura\u021bia de joc cu acest suport de controler Samurai! \ud83c\udf8c Nu numai c\u0103 \u00ee\u021bi \u021bine \u00een siguran\u021b\u0103 controlerul, dar se dubleaz\u0103 \u0219i ca ornament captivant, ar\u0103t\u00e2ndu-\u021bi pasiunea pentru jocul epic. \ud83d\udde1\ufe0f<\/p>\n<p><strong>\ud83c\udfa8 Design distinct:<\/strong> Inspirat de frumuse\u021bea obsedant\u0103 a ora\u0219ului Tsushima, acest suport capteaz\u0103 esen\u021ba jocului.<br \/>\n<strong>\ud83d\udd04 Cu dubl\u0103 utilizare:<\/strong> Un suport practic \u0219i o pies\u0103 decorativ\u0103 \u00een acela\u0219i timp.<br \/>\n<strong>\ud83c\udf81 Preg\u0103tit pentru cadouri:<\/strong> Ideal pentru juc\u0103torul pasionat de jocuri din via\u021ba ta sau pentru tine \u00eensu\u021bi.<\/p>\n<p>Experimenta\u021bi o fuziune de func\u021bionalitate \u0219i art\u0103. \ud83c\udf1f \u00cembun\u0103t\u0103\u021be\u0219te-\u021bi spa\u021biul de joc cu suportul pentru controler Samurai ast\u0103zi! \u2694\ufe0f<\/p>\n<p>Compatibilitate universal\u0103, inclusiv PS5\/4, Xbox, Switch<\/p>\n<p>Dimensiunea bazei: 13.8 x 8.5 x 7.0cm \/ 5.4\u2033 x 3.3in x 2.7in<\/p>","protected":false},"excerpt":{"rendered":"<p>Ridica\u021bi configura\u021bia dvs. de jocuri cu acest rafinat suport pentru controler Samurai! \ud83c\udf8c Nu numai c\u0103 v\u0103 \u021bine \u00een siguran\u021b\u0103 controlerul, dar<\/p>","protected":false},"featured_media":1615,"comment_status":"open","ping_status":"closed","template":"","meta":[],"product_brand":[],"product_cat":[16,25],"product_tag":[24],"class_list":{"0":"post-1613","1":"product","2":"type-product","3":"status-publish","4":"has-post-thumbnail","6":"product_cat-standify","7":"product_cat-controller-stand","8":"product_tag-controller-stand","10":"first","11":"instock","12":"sale","13":"taxable","14":"shipping-taxable","15":"purchasable","16":"product-type-simple"},"jetpack_sharing_enabled":true,"_links":{"self":[{"href":"https:\/\/standify.org\/ro\/wp-json\/wp\/v2\/product\/1613","targetHints":{"allow":["GET"]}}],"collection":[{"href":"https:\/\/standify.org\/ro\/wp-json\/wp\/v2\/product"}],"about":[{"href":"https:\/\/standify.org\/ro\/wp-json\/wp\/v2\/types\/product"}],"replies":[{"embeddable":true,"href":"https:\/\/standify.org\/ro\/wp-json\/wp\/v2\/comments?post=1613"}],"version-history":[{"count":0,"href":"https:\/\/standify.org\/ro\/wp-json\/wp\/v2\/product\/1613\/revisions"}],"wp:featuredmedia":[{"embeddable":true,"href":"https:\/\/standify.org\/ro\/wp-json\/wp\/v2\/media\/1615"}],"wp:attachment":[{"href":"https:\/\/standify.org\/ro\/wp-json\/wp\/v2\/media?parent=1613"}],"wp:term":[{"taxonomy":"product_brand","embeddable":true,"href":"https:\/\/standify.org\/ro\/wp-json\/wp\/v2\/product_brand?post=1613"},{"taxonomy":"product_cat","embeddable":true,"href":"https:\/\/standify.org\/ro\/wp-json\/wp\/v2\/product_cat?post=1613"},{"taxonomy":"product_tag","embeddable":true,"href":"https:\/\/standify.org\/ro\/wp-json\/wp\/v2\/product_tag?post=1613"}],"curies":[{"name":"wp","href":"https:\/\/api.w.org\/{rel}","templated":true}]}}