{"id":15888,"date":"2024-07-11T23:53:35","date_gmt":"2024-07-11T13:53:35","guid":{"rendered":"https:\/\/standify.org\/?post_type=product&#038;p=15888"},"modified":"2025-11-30T00:51:45","modified_gmt":"2025-11-29T14:51:45","slug":"gold-goku-iphone-case","status":"publish","type":"product","link":"https:\/\/standify.org\/ro\/shop\/gold-goku-iphone-case\/","title":{"rendered":"Goku aur iPhone caz"},"content":{"rendered":"<ul>\n<li>Livrare \u00een \u00eentreaga lume.<\/li>\n<li>Toate expedierile sunt asigurate cu numere de urm\u0103rire.<\/li>\n<li>Folosind tehnologia argintului electroplacat, este durabil \u0219i frumos \u00een acela\u0219i timp.<\/li>\n<li><b>Garan\u021bia Standify\u2122<\/b><\/li>\n<\/ul>\n<ul>\n<li>Suntem foarte m\u00e2ndri de calitatea produselor noastre \u0219i v\u0103 garant\u0103m c\u0103 ve\u021bi fi mul\u021bumi\u021bi 100% cu orice cump\u0103ra\u021bi de la\u00a0<b>standify.org<\/b><\/li>\n<li>Dac\u0103, din orice motiv, nu sunte\u021bi complet mul\u021bumit de achizi\u021bia dvs., ne vom asigura c\u0103 ve\u021bi primi banii \u00eenapoi - f\u0103r\u0103 \u00eentreb\u0103ri - \u00een perioada de timp corespunz\u0103toare.<\/li>\n<\/ul>","protected":false},"excerpt":{"rendered":"<p>Worldwide shipping. All shipments are insured with tracking numbers. Using electroplated silver technology, it is durable and beautiful at the<\/p>","protected":false},"featured_media":15889,"comment_status":"open","ping_status":"closed","template":"","meta":[],"product_brand":[],"product_cat":[658,641,20],"product_tag":[],"class_list":{"0":"post-15888","1":"product","2":"type-product","3":"status-publish","4":"has-post-thumbnail","6":"product_cat-phone-cases","7":"product_cat-dragon-ball-z-super-saiyan","8":"product_cat-apparel","10":"first","11":"instock","12":"sale","13":"taxable","14":"shipping-taxable","15":"purchasable","16":"product-type-variable","17":"has-default-attributes"},"jetpack_sharing_enabled":true,"_links":{"self":[{"href":"https:\/\/standify.org\/ro\/wp-json\/wp\/v2\/product\/15888","targetHints":{"allow":["GET"]}}],"collection":[{"href":"https:\/\/standify.org\/ro\/wp-json\/wp\/v2\/product"}],"about":[{"href":"https:\/\/standify.org\/ro\/wp-json\/wp\/v2\/types\/product"}],"replies":[{"embeddable":true,"href":"https:\/\/standify.org\/ro\/wp-json\/wp\/v2\/comments?post=15888"}],"version-history":[{"count":0,"href":"https:\/\/standify.org\/ro\/wp-json\/wp\/v2\/product\/15888\/revisions"}],"wp:featuredmedia":[{"embeddable":true,"href":"https:\/\/standify.org\/ro\/wp-json\/wp\/v2\/media\/15889"}],"wp:attachment":[{"href":"https:\/\/standify.org\/ro\/wp-json\/wp\/v2\/media?parent=15888"}],"wp:term":[{"taxonomy":"product_brand","embeddable":true,"href":"https:\/\/standify.org\/ro\/wp-json\/wp\/v2\/product_brand?post=15888"},{"taxonomy":"product_cat","embeddable":true,"href":"https:\/\/standify.org\/ro\/wp-json\/wp\/v2\/product_cat?post=15888"},{"taxonomy":"product_tag","embeddable":true,"href":"https:\/\/standify.org\/ro\/wp-json\/wp\/v2\/product_tag?post=15888"}],"curies":[{"name":"wp","href":"https:\/\/api.w.org\/{rel}","templated":true}]}}