{"id":15238,"date":"2024-07-08T21:29:05","date_gmt":"2024-07-08T11:29:05","guid":{"rendered":"https:\/\/standify.org\/shop\/dbz-goku-3d-holographic-magsafe-iphone-case\/"},"modified":"2025-11-30T00:54:35","modified_gmt":"2025-11-29T14:54:35","slug":"dbz-goku-3d-holographic-magsafe-iphone-case","status":"publish","type":"product","link":"https:\/\/standify.org\/ro\/shop\/dbz-goku-3d-holographic-magsafe-iphone-case\/","title":{"rendered":"DBZ Goku 3D Holografic Magsafe Hus\u0103 pentru iPhone"},"content":{"rendered":"<p>Alimenteaz\u0103-\u021bi telefonul cu Dragon Ball Z! \ud83d\udc09\ud83d\udca5<\/p>\n<p>Transform\u0103-\u021bi dispozitivul \u00eentr-un Super Saiyan cu colec\u021bia noastr\u0103 epic\u0103 de carcase DBZ:<\/p>\n<p>\ud83d\udd25 Modele atr\u0103g\u0103toare cu personaje iconice \ud83d\udee1\ufe0f Protec\u021bie durabil\u0103 demn\u0103 de un Z-Fighter \ud83c\udfa8 Culori vibrante care ies \u00een eviden\u021b\u0103 precum o Kamehameha<\/p>\n<p>De ce aceste cazuri sunt grozave:<\/p>\n<ol>\n<li>Ie\u0219i\u021bi \u00een eviden\u021b\u0103 din mul\u021bime<\/li>\n<li>Retr\u0103ie\u0219te momentele tale preferate din DBZ<\/li>\n<li>Ini\u021bia\u021bi conversa\u021bii cu al\u021bi fani<\/li>\n<li>Proteja\u021bi-v\u0103 telefonul cu stil<\/li>\n<\/ol>\n<p>Ridic\u0103 nivelul dispozitivului t\u0103u! \ud83d\udcf1\u2b06\ufe0f Nu te mul\u021bumi cu o carcas\u0103 plictisitoare. Arat\u0103-\u021bi nivelul de putere \u0219i pasiunea pentru anime oriunde te-ai duce!<\/p>\n<p>E\u0219ti gata s\u0103 devii Super Saiyan? Ia-\u021bi acum husa DBZ \u0219i las\u0103-\u021bi telefonul s\u0103 ajung\u0103 la forma sa final\u0103! \ud83d\udd25\ud83d\udc4a<\/p>","protected":false},"excerpt":{"rendered":"<p>Alimenteaz\u0103-\u021bi telefonul cu Dragon Ball Z! \ud83d\udc09\ud83d\udca5 Transform\u0103-\u021bi dispozitivul \u00eentr-un Super Saiyan cu DBZ-ul nostru epic<\/p>","protected":false},"featured_media":15225,"comment_status":"open","ping_status":"closed","template":"","meta":[],"product_brand":[],"product_cat":[641,658,20],"product_tag":[143],"class_list":{"0":"post-15238","1":"product","2":"type-product","3":"status-publish","4":"has-post-thumbnail","6":"product_cat-dragon-ball-z-super-saiyan","7":"product_cat-phone-cases","8":"product_cat-apparel","9":"product_tag-dbz","11":"first","12":"instock","13":"sale","14":"taxable","15":"shipping-taxable","16":"purchasable","17":"product-type-variable"},"jetpack_sharing_enabled":true,"_links":{"self":[{"href":"https:\/\/standify.org\/ro\/wp-json\/wp\/v2\/product\/15238","targetHints":{"allow":["GET"]}}],"collection":[{"href":"https:\/\/standify.org\/ro\/wp-json\/wp\/v2\/product"}],"about":[{"href":"https:\/\/standify.org\/ro\/wp-json\/wp\/v2\/types\/product"}],"replies":[{"embeddable":true,"href":"https:\/\/standify.org\/ro\/wp-json\/wp\/v2\/comments?post=15238"}],"version-history":[{"count":1,"href":"https:\/\/standify.org\/ro\/wp-json\/wp\/v2\/product\/15238\/revisions"}],"predecessor-version":[{"id":34608,"href":"https:\/\/standify.org\/ro\/wp-json\/wp\/v2\/product\/15238\/revisions\/34608"}],"wp:featuredmedia":[{"embeddable":true,"href":"https:\/\/standify.org\/ro\/wp-json\/wp\/v2\/media\/15225"}],"wp:attachment":[{"href":"https:\/\/standify.org\/ro\/wp-json\/wp\/v2\/media?parent=15238"}],"wp:term":[{"taxonomy":"product_brand","embeddable":true,"href":"https:\/\/standify.org\/ro\/wp-json\/wp\/v2\/product_brand?post=15238"},{"taxonomy":"product_cat","embeddable":true,"href":"https:\/\/standify.org\/ro\/wp-json\/wp\/v2\/product_cat?post=15238"},{"taxonomy":"product_tag","embeddable":true,"href":"https:\/\/standify.org\/ro\/wp-json\/wp\/v2\/product_tag?post=15238"}],"curies":[{"name":"wp","href":"https:\/\/api.w.org\/{rel}","templated":true}]}}