{"id":14281,"date":"2024-06-25T04:06:30","date_gmt":"2024-06-24T18:06:30","guid":{"rendered":"https:\/\/standify.org\/shop\/anime-gym-shorts\/"},"modified":"2026-05-03T06:15:16","modified_gmt":"2026-05-02T20:15:16","slug":"anime-gym-shorts","status":"publish","type":"product","link":"https:\/\/standify.org\/ro\/shop\/anime-gym-shorts\/","title":{"rendered":"Pantaloni scur\u021bi Anime Gym"},"content":{"rendered":"<p><strong>Material excep\u021bional: Pantalonii scur\u021bi pentru b\u0103rba\u021bi 2 In 1 sunt fabrica\u021bi din \u021bes\u0103tur\u0103 \u00eembun\u0103t\u0103\u021bit\u0103 din poliester + spandex, moale \u0219i confortabil\u0103, tehnologia de \u00eentindere \u00een 4 direc\u021bii promoveaz\u0103 mi\u0219carea flexibil\u0103 \u0219i liber\u0103. \u021aes\u0103tura cu uscare rapid\u0103 nu se va sim\u021bi \u00eenfundat\u0103 \u00een timpul exerci\u021biilor, rece, respirabil\u0103 \u0219i confortabil\u0103.<\/strong><\/p>\n<p>Design perfect: \u0218nurul de la talie poate fi ajustat \u00een func\u021bie de figura dvs., iar talia elastic\u0103 ofer\u0103 confort maxim. Dou\u0103 buzunare laterale, suficiente pentru a transporta telefonul, portofelul \u0219i alte obiecte mici.<\/p>\n<p>C\u0103ptu\u0219eal\u0103 \u00eembun\u0103t\u0103\u021bit\u0103: C\u0103ptu\u0219eala interioar\u0103 este \u00eent\u0103rit\u0103 \u0219i mai elastic\u0103. Pute\u021bi sim\u021bi diferen\u021ba dintre acesta \u0219i pantaloni scur\u021bi obi\u0219nui\u021bi atunci c\u00e2nd \u00eel atinge\u021bi \u0219i are o experien\u021b\u0103 de calitate superioar\u0103. \u021aes\u0103tura este fin\u0103 \u00een manoper\u0103, delicat\u0103 \u0219i confortabil\u0103 \u0219i nu are un sentiment r\u0103u, cum ar fi frecarea.<\/p>\n<p>Imprimare unic\u0103: Designul grafic imprimat ofer\u0103 un aspect elegant, inspirat de personajul t\u0103u anime preferat, la mod\u0103 \u0219i cool.<\/p>\n<p>Scenarii aplicabile: Pantalonii scur\u021bi 2-in-1 sunt potrivi\u021bi pentru uz casnic, alergare \u00een aer liber, sport, sal\u0103 de gimnastic\u0103, exerci\u021biu, yoga, plaj\u0103 \u0219i alte ocazii, cu confort ridicat, stil clasic \u0219i la mod\u0103.<\/p>\n<p>Sfaturi de sp\u0103lare: Poate fi sp\u0103lat manual sau la ma\u0219in\u0103. Culoarea nu va disp\u0103rea dup\u0103 cur\u0103\u021barea repetat\u0103. Nu \u00een\u0103lbiti.<br \/>\n<img decoding=\"async\" src=\"https:\/\/ae01.alicdn.com\/kf\/S7696f4a1b2a7483fbbfa3933408d6b6fz.jpg?width=606&amp;height=340&amp;hash=946\" alt=\"Standify Anime Dragon Ball Z figurine \u0219i Goku Suport pentru c\u0103\u0219ti\"><br \/>\n<img decoding=\"async\" src=\"https:\/\/ae01.alicdn.com\/kf\/Sfdae12f0a0b54f5ea6f1c6e12f26aebbB.jpg?width=800&amp;height=800&amp;hash=1600\" alt=\"Standify Anime Dragon Ball Z figurine \u0219i Goku Suport pentru c\u0103\u0219ti\"><br \/>\n<strong>. <\/strong> <img decoding=\"async\" src=\"https:\/\/ae01.alicdn.com\/kf\/Sb9bc18c5b15d4a6f89911f7bb4a35161d.jpg?width=800&amp;height=800&amp;hash=1600\" alt=\"Standify Anime Dragon Ball Z figurine \u0219i Goku Suport pentru c\u0103\u0219ti\">\u00a0<img decoding=\"async\" src=\"https:\/\/ae01.alicdn.com\/kf\/Sdae5e77c1f224ec2a2765f75c49da18aQ.jpg?width=750&amp;height=1333&amp;hash=2083\" alt=\"Standify Anime Dragon Ball Z figurine \u0219i Goku Suport pentru c\u0103\u0219ti\"> <img decoding=\"async\" src=\"https:\/\/ae01.alicdn.com\/kf\/S2b118ff0eeff486c81e12e57f35b580eH.jpg?width=800&amp;height=800&amp;hash=1600\" alt=\"Standify Anime Dragon Ball Z figurine \u0219i Goku Suport pentru c\u0103\u0219ti\"> <img decoding=\"async\" src=\"https:\/\/ae01.alicdn.com\/kf\/S93043a3799ce48549641fa1c266d6e2eI.jpg?width=800&amp;height=800&amp;hash=1600\" alt=\"Standify Anime Dragon Ball Z figurine \u0219i Goku Suport pentru c\u0103\u0219ti\"> <img decoding=\"async\" src=\"https:\/\/ae01.alicdn.com\/kf\/Sf06bec503a9a47389f8fc3b8ec2d225eU.jpg?width=800&amp;height=800&amp;hash=1600\" alt=\"Standify Anime Dragon Ball Z figurine \u0219i Goku Suport pentru c\u0103\u0219ti\"> <img decoding=\"async\" src=\"https:\/\/ae01.alicdn.com\/kf\/S4a24b1b0b9bd45dca0d8c52cedde39eaW.jpg?width=800&amp;height=800&amp;hash=1600\" alt=\"Standify Anime Dragon Ball Z figurine \u0219i Goku Suport pentru c\u0103\u0219ti\"><\/p>","protected":false},"excerpt":{"rendered":"<p>Material excep\u021bional: Pantalonii scur\u021bi pentru b\u0103rba\u021bi 2 \u00een 1 sunt confec\u021biona\u021bi din \u021bes\u0103tur\u0103 \u00eembun\u0103t\u0103\u021bit\u0103 din poliester + spandex, moale \u0219i confortabil\u0103.<\/p>","protected":false},"featured_media":14227,"comment_status":"open","ping_status":"closed","template":"","meta":[],"product_brand":[],"product_cat":[641,16,20],"product_tag":[],"class_list":{"0":"post-14281","1":"product","2":"type-product","3":"status-publish","4":"has-post-thumbnail","6":"product_cat-dragon-ball-z-super-saiyan","7":"product_cat-standify","8":"product_cat-apparel","10":"first","11":"instock","12":"sale","13":"taxable","14":"shipping-taxable","15":"purchasable","16":"product-type-variable"},"jetpack_sharing_enabled":true,"_links":{"self":[{"href":"https:\/\/standify.org\/ro\/wp-json\/wp\/v2\/product\/14281","targetHints":{"allow":["GET"]}}],"collection":[{"href":"https:\/\/standify.org\/ro\/wp-json\/wp\/v2\/product"}],"about":[{"href":"https:\/\/standify.org\/ro\/wp-json\/wp\/v2\/types\/product"}],"replies":[{"embeddable":true,"href":"https:\/\/standify.org\/ro\/wp-json\/wp\/v2\/comments?post=14281"}],"version-history":[{"count":0,"href":"https:\/\/standify.org\/ro\/wp-json\/wp\/v2\/product\/14281\/revisions"}],"wp:featuredmedia":[{"embeddable":true,"href":"https:\/\/standify.org\/ro\/wp-json\/wp\/v2\/media\/14227"}],"wp:attachment":[{"href":"https:\/\/standify.org\/ro\/wp-json\/wp\/v2\/media?parent=14281"}],"wp:term":[{"taxonomy":"product_brand","embeddable":true,"href":"https:\/\/standify.org\/ro\/wp-json\/wp\/v2\/product_brand?post=14281"},{"taxonomy":"product_cat","embeddable":true,"href":"https:\/\/standify.org\/ro\/wp-json\/wp\/v2\/product_cat?post=14281"},{"taxonomy":"product_tag","embeddable":true,"href":"https:\/\/standify.org\/ro\/wp-json\/wp\/v2\/product_tag?post=14281"}],"curies":[{"name":"wp","href":"https:\/\/api.w.org\/{rel}","templated":true}]}}