{"id":1376,"date":"2023-11-07T15:23:50","date_gmt":"2023-11-07T15:23:50","guid":{"rendered":"https:\/\/standify.org\/?product=pink-crystal-controller-stand"},"modified":"2024-11-19T03:38:31","modified_gmt":"2024-11-18T17:38:31","slug":"pink-crystal-controller-stand","status":"publish","type":"product","link":"https:\/\/standify.org\/ro\/shop\/pink-crystal-controller-stand\/","title":{"rendered":"Suport de controler de cristal roz"},"content":{"rendered":"<h1><\/h1>\n<p>Ridica\u021bi-v\u0103 configura\u021bia de gaming cu o not\u0103 de elegan\u021b\u0103 \u0219i fantezie - suportul de controler Pastel Pink Crystal este aici pentru a \u00eenc\u00e2nta! \ud83c\udfae\ud83d\udc96<\/p>\n<p><strong>Chic \u0219i puternic<\/strong> - Face\u021bi o vraj\u0103 pe biroul dvs. de jocuri cu frumuse\u021bea eteric\u0103 a acestui suport de cristal roz pastel. Imprimat 3D la perfec\u021biune, acesta \u00eembin\u0103 t\u0103r\u00e2murile fanteziei \u0219i func\u021biei, oferind un sanctuar durabil pentru controlerul t\u0103u.<\/p>\n<p><strong>\u00cenc\u00e2ntare universal\u0103<\/strong> - Realizat pentru a g\u0103zdui o varietate de controlere de pe toate consolele de jocuri, acest suport este la fel de versatil pe c\u00e2t este de uimitor. Echipamentul dvs. de jocuri va fi \u021binut \u00een siguran\u021b\u0103, \u00eenconjurat de \u00eembr\u0103\u021bi\u0219area bl\u00e2nd\u0103 a farmecului cristalin.<\/p>\n<p><strong>Magie de economisire a spa\u021biului<\/strong> - Designul s\u0103u compact asigur\u0103 c\u0103 se potrive\u0219te perfect \u00een spa\u021biul dvs. de joc, oferind un afi\u0219aj opulent f\u0103r\u0103 dezordine.<\/p>\n<p>Ad\u0103uga\u021bi un strop de culoare bl\u00e2nd\u0103 \u0219i farmec magic mediului dvs. de joc cu acest suport de controler de cristal roz pastel - unde designul \u00eent\u00e2lne\u0219te utilitatea \u00eentr-o fuziune de basm.<\/p>","protected":false},"excerpt":{"rendered":"<p>Elevate your gaming setup with a touch of elegance and whimsy \u2013 the Pastel Pink Crystal Controller Stand is here<\/p>","protected":false},"featured_media":1381,"comment_status":"open","ping_status":"closed","template":"","meta":[],"product_brand":[],"product_cat":[16],"product_tag":[22,24],"class_list":{"0":"post-1376","1":"product","2":"type-product","3":"status-publish","4":"has-post-thumbnail","6":"product_cat-standify","7":"product_tag-for-her","8":"product_tag-controller-stand","10":"first","11":"instock","12":"taxable","13":"shipping-taxable","14":"purchasable","15":"product-type-variable"},"jetpack_sharing_enabled":true,"_links":{"self":[{"href":"https:\/\/standify.org\/ro\/wp-json\/wp\/v2\/product\/1376","targetHints":{"allow":["GET"]}}],"collection":[{"href":"https:\/\/standify.org\/ro\/wp-json\/wp\/v2\/product"}],"about":[{"href":"https:\/\/standify.org\/ro\/wp-json\/wp\/v2\/types\/product"}],"replies":[{"embeddable":true,"href":"https:\/\/standify.org\/ro\/wp-json\/wp\/v2\/comments?post=1376"}],"version-history":[{"count":0,"href":"https:\/\/standify.org\/ro\/wp-json\/wp\/v2\/product\/1376\/revisions"}],"wp:featuredmedia":[{"embeddable":true,"href":"https:\/\/standify.org\/ro\/wp-json\/wp\/v2\/media\/1381"}],"wp:attachment":[{"href":"https:\/\/standify.org\/ro\/wp-json\/wp\/v2\/media?parent=1376"}],"wp:term":[{"taxonomy":"product_brand","embeddable":true,"href":"https:\/\/standify.org\/ro\/wp-json\/wp\/v2\/product_brand?post=1376"},{"taxonomy":"product_cat","embeddable":true,"href":"https:\/\/standify.org\/ro\/wp-json\/wp\/v2\/product_cat?post=1376"},{"taxonomy":"product_tag","embeddable":true,"href":"https:\/\/standify.org\/ro\/wp-json\/wp\/v2\/product_tag?post=1376"}],"curies":[{"name":"wp","href":"https:\/\/api.w.org\/{rel}","templated":true}]}}