{"id":13040,"date":"2024-05-05T16:34:57","date_gmt":"2024-05-05T06:34:57","guid":{"rendered":"https:\/\/standify.org\/?post_type=product&#038;p=13040"},"modified":"2025-11-07T00:00:38","modified_gmt":"2025-11-06T14:00:38","slug":"pokemon-friends-og-rug-switch-pikachu-charmander-bulbasaur-squirtle","status":"publish","type":"product","link":"https:\/\/standify.org\/ro\/shop\/pokemon-friends-og-rug-switch-pikachu-charmander-bulbasaur-squirtle\/","title":{"rendered":"Pok\u00e9mon Prieteni covor OG"},"content":{"rendered":"<p>P\u0103\u0219e\u0219te \u00eentr-o lume \u00een care aventura te a\u0219teapt\u0103 la fiecare col\u021b cu covorul nostru Pok\u00e9mon! \ud83c\udf1f Transform\u0103-\u021bi zona de joc \u00een cel mai tare c\u00e2mp de lupt\u0103 Pok\u00e9mon cu acest covor vibrant, inspirat de Nintendo Switch, cu \u00eendr\u0103gi\u021bii Pikachu, Charmander, Squirtle \u0219i Bulbasaur.<\/p>\n<h5>\ud83d\udc7e De ce s\u0103 te mul\u021bume\u0219ti cu ceva obi\u0219nuit c\u00e2nd po\u021bi juca \u00een stil mare?<\/h5>\n<ul>\n<li><strong>Design iconic<\/strong>: Bucur\u0103-te de prezen\u021ba personajelor preferate ale Pok\u00e9mon \u00een culori \u0219i detalii uimitoare.<\/li>\n<li><strong>Confort \u0219i stil<\/strong>: Fabricat cu materiale moi \u0219i durabile, este perfect pentru sesiuni lungi de jocuri.<\/li>\n<li><strong>Dimensiune versatil\u0103:<\/strong> Se potrive\u0219te perfect \u00een dormitor, camera de zi sau spa\u021biul de joc.<\/li>\n<\/ul>\n<p><strong>\ud83c\udf1f Ofert\u0103 special\u0103:<\/strong> Pentru o perioad\u0103 limitat\u0103 de timp, ia-\u021bi covorul Pok\u00e9mon la un pre\u021b redus \u0219i prime\u0219te un poster Pok\u00e9mon gratuit cu fiecare achizi\u021bie!<\/p>\n<p>Nu te limita la a juca jocul, tr\u0103ie\u0219te-l! Adu acas\u0103 magia Pok\u00e9mon \u0219i f\u0103 ca fiecare sesiune de joc s\u0103 fie legendar\u0103. F\u0103 clic mai jos pentru a comanda acum \u0219i transform\u0103-\u021bi camera \u00eentr-un paradis Pok\u00e9mon! \ud83c\udfae\u2728<\/p>\n<p>Comand\u0103 acum - Adu Pok\u00e9mon \u00een camera ta<\/p>","protected":false},"excerpt":{"rendered":"<p>\u2665\ufe0f Te face fericit<br \/>\n\u2600\ufe0f Adu-\u021bi prietenii din copil\u0103rie acas\u0103<br \/>\n\ud83c\udf08 Se simte at\u00e2t de moale<\/p>","protected":false},"featured_media":13045,"comment_status":"open","ping_status":"closed","template":"","meta":[],"product_brand":[],"product_cat":[443,861,16,28,20,141],"product_tag":[413,442],"class_list":{"0":"post-13040","1":"product","2":"type-product","3":"status-publish","4":"has-post-thumbnail","6":"product_cat-rugs","7":"product_cat-pokemon","8":"product_cat-standify","9":"product_cat-desk-pad","10":"product_cat-apparel","11":"product_cat-for-her","12":"product_tag-pokemon","13":"product_tag-rug","15":"first","16":"instock","17":"sale","18":"taxable","19":"shipping-taxable","20":"purchasable","21":"product-type-variable","22":"has-default-attributes"},"jetpack_sharing_enabled":true,"_links":{"self":[{"href":"https:\/\/standify.org\/ro\/wp-json\/wp\/v2\/product\/13040","targetHints":{"allow":["GET"]}}],"collection":[{"href":"https:\/\/standify.org\/ro\/wp-json\/wp\/v2\/product"}],"about":[{"href":"https:\/\/standify.org\/ro\/wp-json\/wp\/v2\/types\/product"}],"replies":[{"embeddable":true,"href":"https:\/\/standify.org\/ro\/wp-json\/wp\/v2\/comments?post=13040"}],"version-history":[{"count":1,"href":"https:\/\/standify.org\/ro\/wp-json\/wp\/v2\/product\/13040\/revisions"}],"predecessor-version":[{"id":33445,"href":"https:\/\/standify.org\/ro\/wp-json\/wp\/v2\/product\/13040\/revisions\/33445"}],"wp:featuredmedia":[{"embeddable":true,"href":"https:\/\/standify.org\/ro\/wp-json\/wp\/v2\/media\/13045"}],"wp:attachment":[{"href":"https:\/\/standify.org\/ro\/wp-json\/wp\/v2\/media?parent=13040"}],"wp:term":[{"taxonomy":"product_brand","embeddable":true,"href":"https:\/\/standify.org\/ro\/wp-json\/wp\/v2\/product_brand?post=13040"},{"taxonomy":"product_cat","embeddable":true,"href":"https:\/\/standify.org\/ro\/wp-json\/wp\/v2\/product_cat?post=13040"},{"taxonomy":"product_tag","embeddable":true,"href":"https:\/\/standify.org\/ro\/wp-json\/wp\/v2\/product_tag?post=13040"}],"curies":[{"name":"wp","href":"https:\/\/api.w.org\/{rel}","templated":true}]}}