{"id":1168,"date":"2024-02-28T13:13:24","date_gmt":"2024-02-28T13:13:24","guid":{"rendered":"https:\/\/standify.org\/?post_type=product&#038;p=1168"},"modified":"2026-04-06T04:20:03","modified_gmt":"2026-04-05T18:20:03","slug":"deskbuddy-fluffy-keyboard-rugs","status":"publish","type":"product","link":"https:\/\/standify.org\/ro\/shop\/deskbuddy-fluffy-keyboard-rugs\/","title":{"rendered":"DeskBuddy covoare pufoase pentru tastatur\u0103"},"content":{"rendered":"<p class=\"p1\">\ud83e\udd32 <strong>Artizanat de \u00eenalt\u0103 calitate realizat manual:<\/strong> Fiecare cus\u0103tur\u0103 este realizat\u0103 cu grij\u0103, asigur\u00e2nd un accesoriu durabil \u0219i frumos pentru biroul dumneavoastr\u0103. \ud83d\udee0\ufe0f<\/p>\n<p class=\"p1\"><span class=\"s1\"> \ud83e\uddf8 <strong>Moale \u0219i de sus\u021binere:<\/strong> Materialele de plu\u0219 v\u0103 m\u00e2ng\u00e2ie \u00eencheieturile m\u00e2inilor, reduc\u00e2nd oboseala \u0219i f\u0103c\u00e2nd fiecare minut petrecut la birou mai pl\u0103cut. \ud83c\udfae<\/span><\/p>\n<p class=\"p1\"><span class=\"s1\"> \ud83c\udfa8 <strong>Lucr\u0103ri artistice vibrante:<\/strong> Las\u0103-\u021bi biroul s\u0103 str\u0103luceasc\u0103 cu culorile \u0219i chipurile eroilor t\u0103i dragi din anime \u0219i Pok\u00e9mon! \ud83d\uddbc\ufe0f<\/span><\/p>\n<p class=\"p1\"><span class=\"s1\"> <a href=\"https:\/\/standify.org\/wp-content\/uploads\/2024\/02\/copy_611DF126-309E-4851-9F5D-3789E50B4C51-ezgif.com-video-to-webp-converter.webp\"><img fetchpriority=\"high\" decoding=\"async\" class=\"alignnone size-full wp-image-11660\" src=\"https:\/\/standify.org\/wp-content\/uploads\/2024\/02\/copy_611DF126-309E-4851-9F5D-3789E50B4C51-ezgif.com-video-to-webp-converter.webp\" alt=\"Standify Anime Dragon Ball Z figurine \u0219i Goku Suport pentru c\u0103\u0219ti\" width=\"500\" height=\"550\" srcset=\"https:\/\/standify.org\/wp-content\/uploads\/2024\/02\/copy_611DF126-309E-4851-9F5D-3789E50B4C51-ezgif.com-video-to-webp-converter.webp 500w, https:\/\/standify.org\/wp-content\/uploads\/2024\/02\/copy_611DF126-309E-4851-9F5D-3789E50B4C51-ezgif.com-video-to-webp-converter-273x300.webp 273w, https:\/\/standify.org\/wp-content\/uploads\/2024\/02\/copy_611DF126-309E-4851-9F5D-3789E50B4C51-ezgif.com-video-to-webp-converter-150x165.webp 150w\" sizes=\"(max-width: 500px) 100vw, 500px\" \/><\/a><\/span><\/p>\n<p class=\"p1\"><span class=\"s1\">\ud83d\udcd0 <strong>Dimensiunea perfect\u0103:<\/strong> Fits beautifully in any gaming or work setup, enhancing both aesthetics and comfort. \ud83c\udfe0<\/span><\/p>\n<p class=\"p1\"><span class=\"s1\"><a href=\"https:\/\/standify.org\/wp-content\/uploads\/2024\/02\/WhatsAppVideo2024-03-09at12.55.25_86e7e510-ezgif.com-video-to-webp-converter.webp\"><img decoding=\"async\" class=\"alignnone size-full wp-image-11662\" src=\"https:\/\/standify.org\/wp-content\/uploads\/2024\/02\/WhatsAppVideo2024-03-09at12.55.25_86e7e510-ezgif.com-video-to-webp-converter.webp\" alt=\"Standify Anime Dragon Ball Z figurine \u0219i Goku Suport pentru c\u0103\u0219ti\" width=\"360\" height=\"640\" srcset=\"https:\/\/standify.org\/wp-content\/uploads\/2024\/02\/WhatsAppVideo2024-03-09at12.55.25_86e7e510-ezgif.com-video-to-webp-converter.webp 360w, https:\/\/standify.org\/wp-content\/uploads\/2024\/02\/WhatsAppVideo2024-03-09at12.55.25_86e7e510-ezgif.com-video-to-webp-converter-169x300.webp 169w, https:\/\/standify.org\/wp-content\/uploads\/2024\/02\/WhatsAppVideo2024-03-09at12.55.25_86e7e510-ezgif.com-video-to-webp-converter-150x267.webp 150w\" sizes=\"(max-width: 360px) 100vw, 360px\" \/><\/a><\/span><\/p>\n<p class=\"p1\"><span class=\"s1\">\ud83d\udca1 <strong>De ce ar trebui s\u0103 lua\u021bi unul:<\/strong><\/span><\/p>\n<p class=\"p1\"><span class=\"s1\"> \ud83d\ude80 \u00cembun\u0103t\u0103\u021bi\u021bi-v\u0103 configura\u021bia de jocuri: Se potrive\u0219te perfect \u00een lumea ta de jocuri, ad\u0103ug\u00e2nd un fler func\u021bional care completeaz\u0103 sesiunile tale intense de jocuri. \ud83c\udf08<\/span><\/p>\n<p class=\"p1\"><span class=\"s1\"> \ud83c\udf89 Afi\u0219eaz\u0103-\u021bi fandomul: Perfect pentru a-\u021bi exprima dragostea pentru anime \u0219i Pok\u00e9mon, transform\u00e2ndu-\u021bi pasiunea \u00eentr-o s\u0103rb\u0103toare zilnic\u0103. \ud83c\udfc6<\/span><\/p>\n<p class=\"p1\"><span class=\"s1\"> \ud83c\udf81 Idee de cadou \u00eenc\u00e2nt\u0103toare: Surprinde\u021bi pasionatul de anime sau de jocuri din via\u021ba dvs. cu un cadou care este at\u00e2t atent, c\u00e2t \u0219i interesant. \ud83c\udf81<\/span><\/p>\n<p class=\"p1\"><span class=\"s1\">\ud83c\udf08 Imagineaz\u0103-\u021bi asta:<\/span><\/p>\n<p class=\"p1\"><span class=\"s1\">De fiecare dat\u0103 c\u00e2nd v\u0103 a\u0219eza\u021bi, acest covor de tastatur\u0103 v\u0103 \u00eent\u00e2mpin\u0103, transform\u00e2nd rutina \u00een bucurie. Fie c\u0103 te joci p\u00e2n\u0103 t\u00e2rziu \u00een noapte sau te ocupi de sarcini, adaug\u0103 o not\u0103 de fantezie \u0219i confort zilei tale. \u00cen\u0103l\u021ba\u021bi-v\u0103 biroul cu aceast\u0103 pies\u0103 de art\u0103 \u00eenc\u00e2nt\u0103toare \u0219i func\u021bional\u0103 \u0219i l\u0103sa\u021bi fiecare ap\u0103sare de tast\u0103 s\u0103 v\u0103 aduc\u0103 un z\u00e2mbet. \ud83d\ude0a<\/span><\/p>\n<p class=\"p1\"><span class=\"s1\">E\u0219ti gata s\u0103 faci din biroul t\u0103u punctul de atrac\u021bie al camerei tale? Adaug\u0103 acest covor \u00een co\u0219ul t\u0103u de cump\u0103r\u0103turi \u0219i \u00eencepe s\u0103 te bucuri de azi de o configura\u021bie mai colorat\u0103 \u0219i mai confortabil\u0103! \ud83c\udf1f<\/span><\/p>\n<p>&nbsp;<\/p>\n<p>&nbsp;<\/p>\n<p><a href=\"https:\/\/standify.org\/wp-content\/uploads\/2024\/02\/WhatsAppVideo2024-02-23at21.21.40_b54c580b-ezgif.com-video-to-webp-converter.webp\"><img decoding=\"async\" class=\"alignnone size-full wp-image-11663\" src=\"https:\/\/standify.org\/wp-content\/uploads\/2024\/02\/WhatsAppVideo2024-02-23at21.21.40_b54c580b-ezgif.com-video-to-webp-converter.webp\" alt=\"Standify Anime Dragon Ball Z figurine \u0219i Goku Suport pentru c\u0103\u0219ti\" width=\"360\" height=\"640\" srcset=\"https:\/\/standify.org\/wp-content\/uploads\/2024\/02\/WhatsAppVideo2024-02-23at21.21.40_b54c580b-ezgif.com-video-to-webp-converter.webp 360w, https:\/\/standify.org\/wp-content\/uploads\/2024\/02\/WhatsAppVideo2024-02-23at21.21.40_b54c580b-ezgif.com-video-to-webp-converter-169x300.webp 169w, https:\/\/standify.org\/wp-content\/uploads\/2024\/02\/WhatsAppVideo2024-02-23at21.21.40_b54c580b-ezgif.com-video-to-webp-converter-150x267.webp 150w\" sizes=\"(max-width: 360px) 100vw, 360px\" \/><\/a><\/p>","protected":false},"excerpt":{"rendered":"<p>\ud83c\udf08 F\u0103 din biroul t\u0103u un spa\u021biu fericit<br \/>\n\u2b50 Cadou uimitor<br \/>\n\ud83d\udc96 V\u0103 aduce bucurie zilnic\u0103<\/p>","protected":false},"featured_media":12676,"comment_status":"open","ping_status":"closed","template":"","meta":[],"product_brand":[],"product_cat":[199,16,28],"product_tag":[21,22],"class_list":{"0":"post-1168","1":"product","2":"type-product","3":"status-publish","4":"has-post-thumbnail","6":"product_cat-keyboard-rugs","7":"product_cat-standify","8":"product_cat-desk-pad","9":"product_tag-decoration","10":"product_tag-for-her","12":"first","13":"instock","14":"sale","15":"taxable","16":"shipping-taxable","17":"purchasable","18":"product-type-variable","19":"has-default-attributes"},"jetpack_sharing_enabled":true,"_links":{"self":[{"href":"https:\/\/standify.org\/ro\/wp-json\/wp\/v2\/product\/1168","targetHints":{"allow":["GET"]}}],"collection":[{"href":"https:\/\/standify.org\/ro\/wp-json\/wp\/v2\/product"}],"about":[{"href":"https:\/\/standify.org\/ro\/wp-json\/wp\/v2\/types\/product"}],"replies":[{"embeddable":true,"href":"https:\/\/standify.org\/ro\/wp-json\/wp\/v2\/comments?post=1168"}],"version-history":[{"count":3,"href":"https:\/\/standify.org\/ro\/wp-json\/wp\/v2\/product\/1168\/revisions"}],"predecessor-version":[{"id":18269,"href":"https:\/\/standify.org\/ro\/wp-json\/wp\/v2\/product\/1168\/revisions\/18269"}],"wp:featuredmedia":[{"embeddable":true,"href":"https:\/\/standify.org\/ro\/wp-json\/wp\/v2\/media\/12676"}],"wp:attachment":[{"href":"https:\/\/standify.org\/ro\/wp-json\/wp\/v2\/media?parent=1168"}],"wp:term":[{"taxonomy":"product_brand","embeddable":true,"href":"https:\/\/standify.org\/ro\/wp-json\/wp\/v2\/product_brand?post=1168"},{"taxonomy":"product_cat","embeddable":true,"href":"https:\/\/standify.org\/ro\/wp-json\/wp\/v2\/product_cat?post=1168"},{"taxonomy":"product_tag","embeddable":true,"href":"https:\/\/standify.org\/ro\/wp-json\/wp\/v2\/product_tag?post=1168"}],"curies":[{"name":"wp","href":"https:\/\/api.w.org\/{rel}","templated":true}]}}