{"id":965,"date":"2024-02-28T13:13:24","date_gmt":"2024-02-28T13:13:24","guid":{"rendered":"https:\/\/standify.org\/?post_type=product&#038;p=965"},"modified":"2026-04-06T13:35:40","modified_gmt":"2026-04-06T03:35:40","slug":"almofadas-de-mesa-dbz-premium-rgb-3mm-5-tamanhos","status":"publish","type":"product","link":"https:\/\/standify.org\/pt\/loja\/almofadas-de-mesa-dbz-premium-rgb-3mm-5-tamanhos\/","title":{"rendered":"Almofadas de mesa DBZ Premium RGB de 3 mm - 19 designs"},"content":{"rendered":"<p><img decoding=\"async\" src=\"https:\/\/cdn.shopify.com\/s\/files\/1\/0671\/5054\/5114\/files\/S018c21edb7a240aa8c1da772b569f841e_480x480.webp?v=1698503483\" alt=\"Standify Estatuetas do anime Dragon Ball Z e suporte para fone de ouvido Goku\"><\/p>\n<p>Mergulhe em uma dimens\u00e3o onde Dragon Ball Z converge com uma tecnologia inigual\u00e1vel. Apresentamos o nosso DBZ Premium RGB Desk Pads, uma for\u00e7a que far\u00e1 com que qualquer outro mouse pad pare\u00e7a insignificante!<\/p>\n<p><strong>Por que este \u00e9 O PAINEL DE ESCRIT\u00d3RIO a ser adquirido<\/strong>: \ud83d\udd25\u00a0<strong>Desenhos inigual\u00e1veis de DBZ<\/strong>: Escolha entre 19 designs personalizados exclusivos e de alta qualidade de tirar o f\u00f4lego. Mergulhe no poder de Goku, na ferocidade de Vegeta e na magia de DBZ, tornando sua mesa diferente de qualquer outra.<\/p>\n<p>\ud83c\udf0c\u00a0<strong>Brilho RGB<\/strong>: Sua mesa merece mais do que apenas um toque de cor. Experimente a sinfonia da ilumina\u00e7\u00e3o LED RGB personaliz\u00e1vel, meticulosamente projetada para definir o tom de cada humor e movimento.<\/p>\n<p>\ud83d\uddb1\ufe0f\u00a0<strong>O ep\u00edtome do desempenho<\/strong>: Esque\u00e7a aqueles mouse pads mais finos e inferiores que n\u00e3o conseguem acompanhar o ritmo. Com uma espessura premium de 3 mm, experimente um deslizamento amortecido a cada movimento do mouse, seja em um jogo intenso ou no trabalho.<\/p>\n<p>\u2728\u00a0<strong>Material de primeira linha<\/strong>: Fabricado com borracha de qualidade superior, n\u00e3o se trata apenas de est\u00e9tica. Desfrute da estabilidade com uma base antiderrapante e uma resili\u00eancia com a qual almofadas menores s\u00f3 podem sonhar.<\/p>\n<p><strong>Recursos que nenhum outro pode igualar<\/strong>:<\/p>\n<ul>\n<li><strong>Est\u00e9tica superior com luz de fundo e LED<\/strong>: Por que se contentar com o mundano quando voc\u00ea pode iluminar suas sess\u00f5es?<\/li>\n<li><strong>Acess\u00f3rios essenciais para jogos<\/strong>: Este n\u00e3o \u00e9 apenas um mouse pad; \u00e9 um divisor de \u00e1guas.<\/li>\n<li><strong>Anime no seu melhor<\/strong>: Exiba seu gosto superior e sua torcida com orgulho.<\/li>\n<li><strong>Tamanho e cobertura ideais<\/strong>: Diga adeus \u00e0s limita\u00e7\u00f5es dos pads menores e escorregadios.<\/li>\n<\/ul>\n<p><strong>Tamanhos personalizados para campe\u00f5es<\/strong>:<\/p>\n<ol>\n<li>RGB 300x600x3mm<\/li>\n<li>RGB 300x700x3mm<\/li>\n<li>RGB 250x350x3mm<\/li>\n<li>RGB 300x800x3mm<\/li>\n<li>RGB 400x900x3mm<\/li>\n<\/ol>\n<p>Por que ser comum quando voc\u00ea pode ascender \u00e0 elite? Com o DBZ Premium RGB Desk Pad, voc\u00ea n\u00e3o est\u00e1 apenas atualizando a sua configura\u00e7\u00e3o, est\u00e1 proclamando o seu status. Se voc\u00ea se contentar com menos do que isso, estar\u00e1 perdendo o melhor. Aproveite o momento e deixe sua mesa irradiar um poder inigual\u00e1vel! \ud83c\udf1f\ud83d\udc09<\/p>","protected":false},"excerpt":{"rendered":"<p><strong>\u2b50 Super Plush<br \/>\nMateriais de alta qualidade<br \/>\nPresente incr\u00edvel<\/strong><\/p>","protected":false},"featured_media":1061,"comment_status":"open","ping_status":"closed","template":"","meta":[],"product_brand":[],"product_cat":[641,16,28],"product_tag":[26,27,21],"class_list":{"0":"post-965","1":"product","2":"type-product","3":"status-publish","4":"has-post-thumbnail","6":"product_cat-dragon-ball-z-super-saiyan","7":"product_cat-standify","8":"product_cat-desk-pad","9":"product_tag-desk-pads","10":"product_tag-upsell","11":"product_tag-decoration","13":"first","14":"instock","15":"taxable","16":"shipping-taxable","17":"purchasable","18":"product-type-variable","19":"has-default-attributes"},"jetpack_sharing_enabled":true,"_links":{"self":[{"href":"https:\/\/standify.org\/pt\/wp-json\/wp\/v2\/product\/965","targetHints":{"allow":["GET"]}}],"collection":[{"href":"https:\/\/standify.org\/pt\/wp-json\/wp\/v2\/product"}],"about":[{"href":"https:\/\/standify.org\/pt\/wp-json\/wp\/v2\/types\/product"}],"replies":[{"embeddable":true,"href":"https:\/\/standify.org\/pt\/wp-json\/wp\/v2\/comments?post=965"}],"version-history":[{"count":1,"href":"https:\/\/standify.org\/pt\/wp-json\/wp\/v2\/product\/965\/revisions"}],"predecessor-version":[{"id":16446,"href":"https:\/\/standify.org\/pt\/wp-json\/wp\/v2\/product\/965\/revisions\/16446"}],"wp:featuredmedia":[{"embeddable":true,"href":"https:\/\/standify.org\/pt\/wp-json\/wp\/v2\/media\/1061"}],"wp:attachment":[{"href":"https:\/\/standify.org\/pt\/wp-json\/wp\/v2\/media?parent=965"}],"wp:term":[{"taxonomy":"product_brand","embeddable":true,"href":"https:\/\/standify.org\/pt\/wp-json\/wp\/v2\/product_brand?post=965"},{"taxonomy":"product_cat","embeddable":true,"href":"https:\/\/standify.org\/pt\/wp-json\/wp\/v2\/product_cat?post=965"},{"taxonomy":"product_tag","embeddable":true,"href":"https:\/\/standify.org\/pt\/wp-json\/wp\/v2\/product_tag?post=965"}],"curies":[{"name":"wp","href":"https:\/\/api.w.org\/{rel}","templated":true}]}}