{"id":464,"date":"2023-11-07T15:03:41","date_gmt":"2023-11-07T15:03:41","guid":{"rendered":"https:\/\/standify.org\/?product=controller-stand-zombie-hand"},"modified":"2025-12-17T03:35:32","modified_gmt":"2025-12-16T17:35:32","slug":"suporte-do-controlador-mao-de-zumbi","status":"publish","type":"product","link":"https:\/\/standify.org\/pt\/loja\/suporte-do-controlador-mao-de-zumbi\/","title":{"rendered":"Suporte para controlador Zombie Hand"},"content":{"rendered":"<p>Liberte os mortos-vivos para organizar seu equipamento de jogos com o Zombie Hand - o mais moderno controle e suporte para fones de ouvido que promete dar vida \u00e0 sua esta\u00e7\u00e3o de jogos!<\/p>\n<p>\ud83c\udfae <strong>Suporte para fone de ouvido - o guardi\u00e3o do seu equipamento<\/strong> Aprimore seu jogo com um suporte que n\u00e3o \u00e9 apenas funcional, mas tamb\u00e9m extremamente elegante. Esse n\u00e3o \u00e9 apenas um lugar para pendurar o fone de ouvido ap\u00f3s uma sess\u00e3o exaustiva de jogos; \u00e9 uma declara\u00e7\u00e3o. Um farol na noite que grita: \"Bem jogado!\" Deixe que essa m\u00e3o de zumbi se erga das profundezas da sua mesa para abrigar seus fones de ouvido, mantendo-os intactos, desembara\u00e7ados e sempre ao seu alcance.<\/p>\n<p>\ud83c\udfa7 <strong>Controller Haven - Abrace as garras dos mortos-vivos<\/strong> N\u00e3o tenha medo, pois este suporte n\u00e3o discrimina; \u00e9 um suporte de oportunidades iguais. Seja para Xbox, PlayStation ou Switch, deixe que esta m\u00e3o pegue o seu controle, mantendo-o erguido e orgulhoso. Fabricado em resina resistente e meticulosamente pintado \u00e0 m\u00e3o, este n\u00e3o \u00e9 apenas um suporte - \u00e9 uma pe\u00e7a de trof\u00e9u que \u00e9 o testemunho de in\u00fameras batalhas e vit\u00f3rias. Ele n\u00e3o foi apenas constru\u00eddo - foi forjado para a eternidade, prometendo apoio inabal\u00e1vel \u00e0s suas mais nobres ferramentas de trabalho.<\/p>\n<p>\ud83c\udfae <strong>Suporte para telefone - Sua tecnologia, agarrada pelos mortos<\/strong> J\u00e1 pensou que seu telefone poderia ter um toque macabro? N\u00e3o precisa mais procurar. Este suporte segura seu dispositivo m\u00f3vel com as m\u00e3os frias e mortas do apocalipse, garantindo que, mesmo no calor da batalha, voc\u00ea tenha uma vis\u00e3o clara da tela. iPhone ou Samsung, Google ou qualquer outro - com ou sem capa - este zumbi n\u00e3o julga. Ele apenas segura... implacavelmente.<\/p>\n<p>\ud83c\udfa7 <strong>The Gift of the Grave - Surpresa sobrenatural para gamers<\/strong> Procurando o presente perfeito para impressionar um aficionado por jogos? O Zombie Hand vem em uma embalagem projetada com tanto cuidado quanto o pr\u00f3prio suporte, garantindo que ele chegue da vida ap\u00f3s a morte at\u00e9 a sua porta em condi\u00e7\u00f5es impec\u00e1veis. Com dimens\u00f5es de 17x27x18,5 cm, \u00e9 o local de descanso ideal para os controles oficiais do PS5, XBOX Series X|S e a maioria dos fones de ouvido do mercado.<\/p>\n<p>Atreva-se a adicionar um toque extraordin\u00e1rio \u00e0 sua configura\u00e7\u00e3o com este acess\u00f3rio de jogo exclusivo. Cada olhar para a Zombie Hand o lembrar\u00e1 de que, no mundo dos jogadores comuns, voc\u00ea \u00e9 o sobrevivente, o \u00faltimo sobrevivente, a inveja da horda.<\/p>","protected":false},"excerpt":{"rendered":"<p>Liberte os mortos-vivos para organizar seu equipamento de jogos com o Zombie Hand - o suporte definitivo para controle e fone de ouvido que<\/p>","protected":false},"featured_media":466,"comment_status":"open","ping_status":"closed","template":"","meta":[],"product_brand":[],"product_cat":[16,25],"product_tag":[24],"class_list":{"0":"post-464","1":"product","2":"type-product","3":"status-publish","4":"has-post-thumbnail","6":"product_cat-standify","7":"product_cat-controller-stand","8":"product_tag-controller-stand","10":"first","11":"instock","12":"sale","13":"taxable","14":"shipping-taxable","15":"purchasable","16":"product-type-simple"},"jetpack_sharing_enabled":true,"_links":{"self":[{"href":"https:\/\/standify.org\/pt\/wp-json\/wp\/v2\/product\/464","targetHints":{"allow":["GET"]}}],"collection":[{"href":"https:\/\/standify.org\/pt\/wp-json\/wp\/v2\/product"}],"about":[{"href":"https:\/\/standify.org\/pt\/wp-json\/wp\/v2\/types\/product"}],"replies":[{"embeddable":true,"href":"https:\/\/standify.org\/pt\/wp-json\/wp\/v2\/comments?post=464"}],"version-history":[{"count":0,"href":"https:\/\/standify.org\/pt\/wp-json\/wp\/v2\/product\/464\/revisions"}],"wp:featuredmedia":[{"embeddable":true,"href":"https:\/\/standify.org\/pt\/wp-json\/wp\/v2\/media\/466"}],"wp:attachment":[{"href":"https:\/\/standify.org\/pt\/wp-json\/wp\/v2\/media?parent=464"}],"wp:term":[{"taxonomy":"product_brand","embeddable":true,"href":"https:\/\/standify.org\/pt\/wp-json\/wp\/v2\/product_brand?post=464"},{"taxonomy":"product_cat","embeddable":true,"href":"https:\/\/standify.org\/pt\/wp-json\/wp\/v2\/product_cat?post=464"},{"taxonomy":"product_tag","embeddable":true,"href":"https:\/\/standify.org\/pt\/wp-json\/wp\/v2\/product_tag?post=464"}],"curies":[{"name":"wp","href":"https:\/\/api.w.org\/{rel}","templated":true}]}}