{"id":320,"date":"2024-03-07T12:25:14","date_gmt":"2024-03-07T12:25:14","guid":{"rendered":"https:\/\/standify.org\/?post_type=product&#038;p=320"},"modified":"2025-11-08T14:21:42","modified_gmt":"2025-11-08T04:21:42","slug":"7-6cm-dbz-crystal-ball-anime-figure-1-2-3-4-5-6-7-star-shenron-wish-balls-cosplay-props-collectible-desktop-decoration-toys","status":"publish","type":"product","link":"https:\/\/standify.org\/pt\/loja\/7-6cm-dbz-crystal-ball-anime-figure-1-2-3-4-5-6-7-star-shenron-wish-balls-cosplay-props-collectible-desktop-decoration-toys\/","title":{"rendered":"Bolas de drag\u00e3o de cristal de 3 polegadas"},"content":{"rendered":"<p><strong>Liberte o poder do drag\u00e3o: Dragon Balls de 3 polegadas<\/strong><\/p>\n<p>Embarque em uma jornada m\u00edstica com nossas exclusivas Glass Dragon Balls de 3\u2033. Fabricadas com perfei\u00e7\u00e3o, essas esferas invocam a ess\u00eancia de lendas antigas diretamente em sua sala de estar.<\/p>\n<p><strong>Principais recursos:<\/strong><\/p>\n<ul>\n<li>\ud83c\udf1f <strong>Qualidade Premium:<\/strong> Cada bola \u00e9 feita com vidro dur\u00e1vel de alta qualidade para uma presen\u00e7a m\u00edstica duradoura.<\/li>\n<li>\u2728 <strong>Design ic\u00f4nico:<\/strong> Tonalidade laranja vibrante com o cl\u00e1ssico design de estrela vermelha, dispon\u00edvel de uma a sete estrelas.<\/li>\n<li>\ud83d\udccf <strong>Tamanho perfeito:<\/strong> Com 3 polegadas de di\u00e2metro, eles s\u00e3o um objeto de cole\u00e7\u00e3o ideal que n\u00e3o ocupa muito espa\u00e7o.<\/li>\n<\/ul>\n<p><strong>Benef\u00edcios:<\/strong><\/p>\n<ul>\n<li>\ud83c\udf81 <strong>\u00d3timo para presentear:<\/strong> Um item indispens\u00e1vel para qualquer entusiasta, perfeito para anivers\u00e1rios, feriados ou como uma surpresa para os f\u00e3s em sua vida.<\/li>\n<li>\ud83c\udfa8 <strong>Apelo decorativo:<\/strong> Adiciona um toque de magia a qualquer c\u00f4modo, prateleira ou escrivaninha.<\/li>\n<li>\ud83d\udcda <strong>Charm colecion\u00e1vel:<\/strong> N\u00e3o importa se voc\u00ea est\u00e1 em uma miss\u00e3o para colecionar todos os sete ou apenas o seu n\u00famero favorito, essas bolas s\u00e3o uma adi\u00e7\u00e3o impressionante a qualquer conjunto.<\/li>\n<\/ul>\n<p><strong>Como usar:<\/strong><\/p>\n<ol>\n<li>Exiba-os com orgulho na caixa.<\/li>\n<li>Incorpore-as em suas pr\u00e1ticas de medita\u00e7\u00e3o ou de aten\u00e7\u00e3o plena.<\/li>\n<li>Use-os como pesos de papel ou enfeites de mesa para inspirar suas aventuras di\u00e1rias.<\/li>\n<\/ol>\n<p>\u26a0\ufe0f <strong>Observe:<\/strong> Embora essas Glass Dragon Balls possam n\u00e3o convocar um drag\u00e3o de verdade, elas certamente invocar\u00e3o um senso de admira\u00e7\u00e3o e aventura em todos que as virem.<\/p>","protected":false},"excerpt":{"rendered":"<p>Unleash the Power of the Dragon: 3&#8243; Dragon Balls \ud83d\udc09 Embark on a mystical journey with our exclusive 3&#8243; Glass<\/p>","protected":false},"featured_media":336,"comment_status":"open","ping_status":"closed","template":"","meta":[],"product_brand":[],"product_cat":[641,16,183],"product_tag":[],"class_list":{"0":"post-320","1":"product","2":"type-product","3":"status-publish","4":"has-post-thumbnail","6":"product_cat-dragon-ball-z-super-saiyan","7":"product_cat-standify","8":"product_cat-featured-items","10":"first","11":"instock","12":"taxable","13":"shipping-taxable","14":"purchasable","15":"product-type-variable"},"jetpack_sharing_enabled":true,"_links":{"self":[{"href":"https:\/\/standify.org\/pt\/wp-json\/wp\/v2\/product\/320","targetHints":{"allow":["GET"]}}],"collection":[{"href":"https:\/\/standify.org\/pt\/wp-json\/wp\/v2\/product"}],"about":[{"href":"https:\/\/standify.org\/pt\/wp-json\/wp\/v2\/types\/product"}],"replies":[{"embeddable":true,"href":"https:\/\/standify.org\/pt\/wp-json\/wp\/v2\/comments?post=320"}],"version-history":[{"count":0,"href":"https:\/\/standify.org\/pt\/wp-json\/wp\/v2\/product\/320\/revisions"}],"wp:featuredmedia":[{"embeddable":true,"href":"https:\/\/standify.org\/pt\/wp-json\/wp\/v2\/media\/336"}],"wp:attachment":[{"href":"https:\/\/standify.org\/pt\/wp-json\/wp\/v2\/media?parent=320"}],"wp:term":[{"taxonomy":"product_brand","embeddable":true,"href":"https:\/\/standify.org\/pt\/wp-json\/wp\/v2\/product_brand?post=320"},{"taxonomy":"product_cat","embeddable":true,"href":"https:\/\/standify.org\/pt\/wp-json\/wp\/v2\/product_cat?post=320"},{"taxonomy":"product_tag","embeddable":true,"href":"https:\/\/standify.org\/pt\/wp-json\/wp\/v2\/product_tag?post=320"}],"curies":[{"name":"wp","href":"https:\/\/api.w.org\/{rel}","templated":true}]}}