{"id":31887,"date":"2025-07-16T22:07:05","date_gmt":"2025-07-16T12:07:05","guid":{"rendered":"https:\/\/standify.org\/shop\/lapras-controller-stand\/"},"modified":"2025-09-18T01:19:25","modified_gmt":"2025-09-17T15:19:25","slug":"lapras-controller-stand","status":"publish","type":"product","link":"https:\/\/standify.org\/pt\/loja\/lapras-controller-stand\/","title":{"rendered":"Suporte para controlador Lapras"},"content":{"rendered":"<p><em>Parta para uma organiza\u00e7\u00e3o carregada de nostalgia.<\/em><\/p>\n<p>Lembra-se da emo\u00e7\u00e3o de deslizar por \u00e1guas cristalinas nas costas de Lapras? Agora, esse mesmo gigante gentil est\u00e1 pronto para proteger a \u00fanica coisa que impulsiona cada miss\u00e3o \u00e9pica - o seu controle. Encaixe-o entre as batalhas, mantenha a sua mesa com a suavidade das ondas e deixe que cada olhar o lembre por que voc\u00ea se apaixonou pelos jogos em primeiro lugar.<\/p>\n<p>Por que os instrutores adoram<\/p>\n<ul>\n<li><strong>Suporte universal \u00e0 prova de oscila\u00e7\u00f5es<\/strong> - moldado para ser usado no Switch Pro, PS5 DualSense, Xbox Series X|S e na maioria dos pads de outros fabricantes, sem que haja tombamento.<\/li>\n<li><strong>Pronta para presentear <\/strong>- desperta alegria instant\u00e2nea no momento em que \u00e9 desembrulhado.<\/li>\n<\/ul>\n<p>Criado para jogadores, com o apoio de treinadores<\/p>\n<p>Criamos esse suporte para os jogadores que odeiam a bagun\u00e7a tanto quanto gostam de aventura. O resultado? Menos caos na mesa, mais orgulho de sua configura\u00e7\u00e3o e um toque di\u00e1rio de maravilha da inf\u00e2ncia. Se o Lapras n\u00e3o o fizer sorrir toda vez que voc\u00ea se sentar para jogar, voc\u00ea estar\u00e1 coberto pela nossa garantia de reembolso de 30 dias \u201cIndigo Plateau\u201d, sem perguntas.<\/p>\n<blockquote><p>\u201cFicou incr\u00edvel na minha battlestation e finalmente impediu que meu Pro Controller rolasse no ch\u00e3o.\u201d - Jess, instrutor verificado \u2b50\u2b50\u2b50\u2b50\u2b50<\/p><\/blockquote>\n<hr \/>\n<h3>Pegue o seu antes que ele nade para longe<\/h3>\n<p>Esta \u00e9 uma tiragem pequena, feita por f\u00e3s (n\u00e3o afiliados \u00e0 Nintendo), e cada onda se esgota rapidamente. Adicionar <em>dois<\/em> em seu carrinho de compras e n\u00f3s automaticamente levaremos <strong>10% desligado<\/strong>-para que o Jogador 2 nunca se sinta deixado para tr\u00e1s.<\/p>\n<p><strong>Pronto para arrumar sua mesa e reviver a magia?<\/strong><br \/>\nAcertar <strong>ADICIONAR AO CARRINHO<\/strong> agora e deixe que o Lapras cuide de sua pr\u00f3xima aventura.<\/p>","protected":false},"excerpt":{"rendered":"<p>Navegue para uma organiza\u00e7\u00e3o cheia de nostalgia. Voc\u00ea se lembra da emo\u00e7\u00e3o de deslizar por \u00e1guas cristalinas no dorso de um Lapras? Agora que<\/p>","protected":false},"featured_media":31874,"comment_status":"open","ping_status":"closed","template":"","meta":[],"product_brand":[],"product_cat":[25],"product_tag":[21,24,413],"class_list":{"0":"post-31887","1":"product","2":"type-product","3":"status-publish","4":"has-post-thumbnail","6":"product_cat-controller-stand","7":"product_tag-decoration","8":"product_tag-controller-stand","9":"product_tag-pokemon","11":"first","12":"instock","13":"sale","14":"taxable","15":"shipping-taxable","16":"purchasable","17":"product-type-simple"},"jetpack_sharing_enabled":true,"_links":{"self":[{"href":"https:\/\/standify.org\/pt\/wp-json\/wp\/v2\/product\/31887","targetHints":{"allow":["GET"]}}],"collection":[{"href":"https:\/\/standify.org\/pt\/wp-json\/wp\/v2\/product"}],"about":[{"href":"https:\/\/standify.org\/pt\/wp-json\/wp\/v2\/types\/product"}],"replies":[{"embeddable":true,"href":"https:\/\/standify.org\/pt\/wp-json\/wp\/v2\/comments?post=31887"}],"version-history":[{"count":2,"href":"https:\/\/standify.org\/pt\/wp-json\/wp\/v2\/product\/31887\/revisions"}],"predecessor-version":[{"id":32807,"href":"https:\/\/standify.org\/pt\/wp-json\/wp\/v2\/product\/31887\/revisions\/32807"}],"wp:featuredmedia":[{"embeddable":true,"href":"https:\/\/standify.org\/pt\/wp-json\/wp\/v2\/media\/31874"}],"wp:attachment":[{"href":"https:\/\/standify.org\/pt\/wp-json\/wp\/v2\/media?parent=31887"}],"wp:term":[{"taxonomy":"product_brand","embeddable":true,"href":"https:\/\/standify.org\/pt\/wp-json\/wp\/v2\/product_brand?post=31887"},{"taxonomy":"product_cat","embeddable":true,"href":"https:\/\/standify.org\/pt\/wp-json\/wp\/v2\/product_cat?post=31887"},{"taxonomy":"product_tag","embeddable":true,"href":"https:\/\/standify.org\/pt\/wp-json\/wp\/v2\/product_tag?post=31887"}],"curies":[{"name":"wp","href":"https:\/\/api.w.org\/{rel}","templated":true}]}}