{"id":230,"date":"2023-12-17T15:37:38","date_gmt":"2023-12-17T15:37:38","guid":{"rendered":"https:\/\/standify.org\/?product=2024-orange-sneakers"},"modified":"2025-12-15T03:32:21","modified_gmt":"2025-12-14T17:32:21","slug":"2024-dbz-sneakers","status":"publish","type":"product","link":"https:\/\/standify.org\/pt\/loja\/2024-dbz-sneakers\/","title":{"rendered":"2026 T\u00eanis laranja"},"content":{"rendered":"<p data-mce-fragment=\"1\">Liberte seu Saiyan interior com esses t\u00eanis \u00e9picos \ud83d\udc5f! Calce os sapatos do seu her\u00f3i, literalmente, com esses t\u00eanis cheios de energia projetados para os maiores f\u00e3s de anime. Escolha sua aura de guerreiro com tr\u00eas cores eletrizantes:<\/p>\n<p data-mce-fragment=\"1\">Laranja - T\u00e3o ardente quanto o esp\u00edrito de um guerreiro!<br \/>\n\ud83c\udf1f Branco - T\u00e3o puro quanto o cora\u00e7\u00e3o de nosso her\u00f3i!<br \/>\nPreto - T\u00e3o intenso quanto sua determina\u00e7\u00e3o!<\/p>\n<p data-mce-fragment=\"1\">Lista de recursos:<\/p>\n<ul data-mce-fragment=\"1\">\n<li data-mce-fragment=\"1\"><strong data-mce-fragment=\"1\">Ajuste ultraconfort\u00e1vel:<\/strong> Projetado para longas batalhas (ou apenas para o conforto durante o dia)!<\/li>\n<li data-mce-fragment=\"1\"><strong data-mce-fragment=\"1\">Instant Power-Up:<\/strong> Design f\u00e1cil de cal\u00e7ar com cadar\u00e7os el\u00e1sticos para um impulso r\u00e1pido.<\/li>\n<li data-mce-fragment=\"1\"><strong data-mce-fragment=\"1\">Material dur\u00e1vel do drag\u00e3o:<\/strong> Criado para suportar as sess\u00f5es de treinamento mais dif\u00edceis.<\/li>\n<li data-mce-fragment=\"1\"><strong data-mce-fragment=\"1\">Design ic\u00f4nico:<\/strong> Apresenta um emblema para canalizar seu Z Fighter interior.<\/li>\n<\/ul>\n<p data-mce-fragment=\"1\">Seja na academia, nas ruas ou apenas relaxando na Kame House, esses t\u00eanis s\u00e3o a combina\u00e7\u00e3o perfeita de estilo, conforto e fandom. Adicione-o \u00e0 sua cole\u00e7\u00e3o e esteja pronto para se tornar um Saiyan a qualquer momento! \ud83d\udc09<\/p>\n<p data-mce-fragment=\"1\">Os tamanhos s\u00e3o limitados, e os f\u00e3s est\u00e3o correndo para conseguir o seu. N\u00e3o espere pelo pr\u00f3ximo epis\u00f3dio; pegue seu t\u00eanis hoje mesmo e conquiste seu mundo com a confian\u00e7a de um her\u00f3i! \ud83c\udf0d\u2728<\/p>","protected":false},"excerpt":{"rendered":"<p>Unleash your inner Saiyan with these epic Sneakers \ud83d\udc5f! Step into your heroes shoes, quite literally, with these power-packed kicks<\/p>","protected":false},"featured_media":252,"comment_status":"open","ping_status":"closed","template":"","meta":[],"product_brand":[],"product_cat":[641,16,20],"product_tag":[19],"class_list":{"0":"post-230","1":"product","2":"type-product","3":"status-publish","4":"has-post-thumbnail","6":"product_cat-dragon-ball-z-super-saiyan","7":"product_cat-standify","8":"product_cat-apparel","9":"product_tag-clothing","11":"first","12":"instock","13":"taxable","14":"shipping-taxable","15":"purchasable","16":"product-type-variable","17":"has-default-attributes"},"jetpack_sharing_enabled":true,"_links":{"self":[{"href":"https:\/\/standify.org\/pt\/wp-json\/wp\/v2\/product\/230","targetHints":{"allow":["GET"]}}],"collection":[{"href":"https:\/\/standify.org\/pt\/wp-json\/wp\/v2\/product"}],"about":[{"href":"https:\/\/standify.org\/pt\/wp-json\/wp\/v2\/types\/product"}],"replies":[{"embeddable":true,"href":"https:\/\/standify.org\/pt\/wp-json\/wp\/v2\/comments?post=230"}],"version-history":[{"count":2,"href":"https:\/\/standify.org\/pt\/wp-json\/wp\/v2\/product\/230\/revisions"}],"predecessor-version":[{"id":36689,"href":"https:\/\/standify.org\/pt\/wp-json\/wp\/v2\/product\/230\/revisions\/36689"}],"wp:featuredmedia":[{"embeddable":true,"href":"https:\/\/standify.org\/pt\/wp-json\/wp\/v2\/media\/252"}],"wp:attachment":[{"href":"https:\/\/standify.org\/pt\/wp-json\/wp\/v2\/media?parent=230"}],"wp:term":[{"taxonomy":"product_brand","embeddable":true,"href":"https:\/\/standify.org\/pt\/wp-json\/wp\/v2\/product_brand?post=230"},{"taxonomy":"product_cat","embeddable":true,"href":"https:\/\/standify.org\/pt\/wp-json\/wp\/v2\/product_cat?post=230"},{"taxonomy":"product_tag","embeddable":true,"href":"https:\/\/standify.org\/pt\/wp-json\/wp\/v2\/product_tag?post=230"}],"curies":[{"name":"wp","href":"https:\/\/api.w.org\/{rel}","templated":true}]}}