{"id":17546,"date":"2024-11-05T01:02:26","date_gmt":"2024-11-04T15:02:26","guid":{"rendered":"https:\/\/standify.org\/shop\/dbz-printed-drawstring-backpack-bag\/"},"modified":"2024-12-25T23:20:51","modified_gmt":"2024-12-25T13:20:51","slug":"dbz-printed-drawstring-backpack-bag","status":"publish","type":"product","link":"https:\/\/standify.org\/pt\/loja\/dbz-printed-drawstring-backpack-bag\/","title":{"rendered":"Mochila de cord\u00e3o com estampa DBZ"},"content":{"rendered":"<p><strong>Mochila com cord\u00e3o impressa de Dragon Ball Z \ud83d\udd25 Bolsa \ud83d\udd25<\/strong><\/p>\n<p>Liberte seu Saiyan interior com este \u00e9pico <em>Dragon Ball Z<\/em> mochila com cord\u00e3o! Perfeita para os f\u00e3s que querem carregar o poder de Goku, Vegeta e da equipe DBZ para onde quer que v\u00e3o. Essa bolsa n\u00e3o \u00e9 apenas funcional - \u00e9 uma declara\u00e7\u00e3o ousada para qualquer amante de anime. \ud83c\udf92<\/p>\n<ul>\n<li><strong>Arte em negrito de DBZ<\/strong>: Mostre gr\u00e1ficos impressionantes com transforma\u00e7\u00f5es de Super Saiyan e cenas de a\u00e7\u00e3o intensas que chamam a aten\u00e7\u00e3o.<\/li>\n<li><strong>Leve e dur\u00e1vel<\/strong>: Feito de material resistente e de alta qualidade para suportar todas as suas aventuras.<\/li>\n<li><strong>Fechamento f\u00e1cil com cord\u00e3o<\/strong>: O design simples de abrir e fechar permite acesso r\u00e1pido ao seu equipamento.<\/li>\n<li><strong>Uso multiuso<\/strong>: Ideal para a escola, academia, viagens ou apenas para mostrar seu amor por <em>Dragon Ball Z<\/em>.<\/li>\n<\/ul>\n<p><strong>ADQUIRA O SEU HOJE MESMO!<\/strong> Leve o esp\u00edrito Saiyan com voc\u00ea aonde quer que voc\u00ea v\u00e1! \ud83d\udc09\u2728<\/p>","protected":false},"excerpt":{"rendered":"<p>Mochila com cord\u00e3o impressa Dragon Ball Z \ud83d\udd25 Liberte seu Saiyan interior com esta \u00e9pica mochila com cord\u00e3o Dragon Ball Z<\/p>","protected":false},"featured_media":17539,"comment_status":"open","ping_status":"closed","template":"","meta":[],"product_brand":[],"product_cat":[641,20],"product_tag":[143],"class_list":{"0":"post-17546","1":"product","2":"type-product","3":"status-publish","4":"has-post-thumbnail","6":"product_cat-dragon-ball-z-super-saiyan","7":"product_cat-apparel","8":"product_tag-dbz","10":"first","11":"instock","12":"sale","13":"taxable","14":"shipping-taxable","15":"purchasable","16":"product-type-variable"},"jetpack_sharing_enabled":true,"_links":{"self":[{"href":"https:\/\/standify.org\/pt\/wp-json\/wp\/v2\/product\/17546","targetHints":{"allow":["GET"]}}],"collection":[{"href":"https:\/\/standify.org\/pt\/wp-json\/wp\/v2\/product"}],"about":[{"href":"https:\/\/standify.org\/pt\/wp-json\/wp\/v2\/types\/product"}],"replies":[{"embeddable":true,"href":"https:\/\/standify.org\/pt\/wp-json\/wp\/v2\/comments?post=17546"}],"version-history":[{"count":1,"href":"https:\/\/standify.org\/pt\/wp-json\/wp\/v2\/product\/17546\/revisions"}],"predecessor-version":[{"id":17878,"href":"https:\/\/standify.org\/pt\/wp-json\/wp\/v2\/product\/17546\/revisions\/17878"}],"wp:featuredmedia":[{"embeddable":true,"href":"https:\/\/standify.org\/pt\/wp-json\/wp\/v2\/media\/17539"}],"wp:attachment":[{"href":"https:\/\/standify.org\/pt\/wp-json\/wp\/v2\/media?parent=17546"}],"wp:term":[{"taxonomy":"product_brand","embeddable":true,"href":"https:\/\/standify.org\/pt\/wp-json\/wp\/v2\/product_brand?post=17546"},{"taxonomy":"product_cat","embeddable":true,"href":"https:\/\/standify.org\/pt\/wp-json\/wp\/v2\/product_cat?post=17546"},{"taxonomy":"product_tag","embeddable":true,"href":"https:\/\/standify.org\/pt\/wp-json\/wp\/v2\/product_tag?post=17546"}],"curies":[{"name":"wp","href":"https:\/\/api.w.org\/{rel}","templated":true}]}}