{"id":1696,"date":"2024-02-28T23:11:57","date_gmt":"2024-02-28T13:11:57","guid":{"rendered":"https:\/\/standify.org\/?post_type=product&#038;p=1696"},"modified":"2024-12-25T14:13:10","modified_gmt":"2024-12-25T04:13:10","slug":"anime-sonic-figure-hedgehog-phone-holder-switch-ps4-ps5-xbox-game-controller-holder-action-figure-model-toys-children-fans-gift","status":"publish","type":"product","link":"https:\/\/standify.org\/pt\/loja\/anime-sonic-figure-hedgehog-phone-holder-switch-ps4-ps5-xbox-game-controller-holder-action-figure-model-toys-children-fans-gift\/","title":{"rendered":"Suporte para controle do Sonic The Hedgehog"},"content":{"rendered":"<p>Eleve sua esta\u00e7\u00e3o de jogos ou seu espa\u00e7o de trabalho com um toque de nostalgia dos jogos. Nosso suporte para telefone e controle do Sonic The Hedgehog n\u00e3o \u00e9 apenas mais um suporte; \u00e9 uma declara\u00e7\u00e3o da sua paix\u00e3o, um ponto de partida para conversas e uma pe\u00e7a marcante.<\/p>\n<p><strong>Por que escolher o suporte para controlador Sonic?<\/strong><br \/>\n<strong><span data-mce-fragment=\"1\">\ud83d\udc4c\u00a0<\/span>Artesanato de alta qualidade:<\/strong> Fabricado com a m\u00e1xima aten\u00e7\u00e3o aos detalhes, ele \u00e9 forjado com material de PVC premium, garantindo durabilidade que resiste ao teste do tempo.<br \/>\n<strong><span data-mce-fragment=\"1\">\ud83e\udd94\u00a0<\/span>Pose ic\u00f4nica de colis\u00e3o din\u00e2mica:<\/strong> O Sonic entra em a\u00e7\u00e3o com as m\u00e3os estendidas, pronto para proteger seu telefone ou controle de qualquer obst\u00e1culo da vida real.<br \/>\n<strong><span data-mce-fragment=\"1\">\ud83d\udc8e\u00a0<\/span>S\u00f3lido e confi\u00e1vel:<\/strong> Com sua base robusta, tenha certeza de que seus pertences mais valiosos permanecer\u00e3o em seguran\u00e7a, sem qualquer oscila\u00e7\u00e3o ou contratempo.<br \/>\n<strong><span data-mce-fragment=\"1\">\ud83c\udf81\u00a0<\/span>Para o maior f\u00e3:<\/strong> N\u00e3o se trata apenas de um suporte; \u00e9 uma refer\u00eancia a um cl\u00e1ssico. Se voc\u00ea j\u00e1 coleciona recorda\u00e7\u00f5es do Sonic ou est\u00e1 apenas come\u00e7ando, esta \u00e9 uma pe\u00e7a essencial que voc\u00ea n\u00e3o vai querer perder.<br \/>\n<strong><span data-mce-fragment=\"1\">\ud83c\udfae\u00a0<\/span>Vers\u00e1til e multiuso:<\/strong> Al\u00e9m de seu visual deslumbrante, ele tem dupla finalidade. Exiba-o como uma pe\u00e7a decorativa ou use sua funcionalidade para segurar seu controle ou telefone.<\/p>\n<p><strong>Especifica\u00e7\u00f5es:<\/strong><\/p>\n<ul>\n<li><strong>Tamanho:<\/strong> 18 cm de pura nostalgia ic\u00f4nica!<\/li>\n<li><strong>Material:<\/strong> PVC de qualidade superior<\/li>\n<li><strong>Design:<\/strong> Dupla finalidade - Um suporte funcional que se transforma em uma obra de arte decorativa!<\/li>\n<\/ul>\n<p>N\u00e3o deixe que essa velocidade passe por voc\u00ea. Adicione um toque do universo Sonic ao seu espa\u00e7o hoje mesmo. Seja para jogar ou exibir, o suporte para telefone e controle do Sonic The Hedgehog \u00e9 a atualiza\u00e7\u00e3o que voc\u00ea estava esperando. \ud83c\udf00\ud83c\udfae <em>Pegue o seu agora!<\/em><\/p>\n<div class=\"detailmodule_html\">\n<div class=\"detail-desc-decorate-richtext\"><\/div>\n<\/div>","protected":false},"excerpt":{"rendered":"<p>Elevate your gaming station or work space with a touch of gaming nostalgia. Our Sonic The Hedgehog Phone &amp; Controller<\/p>","protected":false},"featured_media":10932,"comment_status":"open","ping_status":"closed","template":"","meta":[],"product_brand":[],"product_cat":[16,25],"product_tag":[22,24],"class_list":{"0":"post-1696","1":"product","2":"type-product","3":"status-publish","4":"has-post-thumbnail","6":"product_cat-standify","7":"product_cat-controller-stand","8":"product_tag-for-her","9":"product_tag-controller-stand","11":"first","12":"instock","13":"sale","14":"taxable","15":"shipping-taxable","16":"purchasable","17":"product-type-simple"},"jetpack_sharing_enabled":true,"_links":{"self":[{"href":"https:\/\/standify.org\/pt\/wp-json\/wp\/v2\/product\/1696","targetHints":{"allow":["GET"]}}],"collection":[{"href":"https:\/\/standify.org\/pt\/wp-json\/wp\/v2\/product"}],"about":[{"href":"https:\/\/standify.org\/pt\/wp-json\/wp\/v2\/types\/product"}],"replies":[{"embeddable":true,"href":"https:\/\/standify.org\/pt\/wp-json\/wp\/v2\/comments?post=1696"}],"version-history":[{"count":1,"href":"https:\/\/standify.org\/pt\/wp-json\/wp\/v2\/product\/1696\/revisions"}],"predecessor-version":[{"id":21971,"href":"https:\/\/standify.org\/pt\/wp-json\/wp\/v2\/product\/1696\/revisions\/21971"}],"wp:featuredmedia":[{"embeddable":true,"href":"https:\/\/standify.org\/pt\/wp-json\/wp\/v2\/media\/10932"}],"wp:attachment":[{"href":"https:\/\/standify.org\/pt\/wp-json\/wp\/v2\/media?parent=1696"}],"wp:term":[{"taxonomy":"product_brand","embeddable":true,"href":"https:\/\/standify.org\/pt\/wp-json\/wp\/v2\/product_brand?post=1696"},{"taxonomy":"product_cat","embeddable":true,"href":"https:\/\/standify.org\/pt\/wp-json\/wp\/v2\/product_cat?post=1696"},{"taxonomy":"product_tag","embeddable":true,"href":"https:\/\/standify.org\/pt\/wp-json\/wp\/v2\/product_tag?post=1696"}],"curies":[{"name":"wp","href":"https:\/\/api.w.org\/{rel}","templated":true}]}}