{"id":16876,"date":"2024-10-16T22:44:53","date_gmt":"2024-10-16T12:44:53","guid":{"rendered":"https:\/\/standify.org\/shop\/luffys-gear-power-masterpiece-figurine-15cm\/"},"modified":"2026-03-02T10:19:39","modified_gmt":"2026-03-02T00:19:39","slug":"luffys-gear-power-masterpiece-figurine-15cm","status":"publish","type":"product","link":"https:\/\/standify.org\/pt\/loja\/luffys-gear-power-masterpiece-figurine-15cm\/","title":{"rendered":"Luffy's Gear Power Masterpiece Figurine (15cm)"},"content":{"rendered":"<p>\ud83c\udf1f Chamando todos os f\u00e3s de One Piece! \ud83c\udf1f<\/p>\n<p>Isso <strong>Luffy's Gear Power Masterpiece (15cm) \ud83c\udff4\u200d\u2620\ufe0f<\/strong> \u00e9 a sua chance de trazer o lend\u00e1rio <em>Capit\u00e3o do Chap\u00e9u de Palha<\/em> para a vida em sua prateleira! Com 15 cm de altura, essa figura \u00e9 perfeita para qualquer f\u00e3 que queira uma pe\u00e7a de exibi\u00e7\u00e3o compacta, mas impactante. Criada com detalhes impressionantes, ela captura Monkey D. Luffy em plena a\u00e7\u00e3o, empunhando seu poder ardente e seu esp\u00edrito caracter\u00edstico do chap\u00e9u de palha!<\/p>\n<p><strong>Por que voc\u00ea PRECISA dessa obra-prima:<\/strong><\/p>\n<ul>\n<li>\ud83c\udff4\u200d\u2620\ufe0f <strong>Design \u00e9pico<\/strong> - Apresentando Luffy na \u00edntegra <em>Modo de engrenagem<\/em>com efeitos realistas de fogo e fuma\u00e7a!<\/li>\n<li>\ud83d\udca5 <strong>Pose cheia de a\u00e7\u00e3o<\/strong> - Sinta a energia enquanto Luffy salta para a batalha, pronto para liberar seu poder.<\/li>\n<li>\ud83c\udfa8 <strong>Artesanato incr\u00edvel<\/strong> - Cada detalhe, desde sua express\u00e3o determinada at\u00e9 sua roupa ic\u00f4nica, foi perfeitamente recriado.<\/li>\n<li>\ud83d\udccf <strong>Tamanho perfeito (15 cm)<\/strong> - Com o tamanho certo para caber em sua mesa ou prateleira, ele \u00e9 compacto e chamativo!<\/li>\n<li>\ud83c\udfc6 <strong>Junte-se \u00e0 equipe<\/strong> - Sobre <em>10.000 f\u00e3s satisfeitos<\/em> fizeram de Luffy sua pe\u00e7a central! Voc\u00ea vai se juntar a eles?<\/li>\n<\/ul>\n<p>N\u00e3o perca essa chance! Adicionar <strong>Luffy's Gear Power Masterpiece (15cm) \ud83c\udff4\u200d\u2620\ufe0f<\/strong> para sua cole\u00e7\u00e3o e mostre seu orgulho por One Piece.<\/p>\n<p><strong>Estoque limitado dispon\u00edvel - pegue o seu agora, antes que acabe! \ud83c\udfc3\u200d\u2642\ufe0f\ud83d\udca8<\/strong><\/p>","protected":false},"excerpt":{"rendered":"<p>Chamando todos os f\u00e3s de One Piece! Esta \ud83d\udd25 Luffy's Gear Power Masterpiece (15cm) \ud83c\udff4\u200d\u2620\ufe0f \u00e9 a sua chance de trazer<\/p>","protected":false},"featured_media":16805,"comment_status":"open","ping_status":"closed","template":"","meta":[],"product_brand":[],"product_cat":[696],"product_tag":[683,684],"class_list":{"0":"post-16876","1":"product","2":"type-product","3":"status-publish","4":"has-post-thumbnail","6":"product_cat-one-piece","7":"product_tag-one-piece","8":"product_tag-luffy","10":"first","11":"instock","12":"sale","13":"taxable","14":"shipping-taxable","15":"purchasable","16":"product-type-simple"},"jetpack_sharing_enabled":true,"_links":{"self":[{"href":"https:\/\/standify.org\/pt\/wp-json\/wp\/v2\/product\/16876","targetHints":{"allow":["GET"]}}],"collection":[{"href":"https:\/\/standify.org\/pt\/wp-json\/wp\/v2\/product"}],"about":[{"href":"https:\/\/standify.org\/pt\/wp-json\/wp\/v2\/types\/product"}],"replies":[{"embeddable":true,"href":"https:\/\/standify.org\/pt\/wp-json\/wp\/v2\/comments?post=16876"}],"version-history":[{"count":1,"href":"https:\/\/standify.org\/pt\/wp-json\/wp\/v2\/product\/16876\/revisions"}],"predecessor-version":[{"id":16886,"href":"https:\/\/standify.org\/pt\/wp-json\/wp\/v2\/product\/16876\/revisions\/16886"}],"wp:featuredmedia":[{"embeddable":true,"href":"https:\/\/standify.org\/pt\/wp-json\/wp\/v2\/media\/16805"}],"wp:attachment":[{"href":"https:\/\/standify.org\/pt\/wp-json\/wp\/v2\/media?parent=16876"}],"wp:term":[{"taxonomy":"product_brand","embeddable":true,"href":"https:\/\/standify.org\/pt\/wp-json\/wp\/v2\/product_brand?post=16876"},{"taxonomy":"product_cat","embeddable":true,"href":"https:\/\/standify.org\/pt\/wp-json\/wp\/v2\/product_cat?post=16876"},{"taxonomy":"product_tag","embeddable":true,"href":"https:\/\/standify.org\/pt\/wp-json\/wp\/v2\/product_tag?post=16876"}],"curies":[{"name":"wp","href":"https:\/\/api.w.org\/{rel}","templated":true}]}}