{"id":16803,"date":"2024-10-16T22:43:42","date_gmt":"2024-10-16T12:43:42","guid":{"rendered":"https:\/\/standify.org\/shop\/vinsmoke-sanji-all-blue-dream-collectible-figure-37cm\/"},"modified":"2026-04-19T21:56:28","modified_gmt":"2026-04-19T11:56:28","slug":"vinsmoke-sanji-all-blue-dream-collectible-figure-37cm","status":"publish","type":"product","link":"https:\/\/standify.org\/pt\/loja\/vinsmoke-sanji-all-blue-dream-collectible-figure-37cm\/","title":{"rendered":"Vinsmoke Sanji \"All Blue Dream\" Figura colecion\u00e1vel de 37 cm"},"content":{"rendered":"<p><strong>FIGURA DE SANJI VINSMOKE - O FUTURO COZINHEIRO TODO AZUL DE ONE PIECE\u2122 \ud83d\udd25 \ud83d\udd25<\/strong><\/p>\n<p>Adorado por f\u00e3s de todo o mundo, esse impressionante boneco de Sanji da Vinsmoke \u00e9 a sua chance de ter uma pe\u00e7a de <strong>One Piece\u2122<\/strong> lenda!<\/p>\n<p><strong>Junte-se a milhares de colecionadores que j\u00e1 valorizam essa figura \u00e9pica!<\/strong><\/p>\n<p>\ud83d\udca5 <strong>O que torna essa figura indispens\u00e1vel?<\/strong><\/p>\n<ul>\n<li>\ud83d\udd25 <strong>Design din\u00e2mico<\/strong>: Com chamas ferozes e o estilo caracter\u00edstico do Sanji, essa figura captura perfeitamente sua personalidade descolada.<\/li>\n<li>\ud83d\udd74\ufe0f <strong>Dois looks ic\u00f4nicos<\/strong>: N\u00e3o importa se voc\u00ea prefere o terno preto elegante ou o branco estiloso, esta figura vem com os dois visuais!<\/li>\n<li>\ud83d\udcaa <strong>Perfeito para os f\u00e3s<\/strong>: A jornada de Sanji para encontrar o lend\u00e1rio All Blue \u00e9 um dos arcos mais inspiradores, e essa figura simboliza essa aventura.<\/li>\n<\/ul>\n<p><strong>Por que Sanji \u00e9 o favorito dos f\u00e3s:<\/strong><\/p>\n<ul>\n<li>Cozinheiro de classe mundial para os Piratas do Chap\u00e9u de Palha!<\/li>\n<li>Habilidades de combate imbat\u00edveis com seus chutes ardentes!<\/li>\n<li>Cora\u00e7\u00e3o de ouro e cavalheirismo para as mo\u00e7as!<\/li>\n<\/ul>\n<p>\ud83d\udd17 <strong>N\u00e3o perca essa chance!<\/strong> Outros f\u00e3s est\u00e3o entusiasmados com esse colecion\u00e1vel - adicione-o \u00e0 sua cole\u00e7\u00e3o hoje mesmo!<\/p>","protected":false},"excerpt":{"rendered":"<p>\ud83d\udd25 VINSMOKE SANJI FIGURE \u2014 THE FUTURE ALL BLUE COOK FROM ONE PIECE\u2122 \ud83d\udd25 \ud83d\udda4 Loved by fans all over<\/p>","protected":false},"featured_media":16715,"comment_status":"open","ping_status":"closed","template":"","meta":[],"product_brand":[],"product_cat":[696],"product_tag":[683],"class_list":{"0":"post-16803","1":"product","2":"type-product","3":"status-publish","4":"has-post-thumbnail","6":"product_cat-one-piece","7":"product_tag-one-piece","9":"first","10":"instock","11":"sale","12":"taxable","13":"shipping-taxable","14":"purchasable","15":"product-type-variable","16":"has-default-attributes"},"jetpack_sharing_enabled":true,"_links":{"self":[{"href":"https:\/\/standify.org\/pt\/wp-json\/wp\/v2\/product\/16803","targetHints":{"allow":["GET"]}}],"collection":[{"href":"https:\/\/standify.org\/pt\/wp-json\/wp\/v2\/product"}],"about":[{"href":"https:\/\/standify.org\/pt\/wp-json\/wp\/v2\/types\/product"}],"replies":[{"embeddable":true,"href":"https:\/\/standify.org\/pt\/wp-json\/wp\/v2\/comments?post=16803"}],"version-history":[{"count":2,"href":"https:\/\/standify.org\/pt\/wp-json\/wp\/v2\/product\/16803\/revisions"}],"predecessor-version":[{"id":16900,"href":"https:\/\/standify.org\/pt\/wp-json\/wp\/v2\/product\/16803\/revisions\/16900"}],"wp:featuredmedia":[{"embeddable":true,"href":"https:\/\/standify.org\/pt\/wp-json\/wp\/v2\/media\/16715"}],"wp:attachment":[{"href":"https:\/\/standify.org\/pt\/wp-json\/wp\/v2\/media?parent=16803"}],"wp:term":[{"taxonomy":"product_brand","embeddable":true,"href":"https:\/\/standify.org\/pt\/wp-json\/wp\/v2\/product_brand?post=16803"},{"taxonomy":"product_cat","embeddable":true,"href":"https:\/\/standify.org\/pt\/wp-json\/wp\/v2\/product_cat?post=16803"},{"taxonomy":"product_tag","embeddable":true,"href":"https:\/\/standify.org\/pt\/wp-json\/wp\/v2\/product_tag?post=16803"}],"curies":[{"name":"wp","href":"https:\/\/api.w.org\/{rel}","templated":true}]}}