{"id":16801,"date":"2024-10-16T22:43:39","date_gmt":"2024-10-16T12:43:39","guid":{"rendered":"https:\/\/standify.org\/shop\/luffy-zoro-car-vent-companions\/"},"modified":"2026-05-03T06:18:20","modified_gmt":"2026-05-02T20:18:20","slug":"luffy-zoro-car-vent-companions","status":"publish","type":"product","link":"https:\/\/standify.org\/pt\/loja\/luffy-zoro-car-vent-companions\/","title":{"rendered":"Companheiros de Luffy e Zoro na ventila\u00e7\u00e3o do carro"},"content":{"rendered":"<p>\ud83d\ude97 <strong>Luffy\/Zoro One Piece Estatueta de ventila\u00e7\u00e3o de carro<\/strong> - Um item indispens\u00e1vel para todos os f\u00e3s de piratas! \ud83c\udff4\u200d\u2620\ufe0f<\/p>\n<p>\ud83c\udf00 <strong>Transforme seu carro:<\/strong> Leve suas aventuras no carro para o pr\u00f3ximo n\u00edvel com essas figuras ic\u00f4nicas de Luffy e Zoro, seus piratas favoritos do Chap\u00e9u de Palha, fazendo companhia a voc\u00ea em todas as viagens! Quer voc\u00ea esteja indo para o trabalho ou partindo para novos destinos, essas figuras din\u00e2micas da dupla acrescentam uma pitada de aventura e estilo ao seu carro!<\/p>\n<p>\u2728 <strong>Por que voc\u00ea vai adorar:<\/strong><\/p>\n<ul>\n<li>\ud83d\udca8 <strong>Encaixa-se perfeitamente em qualquer ventila\u00e7\u00e3o de carro<\/strong> - Super f\u00e1cil de colocar e remover!<\/li>\n<li>\ud83c\udfc6 <strong>Altamente avaliado pelos f\u00e3s<\/strong> - Junte-se a milhares de amantes de One Piece que deixaram seus carros mais legais!<\/li>\n<li>\ud83c\udf81 <strong>Presente perfeito para os f\u00e3s de One Piece<\/strong> - O acess\u00f3rio automotivo definitivo para colecionadores e f\u00e3s.<\/li>\n<li>\ud83d\udca5 <strong>Dur\u00e1vel e de alta qualidade<\/strong> - Essas figuras foram projetadas para resistir aos solavancos de suas viagens!<\/li>\n<\/ul>\n<p>\ud83d\udcac <strong>O que os outros f\u00e3s est\u00e3o dizendo:<\/strong><\/p>\n<ul>\n<li>\"Luffy torna meu passeio de carro muito mais divertido!\" \ud83e\udde2\ud83c\udf0a<\/li>\n<li>\"Zoro me mant\u00e9m no caminho certo... mesmo que \u00e0s vezes ele se perca!\" \ud83d\udde1\ufe0f<\/li>\n<li>\"Ganhei os dois de presente, agora meu carro parece o Thousand Sunny!\" \ud83d\udea2<\/li>\n<\/ul>\n<p>\ud83d\udd17 <strong>Pe\u00e7a o seu agora<\/strong> e junte-se \u00e0 equipe do Chap\u00e9u de Palha em qualquer lugar! \ud83c\udf1f<\/p>","protected":false},"excerpt":{"rendered":"<p>\ud83d\ude97 Luffy\/Zoro One Piece Car Vent Figurine \u2013 A Must-Have for Every Pirate Fan! \ud83c\udff4\u200d\u2620\ufe0f \ud83c\udf00 Transform Your Ride: Take<\/p>","protected":false},"featured_media":16791,"comment_status":"open","ping_status":"closed","template":"","meta":[],"product_brand":[],"product_cat":[696,18],"product_tag":[684,683],"class_list":{"0":"post-16801","1":"product","2":"type-product","3":"status-publish","4":"has-post-thumbnail","6":"product_cat-one-piece","7":"product_cat-action-figure","8":"product_tag-luffy","9":"product_tag-one-piece","11":"first","12":"instock","13":"sale","14":"taxable","15":"shipping-taxable","16":"purchasable","17":"product-type-variable"},"jetpack_sharing_enabled":true,"_links":{"self":[{"href":"https:\/\/standify.org\/pt\/wp-json\/wp\/v2\/product\/16801","targetHints":{"allow":["GET"]}}],"collection":[{"href":"https:\/\/standify.org\/pt\/wp-json\/wp\/v2\/product"}],"about":[{"href":"https:\/\/standify.org\/pt\/wp-json\/wp\/v2\/types\/product"}],"replies":[{"embeddable":true,"href":"https:\/\/standify.org\/pt\/wp-json\/wp\/v2\/comments?post=16801"}],"version-history":[{"count":3,"href":"https:\/\/standify.org\/pt\/wp-json\/wp\/v2\/product\/16801\/revisions"}],"predecessor-version":[{"id":16901,"href":"https:\/\/standify.org\/pt\/wp-json\/wp\/v2\/product\/16801\/revisions\/16901"}],"wp:featuredmedia":[{"embeddable":true,"href":"https:\/\/standify.org\/pt\/wp-json\/wp\/v2\/media\/16791"}],"wp:attachment":[{"href":"https:\/\/standify.org\/pt\/wp-json\/wp\/v2\/media?parent=16801"}],"wp:term":[{"taxonomy":"product_brand","embeddable":true,"href":"https:\/\/standify.org\/pt\/wp-json\/wp\/v2\/product_brand?post=16801"},{"taxonomy":"product_cat","embeddable":true,"href":"https:\/\/standify.org\/pt\/wp-json\/wp\/v2\/product_cat?post=16801"},{"taxonomy":"product_tag","embeddable":true,"href":"https:\/\/standify.org\/pt\/wp-json\/wp\/v2\/product_tag?post=16801"}],"curies":[{"name":"wp","href":"https:\/\/api.w.org\/{rel}","templated":true}]}}