{"id":16790,"date":"2024-10-16T22:43:36","date_gmt":"2024-10-16T12:43:36","guid":{"rendered":"https:\/\/standify.org\/shop\/roronoa-zoro-three-sword-style-haki-action-figure-one-piece-collectible-16-cm\/"},"modified":"2026-04-13T05:46:24","modified_gmt":"2026-04-12T19:46:24","slug":"roronoa-zoro-three-sword-style-haki-action-figure-one-piece-collectible-16-cm","status":"publish","type":"product","link":"https:\/\/standify.org\/pt\/loja\/roronoa-zoro-three-sword-style-haki-action-figure-one-piece-collectible-16-cm\/","title":{"rendered":"Roronoa Zoro Three-Sword Style Haki Action Figure - One Piece Collectible (16 cm)"},"content":{"rendered":"<p>\ud83d\udd25 <strong>Junte-se a milhares de f\u00e3s de One Piece!<\/strong> Isso <strong>Roronoa Zoro<\/strong> \u00e9 a figura favorita dos f\u00e3s! Os colecionadores e entusiastas est\u00e3o delirando com os incr\u00edveis detalhes e o trabalho artesanal! N\u00e3o perca a oportunidade de adicionar essa pe\u00e7a ic\u00f4nica \u00e0 sua cole\u00e7\u00e3o! \ud83d\ude0d<\/p>\n<p><strong>Por que voc\u00ea precisa dessa figura \u00e9pica:<\/strong><\/p>\n<ul>\n<li>\ud83d\udde1\ufe0f <strong>Tr\u00eas espadas lend\u00e1rias<\/strong> - Wado Ichimonji, Sandai Kitetsu e Enma, todos perfeitamente recriados!<\/li>\n<li>\ud83d\udca5 <strong>Infundido com poder Haki<\/strong> - Sinta a intensidade do Haki de Zoro irradiando de cada l\u00e2mina!<\/li>\n<li>\ud83d\udcaa <strong>Pose de a\u00e7\u00e3o din\u00e2mica<\/strong> - Captura o Santoryu (Estilo das Tr\u00eas Espadas) de Zoro em toda a sua gl\u00f3ria!<\/li>\n<li>\ud83c\udfa8 <strong>Artesanato superior<\/strong> - Meticulosamente detalhado, desde suas cicatrizes de batalha at\u00e9 sua postura poderosa!<\/li>\n<li>\ud83c\udfaf <strong>16 cm de Pura Maravilha<\/strong> - Um tamanho perfeito para ser exibido em qualquer prateleira ou mesa!<\/li>\n<\/ul>\n<p><strong>O que os f\u00e3s est\u00e3o dizendo:<\/strong> \ud83d\udcac <em>\"Essa figura \u00e9 t\u00e3o realista que voc\u00ea quase pode sentir a for\u00e7a de Zoro!\"<\/em><br \/>\n\ud83d\udcac <em>\"Um item absolutamente obrigat\u00f3rio para todos os amantes de One Piece!\"<\/em><br \/>\n\ud83d\udcac <em>\"Os detalhes s\u00e3o incr\u00edveis, especialmente o efeito Haki nas espadas!\"<\/em><\/p>\n<p>\ud83c\udff4\u200d\u2620\ufe0f <strong>Fa\u00e7a parte da equipe!<\/strong> Se voc\u00ea \u00e9 um f\u00e3 incondicional de One Piece ou um colecionador de figuras \u00e9picas, essa est\u00e1tua de Zoro \u00e9 um complemento essencial para a sua cole\u00e7\u00e3o. A for\u00e7a, a determina\u00e7\u00e3o e a lealdade lend\u00e1rias de Zoro s\u00e3o capturadas nessa pose inspiradora! \u2694\ufe0f<\/p>\n<p>\ud83d\udca5 <strong>Estoque limitado dispon\u00edvel - n\u00e3o espere!<\/strong> Clique em \"Adicionar ao carrinho\" agora e reivindique seu lugar entre os milhares de pessoas que j\u00e1 fizeram dessa figura do Zoro a joia da coroa de suas cole\u00e7\u00f5es!<\/p>","protected":false},"excerpt":{"rendered":"<p>Junte-se a milhares de f\u00e3s de One Piece! Esta figura do Roronoa Zoro \u00e9 uma das favoritas dos f\u00e3s! Colecionadores e entusiastas est\u00e3o delirando<\/p>","protected":false},"featured_media":16767,"comment_status":"open","ping_status":"closed","template":"","meta":[],"product_brand":[],"product_cat":[696,18],"product_tag":[683],"class_list":{"0":"post-16790","1":"product","2":"type-product","3":"status-publish","4":"has-post-thumbnail","6":"product_cat-one-piece","7":"product_cat-action-figure","8":"product_tag-one-piece","10":"first","11":"instock","12":"sale","13":"taxable","14":"shipping-taxable","15":"purchasable","16":"product-type-simple"},"jetpack_sharing_enabled":true,"_links":{"self":[{"href":"https:\/\/standify.org\/pt\/wp-json\/wp\/v2\/product\/16790","targetHints":{"allow":["GET"]}}],"collection":[{"href":"https:\/\/standify.org\/pt\/wp-json\/wp\/v2\/product"}],"about":[{"href":"https:\/\/standify.org\/pt\/wp-json\/wp\/v2\/types\/product"}],"replies":[{"embeddable":true,"href":"https:\/\/standify.org\/pt\/wp-json\/wp\/v2\/comments?post=16790"}],"version-history":[{"count":2,"href":"https:\/\/standify.org\/pt\/wp-json\/wp\/v2\/product\/16790\/revisions"}],"predecessor-version":[{"id":16887,"href":"https:\/\/standify.org\/pt\/wp-json\/wp\/v2\/product\/16790\/revisions\/16887"}],"wp:featuredmedia":[{"embeddable":true,"href":"https:\/\/standify.org\/pt\/wp-json\/wp\/v2\/media\/16767"}],"wp:attachment":[{"href":"https:\/\/standify.org\/pt\/wp-json\/wp\/v2\/media?parent=16790"}],"wp:term":[{"taxonomy":"product_brand","embeddable":true,"href":"https:\/\/standify.org\/pt\/wp-json\/wp\/v2\/product_brand?post=16790"},{"taxonomy":"product_cat","embeddable":true,"href":"https:\/\/standify.org\/pt\/wp-json\/wp\/v2\/product_cat?post=16790"},{"taxonomy":"product_tag","embeddable":true,"href":"https:\/\/standify.org\/pt\/wp-json\/wp\/v2\/product_tag?post=16790"}],"curies":[{"name":"wp","href":"https:\/\/api.w.org\/{rel}","templated":true}]}}