{"id":16775,"date":"2024-10-16T22:43:30","date_gmt":"2024-10-16T12:43:30","guid":{"rendered":"https:\/\/standify.org\/shop\/monkey-d-luffy-gear-5-awakening-figurine\/"},"modified":"2026-03-29T18:34:10","modified_gmt":"2026-03-29T08:34:10","slug":"monkey-d-luffy-gear-5-awakening-figurine","status":"publish","type":"product","link":"https:\/\/standify.org\/pt\/loja\/monkey-d-luffy-gear-5-awakening-figurine\/","title":{"rendered":"Monkey D. Luffy Gear 5 Awakening Figurine"},"content":{"rendered":"<p>\ud83c\udf1f <strong>Junte-se \u00e0 tripula\u00e7\u00e3o com o Luffy's Gear 5 Figurine!<\/strong> \ud83c\udf1f<\/p>\n<p>Prepare-se para fazer parte da aventura com <strong>Monkey D. Luffy<\/strong> - o futuro Rei dos Piratas e capit\u00e3o do lend\u00e1rio <strong>Piratas do Chap\u00e9u de Palha<\/strong>! \ud83d\udcaa<\/p>\n<p>\u26a1 <strong>Esta estatueta \u00e9pica apresenta:<\/strong><\/p>\n<ul>\n<li>\ud83c\udf0a <strong>Luffy na transforma\u00e7\u00e3o do Gear 5<\/strong> - A reencarna\u00e7\u00e3o de <strong>Joy Boy<\/strong> com pot\u00eancia inigual\u00e1vel!<\/li>\n<li>\ud83d\udd25 <strong>Incr\u00edvel tamanho de 10 cm<\/strong> - Compacto, mas repleto de a\u00e7\u00e3o!<\/li>\n<li>\ud83c\udfa8 <strong>Design de alto n\u00edvel<\/strong> - Criado para se manter fiel ao mundo da <strong>Uma pe\u00e7a<\/strong>.<\/li>\n<\/ul>\n<p><strong>Por que essa estatueta \u00e9 indispens\u00e1vel:<\/strong> Luffy's <strong>Equipamento 5<\/strong> estreou durante a ic\u00f4nica <strong>Guerra de Onigashima<\/strong>, representando seu <strong>poderes despertados da Fruta do Diabo<\/strong>! Isso \u00e9 mais do que apenas uma estatueta - \u00e9 um peda\u00e7o da <strong>Universo de One Piece<\/strong>! \ud83c\udf0d<\/p>\n<p>Junte-se a milhares de f\u00e3s que est\u00e3o transformando seus quartos em <strong>Santu\u00e1rios Shonen<\/strong>! \ud83c\udff4\u200d\u2620\ufe0f Sinta o esp\u00edrito de aventura de Luffy, coberto de <strong>Haki<\/strong> e determina\u00e7\u00e3o, luta para libertar os mares. \ud83c\udf0a<\/p>\n<p>\ud83d\udd25 <strong>Pronto para se juntar \u00e0 equipe?<\/strong> Adicione esta estatueta do Luffy \u00e0 sua cole\u00e7\u00e3o hoje mesmo e fa\u00e7a parte da lenda dos piratas! \ud83c\udff4\u200d\u2620\ufe0f<\/p>","protected":false},"excerpt":{"rendered":"<p>Junte-se \u00e0 tripula\u00e7\u00e3o com o Luffy's Gear 5 Figurine! Prepare-se para fazer parte da aventura com<\/p>","protected":false},"featured_media":16726,"comment_status":"open","ping_status":"closed","template":"","meta":[],"product_brand":[],"product_cat":[696,18],"product_tag":[684,683],"class_list":{"0":"post-16775","1":"product","2":"type-product","3":"status-publish","4":"has-post-thumbnail","6":"product_cat-one-piece","7":"product_cat-action-figure","8":"product_tag-luffy","9":"product_tag-one-piece","11":"first","12":"instock","13":"sale","14":"taxable","15":"shipping-taxable","16":"purchasable","17":"product-type-simple"},"jetpack_sharing_enabled":true,"_links":{"self":[{"href":"https:\/\/standify.org\/pt\/wp-json\/wp\/v2\/product\/16775","targetHints":{"allow":["GET"]}}],"collection":[{"href":"https:\/\/standify.org\/pt\/wp-json\/wp\/v2\/product"}],"about":[{"href":"https:\/\/standify.org\/pt\/wp-json\/wp\/v2\/types\/product"}],"replies":[{"embeddable":true,"href":"https:\/\/standify.org\/pt\/wp-json\/wp\/v2\/comments?post=16775"}],"version-history":[{"count":2,"href":"https:\/\/standify.org\/pt\/wp-json\/wp\/v2\/product\/16775\/revisions"}],"predecessor-version":[{"id":16893,"href":"https:\/\/standify.org\/pt\/wp-json\/wp\/v2\/product\/16775\/revisions\/16893"}],"wp:featuredmedia":[{"embeddable":true,"href":"https:\/\/standify.org\/pt\/wp-json\/wp\/v2\/media\/16726"}],"wp:attachment":[{"href":"https:\/\/standify.org\/pt\/wp-json\/wp\/v2\/media?parent=16775"}],"wp:term":[{"taxonomy":"product_brand","embeddable":true,"href":"https:\/\/standify.org\/pt\/wp-json\/wp\/v2\/product_brand?post=16775"},{"taxonomy":"product_cat","embeddable":true,"href":"https:\/\/standify.org\/pt\/wp-json\/wp\/v2\/product_cat?post=16775"},{"taxonomy":"product_tag","embeddable":true,"href":"https:\/\/standify.org\/pt\/wp-json\/wp\/v2\/product_tag?post=16775"}],"curies":[{"name":"wp","href":"https:\/\/api.w.org\/{rel}","templated":true}]}}