{"id":15888,"date":"2024-07-11T23:53:35","date_gmt":"2024-07-11T13:53:35","guid":{"rendered":"https:\/\/standify.org\/?post_type=product&#038;p=15888"},"modified":"2025-11-30T00:51:45","modified_gmt":"2025-11-29T14:51:45","slug":"gold-goku-iphone-case","status":"publish","type":"product","link":"https:\/\/standify.org\/pt\/loja\/gold-goku-iphone-case\/","title":{"rendered":"Capa para iPhone Gold Goku"},"content":{"rendered":"<ul>\n<li>Remessa mundial.<\/li>\n<li>Todas as remessas s\u00e3o seguradas com n\u00fameros de rastreamento.<\/li>\n<li>Utilizando a tecnologia de prata galvanizada, ele \u00e9 dur\u00e1vel e bonito ao mesmo tempo.<\/li>\n<li><b>GARANTIA Standify<\/b><\/li>\n<\/ul>\n<ul>\n<li>Temos muito orgulho da qualidade de nossos produtos e garantimos que voc\u00ea ficar\u00e1 satisfeito 100% com tudo o que comprar na\u00a0<b>standify.org<\/b><\/li>\n<li>Se, por qualquer motivo, voc\u00ea n\u00e3o ficar totalmente satisfeito com sua compra, garantiremos a devolu\u00e7\u00e3o do seu dinheiro - sem perguntas - dentro do prazo adequado.<\/li>\n<\/ul>","protected":false},"excerpt":{"rendered":"<p>Worldwide shipping. All shipments are insured with tracking numbers. Using electroplated silver technology, it is durable and beautiful at the<\/p>","protected":false},"featured_media":15889,"comment_status":"open","ping_status":"closed","template":"","meta":[],"product_brand":[],"product_cat":[658,641,20],"product_tag":[],"class_list":{"0":"post-15888","1":"product","2":"type-product","3":"status-publish","4":"has-post-thumbnail","6":"product_cat-phone-cases","7":"product_cat-dragon-ball-z-super-saiyan","8":"product_cat-apparel","10":"first","11":"instock","12":"sale","13":"taxable","14":"shipping-taxable","15":"purchasable","16":"product-type-variable","17":"has-default-attributes"},"jetpack_sharing_enabled":true,"_links":{"self":[{"href":"https:\/\/standify.org\/pt\/wp-json\/wp\/v2\/product\/15888","targetHints":{"allow":["GET"]}}],"collection":[{"href":"https:\/\/standify.org\/pt\/wp-json\/wp\/v2\/product"}],"about":[{"href":"https:\/\/standify.org\/pt\/wp-json\/wp\/v2\/types\/product"}],"replies":[{"embeddable":true,"href":"https:\/\/standify.org\/pt\/wp-json\/wp\/v2\/comments?post=15888"}],"version-history":[{"count":0,"href":"https:\/\/standify.org\/pt\/wp-json\/wp\/v2\/product\/15888\/revisions"}],"wp:featuredmedia":[{"embeddable":true,"href":"https:\/\/standify.org\/pt\/wp-json\/wp\/v2\/media\/15889"}],"wp:attachment":[{"href":"https:\/\/standify.org\/pt\/wp-json\/wp\/v2\/media?parent=15888"}],"wp:term":[{"taxonomy":"product_brand","embeddable":true,"href":"https:\/\/standify.org\/pt\/wp-json\/wp\/v2\/product_brand?post=15888"},{"taxonomy":"product_cat","embeddable":true,"href":"https:\/\/standify.org\/pt\/wp-json\/wp\/v2\/product_cat?post=15888"},{"taxonomy":"product_tag","embeddable":true,"href":"https:\/\/standify.org\/pt\/wp-json\/wp\/v2\/product_tag?post=15888"}],"curies":[{"name":"wp","href":"https:\/\/api.w.org\/{rel}","templated":true}]}}