{"id":1586,"date":"2024-02-28T13:11:58","date_gmt":"2024-02-28T13:11:58","guid":{"rendered":"https:\/\/standify.org\/?post_type=product&#038;p=1586"},"modified":"2024-11-19T03:38:16","modified_gmt":"2024-11-18T17:38:16","slug":"ps-symbols-neon-sign","status":"publish","type":"product","link":"https:\/\/standify.org\/pt\/loja\/ps-symbols-neon-sign\/","title":{"rendered":"Sinal de neon com s\u00edmbolos PS"},"content":{"rendered":"<h3>Ilumine seu espa\u00e7o de jogo com o letreiro de LED neon com s\u00edmbolo do Playstation \ud83c\udfae<\/h3>\n<p><strong>Ilumine a sua sala de jogos com um toque ic\u00f4nico \u2728<\/strong><\/p>\n<p>Liberte a energia vibrante dos jogos em sua sala com o letreiro LED neon Playstation Symbol. Esse impressionante letreiro de neon d\u00e1 vida aos ic\u00f4nicos s\u00edmbolos do bot\u00e3o do Playstation \ud83d\udd3a\ud83d\udd35\u274c\u2b1c em um arco-\u00edris de gl\u00f3ria de neon, tornando-o o complemento perfeito para qualquer configura\u00e7\u00e3o de jogo ou \u00e1rea de entretenimento.<\/p>\n<p><strong>Caracter\u00edsticas do produto:<\/strong><\/p>\n<ul>\n<li><strong>Cores vivas<\/strong>: Cada s\u00edmbolo (Tri\u00e2ngulo, C\u00edrculo, Cruz, Quadrado) brilha intensamente com sua pr\u00f3pria cor exclusiva - verde, vermelho, azul e rosa - proporcionando uma experi\u00eancia visual cativante. \ud83c\udf08<\/li>\n<li><strong>LED com efici\u00eancia energ\u00e9tica<\/strong>: Fabricado com a mais recente tecnologia LED, o letreiro oferece baixo consumo de energia com uma vida \u00fatil impressionante, garantindo noites intermin\u00e1veis de sess\u00f5es de jogos iluminadas. \ud83d\udca1<\/li>\n<li><strong>Posicionamento vers\u00e1til<\/strong>: Com um tamanho conveniente, esse letreiro de neon \u00e9 perfeito para ser montado na parede ou exibido em prateleiras, mesas ou centros de entretenimento. \ud83d\udccd<\/li>\n<li><strong>Design dur\u00e1vel<\/strong>: Envolvido em um suporte de acr\u00edlico dur\u00e1vel, o letreiro foi projetado para ter estabilidade e longevidade, resistindo ao desgaste do uso regular. \ud83d\udcaa<\/li>\n<li><strong>F\u00e1cil instala\u00e7\u00e3o<\/strong>: Vem completo, com furos pr\u00e9-perfurados e um kit de acess\u00f3rios para uma configura\u00e7\u00e3o sem complica\u00e7\u00f5es logo que sai da caixa. \ud83d\udd27<\/li>\n<li><strong>Seguro para uso em ambientes internos<\/strong>: O design do LED emite o m\u00ednimo de calor, tornando-o seguro para uso em espa\u00e7os fechados e ao redor de equipamentos de jogos. \ud83d\udd12<\/li>\n<\/ul>\n<p><strong>Eleve sua experi\u00eancia de jogo \ud83d\ude80<\/strong><\/p>\n<p>Transforme seu espa\u00e7o com o letreiro de LED neon Playstation Symbol e mergulhe na ess\u00eancia da cultura dos jogos. Quer esteja fazendo streaming \ud83c\udfa5, competindo \ud83c\udfc6 ou apenas relaxando \ud83d\udecb\ufe0f, esse letreiro acrescenta um toque de personalidade e nostalgia ao seu ambiente.<\/p>","protected":false},"excerpt":{"rendered":"<p>Ilumine seu espa\u00e7o de jogo com o letreiro de neon LED Playstation Symbol \ud83c\udfae Ilumine sua sala de jogos com o letreiro ic\u00f4nico<\/p>","protected":false},"featured_media":11502,"comment_status":"open","ping_status":"closed","template":"","meta":[],"product_brand":[],"product_cat":[16],"product_tag":[],"class_list":{"0":"post-1586","1":"product","2":"type-product","3":"status-publish","4":"has-post-thumbnail","6":"product_cat-standify","8":"first","9":"instock","10":"taxable","11":"shipping-taxable","12":"purchasable","13":"product-type-variable"},"jetpack_sharing_enabled":true,"_links":{"self":[{"href":"https:\/\/standify.org\/pt\/wp-json\/wp\/v2\/product\/1586","targetHints":{"allow":["GET"]}}],"collection":[{"href":"https:\/\/standify.org\/pt\/wp-json\/wp\/v2\/product"}],"about":[{"href":"https:\/\/standify.org\/pt\/wp-json\/wp\/v2\/types\/product"}],"replies":[{"embeddable":true,"href":"https:\/\/standify.org\/pt\/wp-json\/wp\/v2\/comments?post=1586"}],"version-history":[{"count":0,"href":"https:\/\/standify.org\/pt\/wp-json\/wp\/v2\/product\/1586\/revisions"}],"wp:featuredmedia":[{"embeddable":true,"href":"https:\/\/standify.org\/pt\/wp-json\/wp\/v2\/media\/11502"}],"wp:attachment":[{"href":"https:\/\/standify.org\/pt\/wp-json\/wp\/v2\/media?parent=1586"}],"wp:term":[{"taxonomy":"product_brand","embeddable":true,"href":"https:\/\/standify.org\/pt\/wp-json\/wp\/v2\/product_brand?post=1586"},{"taxonomy":"product_cat","embeddable":true,"href":"https:\/\/standify.org\/pt\/wp-json\/wp\/v2\/product_cat?post=1586"},{"taxonomy":"product_tag","embeddable":true,"href":"https:\/\/standify.org\/pt\/wp-json\/wp\/v2\/product_tag?post=1586"}],"curies":[{"name":"wp","href":"https:\/\/api.w.org\/{rel}","templated":true}]}}