{"id":14281,"date":"2024-06-25T04:06:30","date_gmt":"2024-06-24T18:06:30","guid":{"rendered":"https:\/\/standify.org\/shop\/anime-gym-shorts\/"},"modified":"2026-05-01T06:24:44","modified_gmt":"2026-04-30T20:24:44","slug":"anime-gym-shorts","status":"publish","type":"product","link":"https:\/\/standify.org\/pt\/loja\/anime-gym-shorts\/","title":{"rendered":"Shorts de gin\u00e1stica para anime"},"content":{"rendered":"<p><strong>Material excepcional: Os shorts masculinos 2 em 1 s\u00e3o feitos de tecido de poli\u00e9ster + spandex, macio e confort\u00e1vel, e a tecnologia de alongamento de 4 vias promove movimentos flex\u00edveis e livres. O tecido de secagem r\u00e1pida n\u00e3o causa sensa\u00e7\u00e3o de abafamento durante o exerc\u00edcio, \u00e9 fresco, respir\u00e1vel e confort\u00e1vel.<\/strong><\/p>\n<p>Design perfeito: O cord\u00e3o na cintura pode ser ajustado de acordo com sua silhueta, e a cintura el\u00e1stica proporciona o m\u00e1ximo de conforto. Dois bolsos laterais, suficientes para carregar o celular, a carteira e outros itens pequenos.<\/p>\n<p>Forro atualizado: O forro interno \u00e9 refor\u00e7ado e mais el\u00e1stico. Voc\u00ea pode sentir a diferen\u00e7a entre ele e os shorts comuns ao toc\u00e1-lo, e ele tem uma experi\u00eancia de qualidade superior. O tecido \u00e9 bem trabalhado, delicado e confort\u00e1vel, e n\u00e3o apresenta nenhuma sensa\u00e7\u00e3o ruim, como atrito.<\/p>\n<p>Impress\u00e3o exclusiva: O design gr\u00e1fico impresso proporciona um visual elegante, inspirado em seu personagem de anime favorito, moderno e descolado.<\/p>\n<p>Cen\u00e1rios aplic\u00e1veis: Os shorts 2 em 1 s\u00e3o adequados para uso dom\u00e9stico, corrida ao ar livre, esportes, academia, exerc\u00edcios, ioga, praia e outras ocasi\u00f5es, com alto conforto e estilo cl\u00e1ssico e moderno.<\/p>\n<p>Dicas de lavagem: Pode ser lavado \u00e0 m\u00e3o ou na m\u00e1quina. A cor n\u00e3o desbota ap\u00f3s v\u00e1rias lavagens. N\u00e3o use alvejante.<br \/>\n<img decoding=\"async\" src=\"https:\/\/ae01.alicdn.com\/kf\/S7696f4a1b2a7483fbbfa3933408d6b6fz.jpg?width=606&amp;height=340&amp;hash=946\" alt=\"Standify Estatuetas do anime Dragon Ball Z e suporte para fone de ouvido Goku\"><br \/>\n<img decoding=\"async\" src=\"https:\/\/ae01.alicdn.com\/kf\/Sfdae12f0a0b54f5ea6f1c6e12f26aebbB.jpg?width=800&amp;height=800&amp;hash=1600\" alt=\"Standify Estatuetas do anime Dragon Ball Z e suporte para fone de ouvido Goku\"><br \/>\n<strong>. <\/strong> <img decoding=\"async\" src=\"https:\/\/ae01.alicdn.com\/kf\/Sb9bc18c5b15d4a6f89911f7bb4a35161d.jpg?width=800&amp;height=800&amp;hash=1600\" alt=\"Standify Estatuetas do anime Dragon Ball Z e suporte para fone de ouvido Goku\">\u00a0<img decoding=\"async\" src=\"https:\/\/ae01.alicdn.com\/kf\/Sdae5e77c1f224ec2a2765f75c49da18aQ.jpg?width=750&amp;height=1333&amp;hash=2083\" alt=\"Standify Estatuetas do anime Dragon Ball Z e suporte para fone de ouvido Goku\"> <img decoding=\"async\" src=\"https:\/\/ae01.alicdn.com\/kf\/S2b118ff0eeff486c81e12e57f35b580eH.jpg?width=800&amp;height=800&amp;hash=1600\" alt=\"Standify Estatuetas do anime Dragon Ball Z e suporte para fone de ouvido Goku\"> <img decoding=\"async\" src=\"https:\/\/ae01.alicdn.com\/kf\/S93043a3799ce48549641fa1c266d6e2eI.jpg?width=800&amp;height=800&amp;hash=1600\" alt=\"Standify Estatuetas do anime Dragon Ball Z e suporte para fone de ouvido Goku\"> <img decoding=\"async\" src=\"https:\/\/ae01.alicdn.com\/kf\/Sf06bec503a9a47389f8fc3b8ec2d225eU.jpg?width=800&amp;height=800&amp;hash=1600\" alt=\"Standify Estatuetas do anime Dragon Ball Z e suporte para fone de ouvido Goku\"> <img decoding=\"async\" src=\"https:\/\/ae01.alicdn.com\/kf\/S4a24b1b0b9bd45dca0d8c52cedde39eaW.jpg?width=800&amp;height=800&amp;hash=1600\" alt=\"Standify Estatuetas do anime Dragon Ball Z e suporte para fone de ouvido Goku\"><\/p>","protected":false},"excerpt":{"rendered":"<p>Outstanding Material: The 2 In 1 men&#8217;s shorts are made of polyester + spandex upgraded fabric, soft and comfortable, the<\/p>","protected":false},"featured_media":14227,"comment_status":"open","ping_status":"closed","template":"","meta":[],"product_brand":[],"product_cat":[641,16,20],"product_tag":[],"class_list":{"0":"post-14281","1":"product","2":"type-product","3":"status-publish","4":"has-post-thumbnail","6":"product_cat-dragon-ball-z-super-saiyan","7":"product_cat-standify","8":"product_cat-apparel","10":"first","11":"instock","12":"sale","13":"taxable","14":"shipping-taxable","15":"purchasable","16":"product-type-variable"},"jetpack_sharing_enabled":true,"_links":{"self":[{"href":"https:\/\/standify.org\/pt\/wp-json\/wp\/v2\/product\/14281","targetHints":{"allow":["GET"]}}],"collection":[{"href":"https:\/\/standify.org\/pt\/wp-json\/wp\/v2\/product"}],"about":[{"href":"https:\/\/standify.org\/pt\/wp-json\/wp\/v2\/types\/product"}],"replies":[{"embeddable":true,"href":"https:\/\/standify.org\/pt\/wp-json\/wp\/v2\/comments?post=14281"}],"version-history":[{"count":0,"href":"https:\/\/standify.org\/pt\/wp-json\/wp\/v2\/product\/14281\/revisions"}],"wp:featuredmedia":[{"embeddable":true,"href":"https:\/\/standify.org\/pt\/wp-json\/wp\/v2\/media\/14227"}],"wp:attachment":[{"href":"https:\/\/standify.org\/pt\/wp-json\/wp\/v2\/media?parent=14281"}],"wp:term":[{"taxonomy":"product_brand","embeddable":true,"href":"https:\/\/standify.org\/pt\/wp-json\/wp\/v2\/product_brand?post=14281"},{"taxonomy":"product_cat","embeddable":true,"href":"https:\/\/standify.org\/pt\/wp-json\/wp\/v2\/product_cat?post=14281"},{"taxonomy":"product_tag","embeddable":true,"href":"https:\/\/standify.org\/pt\/wp-json\/wp\/v2\/product_tag?post=14281"}],"curies":[{"name":"wp","href":"https:\/\/api.w.org\/{rel}","templated":true}]}}