{"id":1391,"date":"2024-02-28T13:11:58","date_gmt":"2024-02-28T13:11:58","guid":{"rendered":"https:\/\/standify.org\/?post_type=product&#038;p=1391"},"modified":"2026-02-10T03:26:29","modified_gmt":"2026-02-09T17:26:29","slug":"playstation-premium-rgb-3mm-desk-pads-15-designs","status":"publish","type":"product","link":"https:\/\/standify.org\/pt\/loja\/playstation-premium-rgb-3mm-desk-pads-15-designs\/","title":{"rendered":"Almofadas de mesa Playstation Premium RGB de 3 mm - 16 designs"},"content":{"rendered":"<p>Entre em um reino onde o mundo ic\u00f4nico do PlayStation encontra o design de ponta com os nossos desk pads RGB da s\u00e9rie PlayStation. Transforme sua mesa em uma pot\u00eancia para jogos que deixa para tr\u00e1s os mouse pads comuns!<\/p>\n<p>Por que este \u00e9 O Desk Pad que todo jogador precisa: \ud83d\udd25 Temas inigual\u00e1veis para PlayStation: Escolha entre uma ampla variedade de 19 designs personalizados impressionantes e de alta qualidade. Mergulhe no universo do PlayStation com imagens v\u00edvidas que diferenciam sua esta\u00e7\u00e3o de jogos.<\/p>\n<p>Excel\u00eancia RGB: Eleve sua mesa com mais do que apenas cores. Delicie-se com a ilumina\u00e7\u00e3o LED RGB din\u00e2mica e personaliz\u00e1vel, projetada para refletir cada humor e sess\u00e3o de jogo.<\/p>\n<p>\ud83d\uddb1\ufe0f Desempenho superior em jogos: Deixe para tr\u00e1s aqueles mouse pads finos e de qualidade inferior. Nossos desk pads t\u00eam uma espessura premium de 3 mm, garantindo um deslizamento suave e amortecido para cada movimento do mouse, seja em batalhas intensas nos jogos ou no trabalho.<\/p>\n<p>Material de alta qualidade: Fabricadas com borracha de primeira linha, essas almofadas de mesa s\u00e3o mais do que apenas apar\u00eancia. Experimente uma estabilidade inigual\u00e1vel com uma base antiderrapante e durabilidade que supera a concorr\u00eancia.<\/p>\n<p>Recursos que nos diferenciam:<\/p>\n<p>Recursos avan\u00e7ados de retroilumina\u00e7\u00e3o e LED: N\u00e3o se contente com o comum. Ilumine seus jogos com efeitos de ilumina\u00e7\u00e3o brilhantes. Equipamento essencial para jogos: Este mouse pad \u00e9 mais do que apenas um mouse pad; \u00e9 uma parte essencial do seu arsenal de jogos. Orgulho do PlayStation: Demonstre seu amor pelo PlayStation com esses mouse pads com temas exclusivos. Tamanho ideal para cada configura\u00e7\u00e3o: Diga adeus aos pads pequenos e inadequados. Nossa variedade de tamanhos garante a cobertura perfeita para qualquer mesa. Tamanhos dispon\u00edveis para todos os jogadores:<\/p>\n<p>RGB 300x600x3mm RGB 300x700x3mm RGB 250x350x3mm RGB 300x800x3mm RGB 400x900x3mm Por que se contentar com o comum quando voc\u00ea pode se elevar \u00e0 excel\u00eancia em jogos? Nosso PlayStation Series RGB Desk Pad n\u00e3o \u00e9 apenas uma atualiza\u00e7\u00e3o; \u00e9 uma declara\u00e7\u00e3o de suas proezas em jogos. N\u00e3o perca o melhor acess\u00f3rio para jogos. Transforme sua mesa em uma zona de poder PlayStation! \ud83c\udf1f\ud83c\udfae<\/p>","protected":false},"excerpt":{"rendered":"<p>Step into a realm where the iconic world of PlayStation meets cutting-edge design with our PlayStation Series RGB Desk Pads.<\/p>","protected":false},"featured_media":1488,"comment_status":"open","ping_status":"closed","template":"","meta":[],"product_brand":[],"product_cat":[16,28],"product_tag":[],"class_list":{"0":"post-1391","1":"product","2":"type-product","3":"status-publish","4":"has-post-thumbnail","6":"product_cat-standify","7":"product_cat-desk-pad","9":"first","10":"instock","11":"taxable","12":"shipping-taxable","13":"purchasable","14":"product-type-variable"},"jetpack_sharing_enabled":true,"_links":{"self":[{"href":"https:\/\/standify.org\/pt\/wp-json\/wp\/v2\/product\/1391","targetHints":{"allow":["GET"]}}],"collection":[{"href":"https:\/\/standify.org\/pt\/wp-json\/wp\/v2\/product"}],"about":[{"href":"https:\/\/standify.org\/pt\/wp-json\/wp\/v2\/types\/product"}],"replies":[{"embeddable":true,"href":"https:\/\/standify.org\/pt\/wp-json\/wp\/v2\/comments?post=1391"}],"version-history":[{"count":0,"href":"https:\/\/standify.org\/pt\/wp-json\/wp\/v2\/product\/1391\/revisions"}],"wp:featuredmedia":[{"embeddable":true,"href":"https:\/\/standify.org\/pt\/wp-json\/wp\/v2\/media\/1488"}],"wp:attachment":[{"href":"https:\/\/standify.org\/pt\/wp-json\/wp\/v2\/media?parent=1391"}],"wp:term":[{"taxonomy":"product_brand","embeddable":true,"href":"https:\/\/standify.org\/pt\/wp-json\/wp\/v2\/product_brand?post=1391"},{"taxonomy":"product_cat","embeddable":true,"href":"https:\/\/standify.org\/pt\/wp-json\/wp\/v2\/product_cat?post=1391"},{"taxonomy":"product_tag","embeddable":true,"href":"https:\/\/standify.org\/pt\/wp-json\/wp\/v2\/product_tag?post=1391"}],"curies":[{"name":"wp","href":"https:\/\/api.w.org\/{rel}","templated":true}]}}