{"id":13687,"date":"2024-06-25T02:47:09","date_gmt":"2024-06-24T16:47:09","guid":{"rendered":"https:\/\/standify.org\/shop\/dbz-colorful-phone-cases\/"},"modified":"2025-12-11T07:17:05","modified_gmt":"2025-12-10T21:17:05","slug":"dbz-colorful-phone-cases","status":"publish","type":"product","link":"https:\/\/standify.org\/pt\/loja\/dbz-colorful-phone-cases\/","title":{"rendered":"Capas coloridas DBZ para iPhone"},"content":{"rendered":"<p>Energize seu celular com Dragon Ball Z! \ud83d\udc09\ud83d\udca5<\/p>\n<p>Transforme seu dispositivo em um Super Saiyan com nossa cole\u00e7\u00e3o \u00e9pica de capas DBZ:<\/p>\n<p>Desenhos atraentes com personagens ic\u00f4nicos \ud83d\udee1\ufe0f Prote\u00e7\u00e3o dur\u00e1vel digna de um Z-Fighter \ud83c\udfa8 Cores vibrantes que se destacam como um Kamehameha<\/p>\n<p>Escolha seu lutador:<\/p>\n<ul>\n<li>Verde e roxo ferozes de Piccolo<\/li>\n<li>A assinatura laranja e azul de Goku \ud83d\udfe0\ud83d\udd35<\/li>\n<li>Tons escuros vilanescos para os anti-her\u00f3is \ud83d\udda4<\/li>\n<\/ul>\n<p>Por que esses casos s\u00e3o incr\u00edveis:<\/p>\n<ol>\n<li>Destaque-se da multid\u00e3o<\/li>\n<li>Reviva seus momentos favoritos de DBZ<\/li>\n<li>Estimule conversas com outros f\u00e3s<\/li>\n<li>Proteja seu telefone com estilo<\/li>\n<\/ol>\n<p>Melhore o n\u00edvel de seu dispositivo! \ud83d\udcf1\u2b06\ufe0f N\u00e3o se contente com uma capa sem gra\u00e7a. Mostre seu n\u00edvel de pot\u00eancia e sua paix\u00e3o por anime onde quer que v\u00e1!<\/p>\n<p>Pronto para se tornar um Super Saiyan? Pegue sua capa DBZ agora e deixe seu celular atingir sua forma final! \ud83d\udd25\ud83d\udc4a<\/p>","protected":false},"excerpt":{"rendered":"<p>Power Up Your Phone with Dragon Ball Z! \ud83d\udc09\ud83d\udca5 Transform your device into a Super Saiyan with our epic DBZ<\/p>","protected":false},"featured_media":13669,"comment_status":"open","ping_status":"closed","template":"","meta":[],"product_brand":[],"product_cat":[641,658,16,20],"product_tag":[19],"class_list":{"0":"post-13687","1":"product","2":"type-product","3":"status-publish","4":"has-post-thumbnail","6":"product_cat-dragon-ball-z-super-saiyan","7":"product_cat-phone-cases","8":"product_cat-standify","9":"product_cat-apparel","10":"product_tag-clothing","12":"first","13":"instock","14":"sale","15":"taxable","16":"shipping-taxable","17":"purchasable","18":"product-type-variable","19":"has-default-attributes"},"jetpack_sharing_enabled":true,"_links":{"self":[{"href":"https:\/\/standify.org\/pt\/wp-json\/wp\/v2\/product\/13687","targetHints":{"allow":["GET"]}}],"collection":[{"href":"https:\/\/standify.org\/pt\/wp-json\/wp\/v2\/product"}],"about":[{"href":"https:\/\/standify.org\/pt\/wp-json\/wp\/v2\/types\/product"}],"replies":[{"embeddable":true,"href":"https:\/\/standify.org\/pt\/wp-json\/wp\/v2\/comments?post=13687"}],"version-history":[{"count":0,"href":"https:\/\/standify.org\/pt\/wp-json\/wp\/v2\/product\/13687\/revisions"}],"wp:featuredmedia":[{"embeddable":true,"href":"https:\/\/standify.org\/pt\/wp-json\/wp\/v2\/media\/13669"}],"wp:attachment":[{"href":"https:\/\/standify.org\/pt\/wp-json\/wp\/v2\/media?parent=13687"}],"wp:term":[{"taxonomy":"product_brand","embeddable":true,"href":"https:\/\/standify.org\/pt\/wp-json\/wp\/v2\/product_brand?post=13687"},{"taxonomy":"product_cat","embeddable":true,"href":"https:\/\/standify.org\/pt\/wp-json\/wp\/v2\/product_cat?post=13687"},{"taxonomy":"product_tag","embeddable":true,"href":"https:\/\/standify.org\/pt\/wp-json\/wp\/v2\/product_tag?post=13687"}],"curies":[{"name":"wp","href":"https:\/\/api.w.org\/{rel}","templated":true}]}}