{"id":1254,"date":"2024-02-28T13:13:24","date_gmt":"2024-02-28T13:13:24","guid":{"rendered":"https:\/\/standify.org\/?post_type=product&#038;p=1254"},"modified":"2024-11-19T03:37:42","modified_gmt":"2024-11-18T17:37:42","slug":"holographic-dbz-stickers-25-designs%ef%bc%89","status":"publish","type":"product","link":"https:\/\/standify.org\/pt\/loja\/holographic-dbz-stickers-25-designs%ef%bc%89\/","title":{"rendered":"Adesivos Hologr\u00e1ficos DBZ (25 designs\uff09"},"content":{"rendered":"<p><strong>\u00a0Adesivos a laser de desenho animado hologr\u00e1fico de anime (25 designs)<\/p>\n<p>~\u00c0 prova d'\u00e1gua, \u00e0 prova de tempestades, \u00e0 prova de sol, n\u00e3o danifica a pintura do carro e pode ser removido.<\/p>\n<p>~Este decalque \u00e9 feito com vinil de alta qualidade.<\/p>\n<p>~Todos os nossos decalques s\u00e3o remov\u00edveis, mas N\u00c3O podem ser recolocados.<\/p>\n<p>~Esses decalques t\u00eam uma apar\u00eancia incr\u00edvel e adicionam um visual personalizado!<\/p>\n<p>~Os decalques aderem facilmente a qualquer superf\u00edcie lisa.<\/p>\n<p>~Corte e vinco de computadores. N\u00e3o h\u00e1 fundo nesses decalques.<\/p>\n<p>~Material de vinil autoadesivo e ecologicamente correto.<\/p>\n<p>~\u00c0 prova d'\u00e1gua e extremamente resistente \u00e0s intemp\u00e9ries.<\/p>\n<p>~Aplique e remova facilmente sem deixar res\u00edduos.<\/p>\n<p>Observa\u00e7\u00e3o: as cores do item que voc\u00ea recebe podem variar ligeiramente devido \u00e0s diferentes configura\u00e7\u00f5es do monitor, equipamento de filmagem, condi\u00e7\u00f5es de ilumina\u00e7\u00e3o, etc. Esperamos que voc\u00ea possa entender.<br \/>\n<strong><strong><img decoding=\"async\" src=\"https:\/\/ae01.alicdn.com\/kf\/S24e588a3cb6b46ada3a8ff3210ae44f86.jpg?width=1200&amp;height=1200&amp;hash=2400\" alt=\"Standify Estatuetas do anime Dragon Ball Z e suporte para fone de ouvido Goku\"><strong><strong><img decoding=\"async\" src=\"https:\/\/ae01.alicdn.com\/kf\/S7b2e9525279e43a2a879ca91f4d05cedX.jpg?width=1001&amp;height=1001&amp;hash=2002\" alt=\"Standify Estatuetas do anime Dragon Ball Z e suporte para fone de ouvido Goku\"><\/strong><\/strong><\/strong><\/strong><\/strong><br \/>\n\u00a0<\/p>\n<p>\u00a0<\/p>\n<p>\u00a0<\/p>","protected":false},"excerpt":{"rendered":"<p>\u00a0Cartoon Holographic Anime Laser Stickers (25\u00a0designs) ~Waterproof, Storm Proof, Sun-proof, No harm to car paint &amp; Removable. ~This decal is<\/p>","protected":false},"featured_media":1280,"comment_status":"open","ping_status":"closed","template":"","meta":[],"product_brand":[],"product_cat":[641,16],"product_tag":[],"class_list":{"0":"post-1254","1":"product","2":"type-product","3":"status-publish","4":"has-post-thumbnail","6":"product_cat-dragon-ball-z-super-saiyan","7":"product_cat-standify","9":"first","10":"instock","11":"taxable","12":"shipping-taxable","13":"purchasable","14":"product-type-variable"},"jetpack_sharing_enabled":true,"_links":{"self":[{"href":"https:\/\/standify.org\/pt\/wp-json\/wp\/v2\/product\/1254","targetHints":{"allow":["GET"]}}],"collection":[{"href":"https:\/\/standify.org\/pt\/wp-json\/wp\/v2\/product"}],"about":[{"href":"https:\/\/standify.org\/pt\/wp-json\/wp\/v2\/types\/product"}],"replies":[{"embeddable":true,"href":"https:\/\/standify.org\/pt\/wp-json\/wp\/v2\/comments?post=1254"}],"version-history":[{"count":0,"href":"https:\/\/standify.org\/pt\/wp-json\/wp\/v2\/product\/1254\/revisions"}],"wp:featuredmedia":[{"embeddable":true,"href":"https:\/\/standify.org\/pt\/wp-json\/wp\/v2\/media\/1280"}],"wp:attachment":[{"href":"https:\/\/standify.org\/pt\/wp-json\/wp\/v2\/media?parent=1254"}],"wp:term":[{"taxonomy":"product_brand","embeddable":true,"href":"https:\/\/standify.org\/pt\/wp-json\/wp\/v2\/product_brand?post=1254"},{"taxonomy":"product_cat","embeddable":true,"href":"https:\/\/standify.org\/pt\/wp-json\/wp\/v2\/product_cat?post=1254"},{"taxonomy":"product_tag","embeddable":true,"href":"https:\/\/standify.org\/pt\/wp-json\/wp\/v2\/product_tag?post=1254"}],"curies":[{"name":"wp","href":"https:\/\/api.w.org\/{rel}","templated":true}]}}