{"id":1119,"date":"2024-02-28T13:13:24","date_gmt":"2024-02-28T13:13:24","guid":{"rendered":"https:\/\/standify.org\/?post_type=product&#038;p=1119"},"modified":"2026-04-17T04:46:26","modified_gmt":"2026-04-16T18:46:26","slug":"luzes-noturnas-de-dragon-ball-z-shenlong-dragon","status":"publish","type":"product","link":"https:\/\/standify.org\/pt\/loja\/luzes-noturnas-de-dragon-ball-z-shenlong-dragon\/","title":{"rendered":"L\u00e2mpada Dragon Ball Z Shenrong 7 Crystal Balls"},"content":{"rendered":"<p>Invoque o poder das Dragon Balls com as luzes noturnas de figuras de a\u00e7\u00e3o LED Shenrong da Bandai Dragon Ball Z Anime! Essa pe\u00e7a intrinsecamente detalhada \u00e9 um item obrigat\u00f3rio para todos os f\u00e3s de Dragon Ball Z.<\/p>\n<p>Tamanho:<br \/>\n<span data-mce-fragment=\"1\">Shenrong<\/span>: Aproximadamente 15 cm de altura<br \/>\nBolas de cristal: 3,5 cm de di\u00e2metro<br \/>\nC\u00edrculo: 15 cm de di\u00e2metro<\/p>\n<p>Caracter\u00edsticas:<br \/>\nLuzes LED impressionantes que criam um brilho m\u00e1gico<br \/>\nVem com um controle remoto para facilitar a opera\u00e7\u00e3o<br \/>\nSete bolas de cristal de 3,5 cm de di\u00e2metro para uma experi\u00eancia aut\u00eantica de Dragon Ball<br \/>\nFabricado com material dur\u00e1vel de PVA+Cristal<br \/>\n\ud83d\udc09 Detalhado <span data-mce-fragment=\"1\">Shenrong<\/span>\u00a0figura que d\u00e1 um toque de a\u00e7\u00e3o ao seu quarto<\/p>","protected":false},"excerpt":{"rendered":"<p>Summon the power of the Dragon Balls with the Bandai Dragon Ball Z Anime Shenrong LED Action Figures Night Lights!<\/p>","protected":false},"featured_media":1121,"comment_status":"open","ping_status":"closed","template":"","meta":[],"product_brand":[],"product_cat":[641,16,18,183],"product_tag":[21],"class_list":{"0":"post-1119","1":"product","2":"type-product","3":"status-publish","4":"has-post-thumbnail","6":"product_cat-dragon-ball-z-super-saiyan","7":"product_cat-standify","8":"product_cat-action-figure","9":"product_cat-featured-items","10":"product_tag-decoration","12":"first","13":"instock","14":"sale","15":"taxable","16":"shipping-taxable","17":"purchasable","18":"product-type-simple"},"jetpack_sharing_enabled":true,"_links":{"self":[{"href":"https:\/\/standify.org\/pt\/wp-json\/wp\/v2\/product\/1119","targetHints":{"allow":["GET"]}}],"collection":[{"href":"https:\/\/standify.org\/pt\/wp-json\/wp\/v2\/product"}],"about":[{"href":"https:\/\/standify.org\/pt\/wp-json\/wp\/v2\/types\/product"}],"replies":[{"embeddable":true,"href":"https:\/\/standify.org\/pt\/wp-json\/wp\/v2\/comments?post=1119"}],"version-history":[{"count":1,"href":"https:\/\/standify.org\/pt\/wp-json\/wp\/v2\/product\/1119\/revisions"}],"predecessor-version":[{"id":16252,"href":"https:\/\/standify.org\/pt\/wp-json\/wp\/v2\/product\/1119\/revisions\/16252"}],"wp:featuredmedia":[{"embeddable":true,"href":"https:\/\/standify.org\/pt\/wp-json\/wp\/v2\/media\/1121"}],"wp:attachment":[{"href":"https:\/\/standify.org\/pt\/wp-json\/wp\/v2\/media?parent=1119"}],"wp:term":[{"taxonomy":"product_brand","embeddable":true,"href":"https:\/\/standify.org\/pt\/wp-json\/wp\/v2\/product_brand?post=1119"},{"taxonomy":"product_cat","embeddable":true,"href":"https:\/\/standify.org\/pt\/wp-json\/wp\/v2\/product_cat?post=1119"},{"taxonomy":"product_tag","embeddable":true,"href":"https:\/\/standify.org\/pt\/wp-json\/wp\/v2\/product_tag?post=1119"}],"curies":[{"name":"wp","href":"https:\/\/api.w.org\/{rel}","templated":true}]}}