{"id":965,"date":"2024-02-28T13:13:24","date_gmt":"2024-02-28T13:13:24","guid":{"rendered":"https:\/\/standify.org\/?post_type=product&#038;p=965"},"modified":"2026-05-05T11:13:25","modified_gmt":"2026-05-05T01:13:25","slug":"dbz-premium-rgb-3mm-desk-pads-5-sizes","status":"publish","type":"product","link":"https:\/\/standify.org\/pl\/shop\/dbz-premium-rgb-3mm-desk-pads-5-sizes\/","title":{"rendered":"Podk\u0142adki na biurko DBZ Premium RGB 3 mm - 19 wzor\u00f3w"},"content":{"rendered":"<p><img decoding=\"async\" src=\"https:\/\/cdn.shopify.com\/s\/files\/1\/0671\/5054\/5114\/files\/S018c21edb7a240aa8c1da772b569f841e_480x480.webp?v=1698503483\" alt=\"Standify Figurki anime Dragon Ball Z i stojak na s\u0142uchawki Goku\"><\/p>\n<p>Zanurz si\u0119 g\u0142\u0119boko w wymiar, w kt\u00f3rym Dragon Ball Z \u0142\u0105czy si\u0119 z niezr\u00f3wnan\u0105 technologi\u0105. Przedstawiamy nasze podk\u0142adki na biurko DBZ Premium RGB, si\u0142\u0119, kt\u00f3ra sprawi, \u017ce ka\u017cda inna podk\u0142adka pod mysz wyda si\u0119 nieistotna!<\/p>\n<p><strong>Dlaczego jest to podk\u0142adka na biurko, kt\u00f3r\u0105 warto posiada\u0107<\/strong>: \ud83d\udd25\u00a0<strong>Niezr\u00f3wnane projekty DBZ<\/strong>: Wybieraj spo\u015br\u00f3d 19 zapieraj\u0105cych dech w piersiach unikalnych, wysokiej jako\u015bci niestandardowych wzor\u00f3w. Zanurz si\u0119 w pot\u0119dze Goku, zaciek\u0142o\u015bci Vegety i magii DBZ, wyr\u00f3\u017cniaj\u0105c swoje biurko spo\u015br\u00f3d innych.<\/p>\n<p>\ud83c\udf0c\u00a0<strong>RGB Brilliance<\/strong>: Twoje biurko zas\u0142uguje na wi\u0119cej ni\u017c tylko odrobin\u0119 koloru. Do\u015bwiadcz symfonii konfigurowalnego o\u015bwietlenia LED RGB, skrupulatnie zaprojektowanego, aby nada\u0107 ton ka\u017cdemu nastrojowi i ruchowi.<\/p>\n<p>\ud83d\uddb1\ufe0f\u00a0<strong>Epitome wydajno\u015bci<\/strong>: Zapomnij o tych cie\u0144szych, gorszych podk\u0142adkach pod mysz, kt\u00f3re nie nad\u0105\u017caj\u0105. Dzi\u0119ki grubo\u015bci 3 mm do\u015bwiadczysz amortyzowanego po\u015blizgu przy ka\u017cdym ruchu myszy, niezale\u017cnie od tego, czy jeste\u015b g\u0142\u0119boko w grze, czy w pracy.<\/p>\n<p>\u2728\u00a0<strong>Materia\u0142y najwy\u017cszej klasy<\/strong>: Wykonane z elitarnej gumy, nie chodzi tylko o estetyk\u0119. Ciesz si\u0119 stabilno\u015bci\u0105 dzi\u0119ki antypo\u015blizgowej podstawie i spr\u0119\u017cysto\u015bci, o kt\u00f3rej mniejsze podk\u0142adki mog\u0105 tylko pomarzy\u0107.<\/p>\n<p><strong>Funkcje, kt\u00f3rym nie dor\u00f3wnuj\u0105 \u017cadne inne<\/strong>:<\/p>\n<ul>\n<li><strong>Doskona\u0142a estetyka pod\u015bwietlenia i LED<\/strong>: Po co zadowala\u0107 si\u0119 tym, co przyziemne, skoro mo\u017cna roz\u015bwietli\u0107 swoje sesje?<\/li>\n<li><strong>Niezb\u0119dne akcesoria dla graczy<\/strong>: To nie jest zwyk\u0142a podk\u0142adka pod mysz; to zmieniacz gier.<\/li>\n<li><strong>Anime w najlepszym wydaniu<\/strong>: Pochwal si\u0119 swoim doskona\u0142ym gustem i fandomem z dum\u0105.<\/li>\n<li><strong>Optymalny rozmiar i zasi\u0119g<\/strong>: Po\u017cegnaj si\u0119 z ograniczeniami mniejszych, \u015bliskich podk\u0142adek.<\/li>\n<\/ul>\n<p><strong>Rozmiary dostosowane do potrzeb mistrz\u00f3w<\/strong>:<\/p>\n<ol>\n<li>RGB 300x600x3mm<\/li>\n<li>RGB 300x700x3mm<\/li>\n<li>RGB 250x350x3mm<\/li>\n<li>RGB 300x800x3mm<\/li>\n<li>RGB 400x900x3mm<\/li>\n<\/ol>\n<p>Po co by\u0107 zwyczajnym, skoro mo\u017cna do\u0142\u0105czy\u0107 do elity? Dzi\u0119ki podk\u0142adce na biurko DBZ Premium RGB nie tylko ulepszasz swoj\u0105 konfiguracj\u0119, ale tak\u017ce og\u0142aszasz sw\u00f3j status. Je\u015bli zadowolisz si\u0119 czym\u015b gorszym, tracisz to, co najlepsze. Wykorzystaj ten moment i pozw\u00f3l swojemu biurku promieniowa\u0107 niezr\u00f3wnan\u0105 moc\u0105! \ud83c\udf1f\ud83d\udc09<\/p>","protected":false},"excerpt":{"rendered":"<p><strong>Super Plush<br \/>\n\ud83c\udfc6 Materia\u0142y wysokiej jako\u015bci<br \/>\nNiesamowity prezent<\/strong><\/p>","protected":false},"featured_media":1061,"comment_status":"open","ping_status":"closed","template":"","meta":[],"product_brand":[],"product_cat":[641,16,28],"product_tag":[21,26,27],"class_list":{"0":"post-965","1":"product","2":"type-product","3":"status-publish","4":"has-post-thumbnail","6":"product_cat-dragon-ball-z-super-saiyan","7":"product_cat-standify","8":"product_cat-desk-pad","9":"product_tag-decoration","10":"product_tag-desk-pads","11":"product_tag-upsell","13":"first","14":"instock","15":"taxable","16":"shipping-taxable","17":"purchasable","18":"product-type-variable","19":"has-default-attributes"},"jetpack_sharing_enabled":true,"_links":{"self":[{"href":"https:\/\/standify.org\/pl\/wp-json\/wp\/v2\/product\/965","targetHints":{"allow":["GET"]}}],"collection":[{"href":"https:\/\/standify.org\/pl\/wp-json\/wp\/v2\/product"}],"about":[{"href":"https:\/\/standify.org\/pl\/wp-json\/wp\/v2\/types\/product"}],"replies":[{"embeddable":true,"href":"https:\/\/standify.org\/pl\/wp-json\/wp\/v2\/comments?post=965"}],"version-history":[{"count":1,"href":"https:\/\/standify.org\/pl\/wp-json\/wp\/v2\/product\/965\/revisions"}],"predecessor-version":[{"id":16446,"href":"https:\/\/standify.org\/pl\/wp-json\/wp\/v2\/product\/965\/revisions\/16446"}],"wp:featuredmedia":[{"embeddable":true,"href":"https:\/\/standify.org\/pl\/wp-json\/wp\/v2\/media\/1061"}],"wp:attachment":[{"href":"https:\/\/standify.org\/pl\/wp-json\/wp\/v2\/media?parent=965"}],"wp:term":[{"taxonomy":"product_brand","embeddable":true,"href":"https:\/\/standify.org\/pl\/wp-json\/wp\/v2\/product_brand?post=965"},{"taxonomy":"product_cat","embeddable":true,"href":"https:\/\/standify.org\/pl\/wp-json\/wp\/v2\/product_cat?post=965"},{"taxonomy":"product_tag","embeddable":true,"href":"https:\/\/standify.org\/pl\/wp-json\/wp\/v2\/product_tag?post=965"}],"curies":[{"name":"wp","href":"https:\/\/api.w.org\/{rel}","templated":true}]}}