{"id":464,"date":"2023-11-07T15:03:41","date_gmt":"2023-11-07T15:03:41","guid":{"rendered":"https:\/\/standify.org\/?product=controller-stand-zombie-hand"},"modified":"2025-12-17T03:35:32","modified_gmt":"2025-12-16T17:35:32","slug":"controller-stand-zombie-hand","status":"publish","type":"product","link":"https:\/\/standify.org\/pl\/shop\/controller-stand-zombie-hand\/","title":{"rendered":"Kontroler Stand Zombie Hand"},"content":{"rendered":"<p>Uwolnij nieumar\u0142ych, aby uporz\u0105dkowa\u0107 sw\u00f3j sprz\u0119t do gier dzi\u0119ki Zombie Hand - najlepszemu kontrolerowi i stojakowi na s\u0142uchawki, kt\u00f3ry obiecuje tchn\u0105\u0107 \u017cycie w twoj\u0105 stacj\u0119 do gier!<\/p>\n<p>\ud83c\udfae <strong>Uchwyt na s\u0142uchawki - stra\u017cnik twojego sprz\u0119tu<\/strong> Podkr\u0119\u0107 swoj\u0105 gr\u0119 dzi\u0119ki uchwytowi, kt\u00f3ry jest nie tylko funkcjonalny, ale i diabelnie stylowy. To nie tylko miejsce do powieszenia zestawu s\u0142uchawkowego po wyczerpuj\u0105cej sesji grania; to o\u015bwiadczenie. Latarnia w nocy, kt\u00f3ra krzyczy: \"Dobrze zagrane!\". Niech ta r\u0119ka zombie wynurzy si\u0119 z g\u0142\u0119bi biurka, aby trzyma\u0107 s\u0142uchawki, utrzymuj\u0105c je w nieskazitelnym stanie, rozpl\u0105tane i zawsze w zasi\u0119gu r\u0119ki.<\/p>\n<p>\ud83c\udfa7 <strong>Controller Haven - Ogarnij u\u015bcisk nieumar\u0142ych<\/strong> Nie obawiaj si\u0119, poniewa\u017c ten stojak nie dyskryminuje; jest posiadaczem r\u00f3wnych szans. Niezale\u017cnie od tego, czy jeste\u015b wierny konsoli Xbox, PlayStation czy Switch, pozw\u00f3l tej r\u0119ce chwyci\u0107 kontroler, trzymaj\u0105c go w g\u00f3rze i dumnie. Wykonany z wytrzyma\u0142ej \u017cywicy i starannie r\u0119cznie malowany, to nie tylko stojak - to trofeum, kt\u00f3re jest \u015bwiadectwem niezliczonych bitew i zwyci\u0119stw. Jest nie tylko zbudowany - jest wykuty na wieczno\u015b\u0107, obiecuj\u0105c niezachwiane wsparcie dla twoich najszlachetniejszych narz\u0119dzi handlu.<\/p>\n<p>\ud83c\udfae <strong>Stojak na telefon - Twoja technologia chwytana przez zmar\u0142ych<\/strong> Czy kiedykolwiek pomy\u015bla\u0142e\u015b, \u017ce Tw\u00f3j telefon m\u00f3g\u0142by by\u0107 bardziej makabryczny? Nie szukaj dalej. Ten stojak chwyta urz\u0105dzenie mobilne zimnymi, martwymi d\u0142o\u0144mi apokalipsy, zapewniaj\u0105c, \u017ce nawet w ogniu walki masz wyra\u017any widok na ekran. iPhone lub Samsung, Google lub jakikolwiek inny - z etui lub bez - ten zombie nie ocenia. Po prostu trzyma... bezlito\u015bnie.<\/p>\n<p>\ud83c\udfa7 <strong>Dar Grobu - Nieziemska niespodzianka dla graczy<\/strong> Szukasz idealnego prezentu dla mi\u0142o\u015bnika gier? The Zombie Hand jest dostarczany w opakowaniu zaprojektowanym z tak\u0105 sam\u0105 staranno\u015bci\u0105, jak sama podstawka, dzi\u0119ki czemu dotrze z za\u015bwiat\u00f3w do Twoich drzwi w nienagannym stanie. Przy wymiarach 17x27x18,5 cm jest idealnym miejscem spoczynku dla oficjalnych kontroler\u00f3w PS5, XBOX Series X|S i wi\u0119kszo\u015bci dost\u0119pnych na rynku zestaw\u00f3w s\u0142uchawkowych.<\/p>\n<p>Odwa\u017c si\u0119 doda\u0107 odrobin\u0119 niezwyk\u0142o\u015bci do swojej konfiguracji dzi\u0119ki temu wyj\u0105tkowemu akcesorium do gier. Ka\u017cde spojrzenie na R\u0119k\u0119 Zombie przypomni ci, \u017ce w \u015bwiecie zwyk\u0142ych graczy jeste\u015b ocala\u0142ym, ostatnim stoj\u0105cym, zazdro\u015bci\u0105 hordy.<\/p>","protected":false},"excerpt":{"rendered":"<p>Uwolnij nieumar\u0142ych, aby uporz\u0105dkowa\u0107 sw\u00f3j sprz\u0119t do gier dzi\u0119ki Zombie Hand - najlepszemu kontrolerowi i stojakowi na s\u0142uchawki, kt\u00f3ry<\/p>","protected":false},"featured_media":466,"comment_status":"open","ping_status":"closed","template":"","meta":[],"product_brand":[],"product_cat":[16,25],"product_tag":[24],"class_list":{"0":"post-464","1":"product","2":"type-product","3":"status-publish","4":"has-post-thumbnail","6":"product_cat-standify","7":"product_cat-controller-stand","8":"product_tag-controller-stand","10":"first","11":"instock","12":"sale","13":"taxable","14":"shipping-taxable","15":"purchasable","16":"product-type-simple"},"jetpack_sharing_enabled":true,"_links":{"self":[{"href":"https:\/\/standify.org\/pl\/wp-json\/wp\/v2\/product\/464","targetHints":{"allow":["GET"]}}],"collection":[{"href":"https:\/\/standify.org\/pl\/wp-json\/wp\/v2\/product"}],"about":[{"href":"https:\/\/standify.org\/pl\/wp-json\/wp\/v2\/types\/product"}],"replies":[{"embeddable":true,"href":"https:\/\/standify.org\/pl\/wp-json\/wp\/v2\/comments?post=464"}],"version-history":[{"count":0,"href":"https:\/\/standify.org\/pl\/wp-json\/wp\/v2\/product\/464\/revisions"}],"wp:featuredmedia":[{"embeddable":true,"href":"https:\/\/standify.org\/pl\/wp-json\/wp\/v2\/media\/466"}],"wp:attachment":[{"href":"https:\/\/standify.org\/pl\/wp-json\/wp\/v2\/media?parent=464"}],"wp:term":[{"taxonomy":"product_brand","embeddable":true,"href":"https:\/\/standify.org\/pl\/wp-json\/wp\/v2\/product_brand?post=464"},{"taxonomy":"product_cat","embeddable":true,"href":"https:\/\/standify.org\/pl\/wp-json\/wp\/v2\/product_cat?post=464"},{"taxonomy":"product_tag","embeddable":true,"href":"https:\/\/standify.org\/pl\/wp-json\/wp\/v2\/product_tag?post=464"}],"curies":[{"name":"wp","href":"https:\/\/api.w.org\/{rel}","templated":true}]}}