{"id":33638,"date":"2025-11-12T01:31:57","date_gmt":"2025-11-11T15:31:57","guid":{"rendered":"https:\/\/standify.org\/?post_type=product&#038;p=33638"},"modified":"2025-11-26T18:23:50","modified_gmt":"2025-11-26T08:23:50","slug":"core-memories-memory-orb-video-globe","status":"publish","type":"product","link":"https:\/\/standify.org\/pl\/shop\/core-memories-memory-orb-video-globe\/","title":{"rendered":"Rdze\u0144 Pami\u0119\u0107 Orb Video Globe"},"content":{"rendered":"<p><strong>Zdob\u0105d\u017a serca i stw\u00f3rz trwa\u0142e wspomnienia - bez k\u0142opot\u00f3w z blakn\u0105cymi zdj\u0119ciami<\/strong><\/p>\n<p>Wyobra\u017a sobie u\u015bmiech na ich twarzach, gdy wr\u0119czasz im prezent, kt\u00f3ry nie tylko le\u017cy na p\u00f3\u0142ce - odtwarza on przysi\u0119g\u0119 \u015blubn\u0105, pierwszy \u015bmiech dziecka lub niespodziewan\u0105 propozycj\u0119, bezpo\u015brednio w ich r\u0119kach. Koniec z przekopywaniem si\u0119 przez albumy w telefonie lub martwieniem si\u0119, \u017ce wspomnienia pokryj\u0105 si\u0119 kurzem. Nasza szklana kula wideo zamienia te ulotne chwile w \u015bwiec\u0105cy, osobisty skarb, kt\u00f3ry b\u0119d\u0105 piel\u0119gnowa\u0107 przez lata, wywo\u0142uj\u0105c rado\u015b\u0107 i wi\u0119\u017a za ka\u017cdym razem, gdy zajrz\u0105 do \u015brodka.<\/p>\n<p>Zyskujesz dreszczyk emocji zwi\u0105zany z podarowaniem czego\u015b naprawd\u0119 jedynego w swoim rodzaju - szczerego, a nie og\u00f3lnego - jednocze\u015bnie unikaj\u0105c \u017calu zwi\u0105zanego z zapomnianym prezentem, kt\u00f3ry l\u0105duje z ty\u0142u szuflady.<\/p>\n<p><a href=\"https:\/\/standify.org\/wp-content\/uploads\/2025\/11\/core_memories_memory_orb_video_globe_player_baby_video.webp\"><img fetchpriority=\"high\" decoding=\"async\" class=\"size-full wp-image-33666 aligncenter\" src=\"https:\/\/standify.org\/wp-content\/uploads\/2025\/11\/core_memories_memory_orb_video_globe_player_baby_video.webp\" alt=\"Wideo przedstawiaj\u0105ce dziecko i jego matk\u0119 w kulistej kuli odtwarzacza wideo\" width=\"800\" height=\"779\" \/><\/a><\/p>\n<p><strong>Dlaczego ten globus to czysta magia<\/strong><\/p>\n<ul>\n<li><strong>Natychmiastowe prze\u017cywanie emocji<\/strong>: Prze\u015blij sw\u00f3j film lub pokaz slajd\u00f3w ze zdj\u0119ciami, a po jednym przekr\u0119ceniu pokr\u0119t\u0142a o\u017cyje on na wyra\u017anym wy\u015bwietlaczu pod po\u0142yskuj\u0105cym szk\u0142em - tak jakby\u015b trzyma\u0142 kawa\u0142ek swojej historii, wraz z wbudowanym d\u017awi\u0119kiem, kt\u00f3ry wype\u0142ni pomieszczenie \u015bmiechem lub szeptem \u201ckocham ci\u0119\u201d.\u201d<\/li>\n<li><strong>\u0141atwa konfiguracja, zero b\u00f3lu g\u0142owy<\/strong>: Pod\u0142\u0105cz go do komputera z systemem Windows za pomoc\u0105 kabla USB (w zestawie), przeci\u0105gnij i upu\u015b\u0107 pliki MP4 lub JPG, tak jak kopiujesz pliki na pendrive'a - w ci\u0105gu kilku minut, bez konieczno\u015bci korzystania z aplikacji lub technicznych sztuczek. (U\u017cytkownicy komputer\u00f3w Mac? Zalecamy korzystanie z komputera z systemem Windows do przesy\u0142ania).<\/li>\n<li><strong>Wytrzyma\u0142a konstrukcja na co dzie\u0144<\/strong>: Wysokiej jako\u015bci szklana kopu\u0142a i solidna podstawa z tworzywa ABS s\u0105 odporne na ciekawskie r\u0119ce (idealne dla dzieci lub wnuk\u00f3w), a akumulator utrzymuje magi\u0119 przez 2-4 godziny bez przerwy - na\u0142aduj go przez USB-C i jest gotowy na nast\u0119pn\u0105 serdeczn\u0105 chwil\u0119.<\/li>\n<li><strong>Wype\u0142niaj\u0105cy pomieszczenie d\u017awi\u0119k bez zb\u0119dnej masy<\/strong>: Niewielki g\u0142o\u015bnik zapewnia czysty d\u017awi\u0119k przy regulowanej g\u0142o\u015bno\u015bci, dzi\u0119ki czemu mo\u017cna us\u0142ysze\u0107 ka\u017cdy chichot lub bicie serca bez konieczno\u015bci stosowania dodatkowych g\u0142o\u015bnik\u00f3w - intymne na rocznice, \u017cywe na spotkania rodzinne.<\/li>\n<\/ul>\n<p>We\u017amy na przyk\u0142ad histori\u0119 Sary: Przes\u0142a\u0142a swoje wideo z USG, aby ujawni\u0107 ci\u0105\u017c\u0119 swoim te\u015bciom. Gdy kula ziemska roz\u015bwietli\u0142a si\u0119, a bicie serca pulsowa\u0142o, pop\u0142yn\u0119\u0142y \u0142zy i mno\u017cy\u0142y si\u0119 u\u015bciski. Teraz jest to dekoracja pokoju dzieci\u0119cego, gotowa na kolejny kamie\u0144 milowy - prezent, kt\u00f3ry ewoluuje wraz z ich rodzin\u0105.<\/p>\n<p><strong>Idealny dla tych chwil, kt\u00f3re maj\u0105 znaczenie<\/strong><\/p>\n<ul>\n<li>Romantyczne niespodzianki, takie jak rocznice, walentynki lub o\u015bwiadczyny - powiedz \u201cna zawsze\u201d w spos\u00f3b, kt\u00f3rego s\u0142owa nie mog\u0105 dotkn\u0105\u0107.<\/li>\n<li>\ud83d\udc68\u200d\ud83d\udc69\u200d\ud83d\udc67 Uroczysto\u015bci rodzinne: Urodziny, ozdoby choinkowe lub prysznice dla dzieci, na kt\u00f3rych ujawniasz nowin\u0119 za pomoc\u0105 \u015bwiec\u0105cego bicia serca lub klipu ujawniaj\u0105cego p\u0142e\u0107.<\/li>\n<li>Du\u017ce wydarzenia \u017cyciowe: \u015aluby, zar\u0119czyny, a nawet upami\u0119tnienia zwierz\u0105t - zamie\u0144 cenne filmy wideo w wisz\u0105ce ozdoby na drzewie lub pami\u0105tki na stole.<\/li>\n<li>Codzienna czu\u0142o\u015b\u0107: Dla przyjaci\u00f3\u0142, partner\u00f3w lub ka\u017cdego, kto chce poczu\u0107 si\u0119 zauwa\u017cony i kochany.<\/li>\n<\/ul>\n<p><strong>Szybkie specyfikacje, kt\u00f3re wspieraj\u0105 magi\u0119<\/strong><\/p>\n<ul>\n<li><strong>Przechowywanie i odtwarzanie<\/strong>: 4 GB mie\u015bci dziesi\u0105tki film\u00f3w\/zdj\u0119\u0107 - obs\u0142uguje wiele plik\u00f3w, format kwadratowy (1:1) najlepiej sprawdza si\u0119 na pe\u0142nym ekranie.<\/li>\n<li><strong>Rozmiar i budowa<\/strong>: Kompaktowy sze\u015bcian 7 cm (oko\u0142o pi\u0142ki baseballowej) w eleganckich odcieniach; szk\u0142o zapewniaj\u0105ce efektowny blask, ABS zapewniaj\u0105cy trwa\u0142o\u015b\u0107.<\/li>\n<li><strong>Moc i d\u017awi\u0119k<\/strong>: bateria 800 mAh (2-4 godziny odtwarzania); pokr\u0119t\u0142o steruj\u0105ce odtwarzaniem, g\u0142o\u015bno\u015bci\u0105 i prze\u0142\u0105czaniem plik\u00f3w - proste jak przekr\u0119cenie pokr\u0119t\u0142a.<\/li>\n<li><strong>Opcje<\/strong>: Wybierz tylko kul\u0119 ziemsk\u0105 do niestandardowych zawiesze\u0144, tylko podstaw\u0119 do aktualizacji lub pe\u0142ny zestaw (kula ziemska + podstawa), aby uruchomi\u0107 wspomnienia po wyj\u0119ciu z pude\u0142ka.<\/li>\n<li><strong>Uwaga dotycz\u0105ca kompatybilno\u015bci<\/strong>: Windows PC do przesy\u0142ania (do\u0142\u0105czamy przewodnik); przetestowane przed wysy\u0142k\u0105 - wszystkie sprzeda\u017ce s\u0105 ostateczne po spersonalizowaniu.<\/li>\n<\/ul>\n<p><strong>Jak o\u017cywi\u0107 swoje wspomnienia (to takie proste)<\/strong><\/p>\n<ol>\n<li>Pod\u0142\u0105cz przez USB do komputera z systemem Windows - pojawi si\u0119 jak dysk.<\/li>\n<li>Wrzu\u0107 swoje kwadratowe filmy lub zdj\u0119cia (szczeg\u00f3\u0142owe instrukcje w zestawie).<\/li>\n<li>W\u0142\u0105cz zasilanie, przekr\u0119\u0107 pokr\u0119t\u0142o, aby rozpocz\u0105\u0107 odtwarzanie - poczuj ciep\u0142o uchwyconych chwil, kt\u00f3re roz\u015bwietl\u0105 \u015bwiat.<\/li>\n<\/ol>\n<p>Nie pozw\u00f3l umkn\u0105\u0107 wyj\u0105tkowym chwilom - ju\u017c dzi\u015b chwy\u0107 Glass Video Globe i spraw, by ka\u017cde spojrzenie by\u0142o powt\u00f3rk\u0105 z czystej rado\u015bci. Zam\u00f3wienia s\u0105 wysy\u0142ane szybko (z bezp\u0142atnym przewodnikiem), a dzi\u0119ki \u0142atwym zwrotom, je\u015bli nie jest to mi\u0142o\u015b\u0107 od pierwszego wejrzenia, po co czeka\u0107? Spersonalizuj sw\u00f3j ju\u017c teraz, zanim \u015bwi\u0119ta si\u0119 sko\u0144cz\u0105. \ud83c\udf81<\/p>","protected":false},"excerpt":{"rendered":"<p>Zamie\u0144 cenne wspomnienia w magi\u0119.<br \/>\n\u2764\ufe0f Trzymaj swoje najszcz\u0119\u015bliwsze chwile w d\u0142oni.<br \/>\nUs\u0142ysz ich pierwsze bicie serca, kiedy tylko zechcesz.<br \/>\n\ud83d\udc68\u200d\ud83d\udc69\u200d\ud83d\udc67\u200d\ud83d\udc66 Trzymaj swoich ulubionych ludzi zawsze blisko.<br \/>\nCeni\u0107 mi\u0142o\u015b\u0107 najlepszego przyjaciela na zawsze.<br \/>\nPrze\u017cywaj sw\u00f3j moment \u201ctak\u201d ka\u017cdego dnia.<br \/>\nPodaruj uczucie, a nie tylko prezent.<\/p>","protected":false},"featured_media":33643,"comment_status":"closed","ping_status":"closed","template":"","meta":[],"product_brand":[],"product_cat":[141],"product_tag":[862],"class_list":{"0":"post-33638","1":"product","2":"type-product","3":"status-publish","4":"has-post-thumbnail","6":"product_cat-for-her","7":"product_tag-bundle","9":"first","10":"instock","11":"sale","12":"taxable","13":"shipping-taxable","14":"purchasable","15":"product-type-variable","16":"has-default-attributes"},"jetpack_sharing_enabled":true,"_links":{"self":[{"href":"https:\/\/standify.org\/pl\/wp-json\/wp\/v2\/product\/33638","targetHints":{"allow":["GET"]}}],"collection":[{"href":"https:\/\/standify.org\/pl\/wp-json\/wp\/v2\/product"}],"about":[{"href":"https:\/\/standify.org\/pl\/wp-json\/wp\/v2\/types\/product"}],"replies":[{"embeddable":true,"href":"https:\/\/standify.org\/pl\/wp-json\/wp\/v2\/comments?post=33638"}],"version-history":[{"count":5,"href":"https:\/\/standify.org\/pl\/wp-json\/wp\/v2\/product\/33638\/revisions"}],"predecessor-version":[{"id":33667,"href":"https:\/\/standify.org\/pl\/wp-json\/wp\/v2\/product\/33638\/revisions\/33667"}],"wp:featuredmedia":[{"embeddable":true,"href":"https:\/\/standify.org\/pl\/wp-json\/wp\/v2\/media\/33643"}],"wp:attachment":[{"href":"https:\/\/standify.org\/pl\/wp-json\/wp\/v2\/media?parent=33638"}],"wp:term":[{"taxonomy":"product_brand","embeddable":true,"href":"https:\/\/standify.org\/pl\/wp-json\/wp\/v2\/product_brand?post=33638"},{"taxonomy":"product_cat","embeddable":true,"href":"https:\/\/standify.org\/pl\/wp-json\/wp\/v2\/product_cat?post=33638"},{"taxonomy":"product_tag","embeddable":true,"href":"https:\/\/standify.org\/pl\/wp-json\/wp\/v2\/product_tag?post=33638"}],"curies":[{"name":"wp","href":"https:\/\/api.w.org\/{rel}","templated":true}]}}