{"id":32,"date":"2024-03-07T12:25:25","date_gmt":"2024-03-07T12:25:25","guid":{"rendered":"https:\/\/standify.org\/?post_type=product&#038;p=32"},"modified":"2026-05-03T06:14:08","modified_gmt":"2026-05-02T20:14:08","slug":"10cm-son-goku-on-cloud","status":"publish","type":"product","link":"https:\/\/standify.org\/pl\/shop\/10cm-son-goku-on-cloud\/","title":{"rendered":"10 cm Son Goku na chmurze"},"content":{"rendered":"<p class=\"whitespace-pre-wrap break-words\">\ud83c\udf1f <strong>NAJLEPSZY PREZENT DLA MI\u0141O\u015aNIK\u00d3W PRZYG\u00d3D<\/strong> \ud83c\udf1f<\/p>\n<p class=\"whitespace-pre-wrap break-words\">Zdob\u0105d\u017a nasz\u0105 specjaln\u0105 10-centymetrow\u0105 figurk\u0119 \"Son of Goku Riding a Cloud\"! Jest idealna dla fan\u00f3w, kt\u00f3rzy kochaj\u0105 ekscytuj\u0105ce historie i odwa\u017cnych bohater\u00f3w. Ta ma\u0142a figurka przedstawia syna Goku siedz\u0105cego na jego magicznej chmurze, gotowego na przygod\u0119.<\/p>\n<p class=\"whitespace-pre-wrap break-words\"><strong>SIZE:<\/strong> Wysoko\u015b\u0107 10 cm, idealna na biurko.<br \/>\n<strong>DESIGN:<\/strong> Przedstawia syna Goku w stroju bojowym, u\u015bmiechni\u0119tego na szczycie puszystej chmury.<\/p>\n<p class=\"whitespace-pre-wrap break-words\"><strong>CO JEST W TYM DOBREGO<\/strong>:<br \/>\n\u2728 <strong>DOBRZE WYKONANE<\/strong>: Wykonane z mocnych materia\u0142\u00f3w i starannie pomalowane.<br \/>\n\u2600\ufe0f <strong>WYGL\u0104DA PRAWDZIWIE<\/strong>: Pokazuje wszystkie drobne szczeg\u00f3\u0142y, kt\u00f3re sprawiaj\u0105, \u017ce posta\u0107 jest wyj\u0105tkowa.<br \/>\n\ud83d\udc09 <strong>\u015aWIETNE DLA KOLEKCJONER\u00d3W<\/strong>: Idealny dla mi\u0142o\u015bnik\u00f3w kolekcjonowania fajnych figurek.<br \/>\n\ud83d\udd25 <strong>WYGL\u0104DA NIESAMOWICIE<\/strong>: Sprawia, \u017ce ka\u017cde miejsce, w kt\u00f3rym jest umieszczony, wygl\u0105da bardziej zabawnie i ekscytuj\u0105co.<\/p>\n<p class=\"whitespace-pre-wrap break-words\">\u2601\ufe0f<strong>DLACZEGO POTRZEBUJESZ TEJ FIGURKI SYNA GOKU<\/strong><\/p>\n<ul class=\"-mt-1 list-disc space-y-2 pl-8\">\n<li class=\"whitespace-normal break-words\"><strong>Unikalny design<\/strong>: Wygl\u0105da inaczej ni\u017c inne figurki.<\/li>\n<li class=\"whitespace-normal break-words\"><strong>Wspania\u0142y prezent<\/strong>: Idealny na urodziny lub \u015bwi\u0119ta.<\/li>\n<li class=\"whitespace-normal break-words\"><strong>Inspiruje do przygody<\/strong>: Przypomina o byciu odwa\u017cnym i dobrej zabawie.<\/li>\n<\/ul>\n<p class=\"whitespace-pre-wrap break-words\">\ud83d\udea8 <strong>NIEWIELE ZOSTA\u0141O!<\/strong> \ud83d\udea8<br \/>\nPowsta\u0142o tylko kilka tych specjalnych figurek, wi\u0119c kupuj szybko!<\/p>\n<p class=\"whitespace-pre-wrap break-words\">\ud83d\udca5 <strong>UCZY\u0143 SWOJ\u0104 KOLEKCJ\u0118 NIESAMOWIT\u0104<\/strong> \ud83d\udca5<br \/>\nKup teraz i rozpocznij w\u0142asn\u0105 przygod\u0119 z synem Goku! \ud83d\udc09\u2601\ufe0f<\/p>","protected":false},"excerpt":{"rendered":"<p>\ud83c\udf1f THE BEST GIFT FOR ADVENTURE LOVERS \ud83c\udf1f Get our special 10cm &#8220;Son of Goku Riding a Cloud&#8221; figure! It&#8217;s<\/p>","protected":false},"featured_media":34,"comment_status":"open","ping_status":"closed","template":"","meta":[],"product_brand":[],"product_cat":[641,16,18],"product_tag":[17],"class_list":{"0":"post-32","1":"product","2":"type-product","3":"status-publish","4":"has-post-thumbnail","6":"product_cat-dragon-ball-z-super-saiyan","7":"product_cat-standify","8":"product_cat-action-figure","9":"product_tag-figurine","11":"first","12":"instock","13":"sale","14":"taxable","15":"shipping-taxable","16":"purchasable","17":"product-type-simple"},"jetpack_sharing_enabled":true,"_links":{"self":[{"href":"https:\/\/standify.org\/pl\/wp-json\/wp\/v2\/product\/32","targetHints":{"allow":["GET"]}}],"collection":[{"href":"https:\/\/standify.org\/pl\/wp-json\/wp\/v2\/product"}],"about":[{"href":"https:\/\/standify.org\/pl\/wp-json\/wp\/v2\/types\/product"}],"replies":[{"embeddable":true,"href":"https:\/\/standify.org\/pl\/wp-json\/wp\/v2\/comments?post=32"}],"version-history":[{"count":0,"href":"https:\/\/standify.org\/pl\/wp-json\/wp\/v2\/product\/32\/revisions"}],"wp:featuredmedia":[{"embeddable":true,"href":"https:\/\/standify.org\/pl\/wp-json\/wp\/v2\/media\/34"}],"wp:attachment":[{"href":"https:\/\/standify.org\/pl\/wp-json\/wp\/v2\/media?parent=32"}],"wp:term":[{"taxonomy":"product_brand","embeddable":true,"href":"https:\/\/standify.org\/pl\/wp-json\/wp\/v2\/product_brand?post=32"},{"taxonomy":"product_cat","embeddable":true,"href":"https:\/\/standify.org\/pl\/wp-json\/wp\/v2\/product_cat?post=32"},{"taxonomy":"product_tag","embeddable":true,"href":"https:\/\/standify.org\/pl\/wp-json\/wp\/v2\/product_tag?post=32"}],"curies":[{"name":"wp","href":"https:\/\/api.w.org\/{rel}","templated":true}]}}