{"id":31887,"date":"2025-07-16T22:07:05","date_gmt":"2025-07-16T12:07:05","guid":{"rendered":"https:\/\/standify.org\/shop\/lapras-controller-stand\/"},"modified":"2025-09-18T01:19:25","modified_gmt":"2025-09-17T15:19:25","slug":"lapras-controller-stand","status":"publish","type":"product","link":"https:\/\/standify.org\/pl\/shop\/lapras-controller-stand\/","title":{"rendered":"Podstawka pod kontroler Lapras"},"content":{"rendered":"<p><em>Wyp\u0142y\u0144 w rejs pe\u0142en nostalgii.<\/em><\/p>\n<p>Pami\u0119tasz dreszczyk emocji towarzysz\u0105cy szybowaniu przez krystaliczne wody na grzbiecie Laprasa? Teraz ten sam \u0142agodny olbrzym jest gotowy chroni\u0107 jedyn\u0105 rzecz, kt\u00f3ra nap\u0119dza ka\u017cd\u0105 epick\u0105 misj\u0119 - tw\u00f3j kontroler. Zadokuj go mi\u0119dzy bitwami, utrzymuj biurko g\u0142adkie jak fala i pozw\u00f3l, aby ka\u017cde spojrzenie przypomina\u0142o Ci, dlaczego zakocha\u0142e\u015b si\u0119 w grach.<\/p>\n<p>Dlaczego trenerzy to uwielbiaj\u0105<\/p>\n<ul>\n<li><strong>Uniwersalna, odporna na chybotanie podstawka<\/strong> - Dopasowany do Switch Pro, PS5 DualSense, Xbox Series X|S i wi\u0119kszo\u015bci pad\u00f3w innych producent\u00f3w.<\/li>\n<li><strong>Gotowy na prezent <\/strong>- wywo\u0142uje natychmiastow\u0105 rado\u015b\u0107 w momencie rozpakowania.<\/li>\n<\/ul>\n<p>Stworzony dla graczy, wspierany przez trener\u00f3w<\/p>\n<p>Stworzyli\u015bmy ten stojak dla graczy, kt\u00f3rzy nienawidz\u0105 ba\u0142aganu tak samo, jak kochaj\u0105 przygody. Rezultat? Mniej chaosu na biurku, wi\u0119ksza duma z posiadanej konfiguracji i codzienna dawka dzieci\u0119cego zachwytu. Je\u015bli Lapras nie sprawi, \u017ce b\u0119dziesz si\u0119 u\u015bmiecha\u0107 za ka\u017cdym razem, gdy usi\u0105dziesz do gry, b\u0119dziesz obj\u0119ty nasz\u0105 30-dniow\u0105 gwarancj\u0105 zwrotu pieni\u0119dzy \u201cIndigo Plateau\u201d - bez zadawania pyta\u0144.<\/p>\n<blockquote><p>\u201cWygl\u0105da niesamowicie na mojej stacji bojowej i wreszcie powstrzymuje m\u00f3j kontroler Pro przed staczaniem si\u0119 na pod\u0142og\u0119\u201d. - Jess, zweryfikowany trener \u2b50\u2b50\u2b50\u2b50\u2b50<\/p><\/blockquote>\n<hr \/>\n<h3>Chwy\u0107 sw\u00f3j, zanim odp\u0142ynie<\/h3>\n<p>Jest to niewielka partia wyprodukowana przez fan\u00f3w (niepowi\u0105zanych z Nintendo), a ka\u017cda fala szybko si\u0119 wyprzedaje. Dodaj <em>dwa<\/em> do koszyka, a my automatycznie pobierzemy <strong>10% wy\u0142.<\/strong>-Gracz 2 nigdy nie czuje si\u0119 pozostawiony sam sobie.<\/p>\n<p><strong>Gotowy na uporz\u0105dkowanie biurka i ponowne prze\u017cycie magii?<\/strong><br \/>\nHit <strong>DODAJ DO KOSZYKA<\/strong> ju\u017c teraz i pozw\u00f3l Lapras czuwa\u0107 nad Twoj\u0105 kolejn\u0105 przygod\u0105.<\/p>","protected":false},"excerpt":{"rendered":"<p>Wyrusz w podr\u00f3\u017c pe\u0142n\u0105 nostalgii. Pami\u0119tasz dreszczyk emocji towarzysz\u0105cy \u015blizganiu si\u0119 po krystalicznych wodach na grzbiecie Laprasa? Teraz to<\/p>","protected":false},"featured_media":31874,"comment_status":"open","ping_status":"closed","template":"","meta":[],"product_brand":[],"product_cat":[25],"product_tag":[21,24,413],"class_list":{"0":"post-31887","1":"product","2":"type-product","3":"status-publish","4":"has-post-thumbnail","6":"product_cat-controller-stand","7":"product_tag-decoration","8":"product_tag-controller-stand","9":"product_tag-pokemon","11":"first","12":"instock","13":"sale","14":"taxable","15":"shipping-taxable","16":"purchasable","17":"product-type-simple"},"jetpack_sharing_enabled":true,"_links":{"self":[{"href":"https:\/\/standify.org\/pl\/wp-json\/wp\/v2\/product\/31887","targetHints":{"allow":["GET"]}}],"collection":[{"href":"https:\/\/standify.org\/pl\/wp-json\/wp\/v2\/product"}],"about":[{"href":"https:\/\/standify.org\/pl\/wp-json\/wp\/v2\/types\/product"}],"replies":[{"embeddable":true,"href":"https:\/\/standify.org\/pl\/wp-json\/wp\/v2\/comments?post=31887"}],"version-history":[{"count":2,"href":"https:\/\/standify.org\/pl\/wp-json\/wp\/v2\/product\/31887\/revisions"}],"predecessor-version":[{"id":32807,"href":"https:\/\/standify.org\/pl\/wp-json\/wp\/v2\/product\/31887\/revisions\/32807"}],"wp:featuredmedia":[{"embeddable":true,"href":"https:\/\/standify.org\/pl\/wp-json\/wp\/v2\/media\/31874"}],"wp:attachment":[{"href":"https:\/\/standify.org\/pl\/wp-json\/wp\/v2\/media?parent=31887"}],"wp:term":[{"taxonomy":"product_brand","embeddable":true,"href":"https:\/\/standify.org\/pl\/wp-json\/wp\/v2\/product_brand?post=31887"},{"taxonomy":"product_cat","embeddable":true,"href":"https:\/\/standify.org\/pl\/wp-json\/wp\/v2\/product_cat?post=31887"},{"taxonomy":"product_tag","embeddable":true,"href":"https:\/\/standify.org\/pl\/wp-json\/wp\/v2\/product_tag?post=31887"}],"curies":[{"name":"wp","href":"https:\/\/api.w.org\/{rel}","templated":true}]}}