{"id":302,"date":"2024-03-07T12:25:16","date_gmt":"2024-03-07T12:25:16","guid":{"rendered":"https:\/\/standify.org\/?post_type=product&#038;p=302"},"modified":"2024-11-19T03:35:59","modified_gmt":"2024-11-18T17:35:59","slug":"29cm-vegeta-figurine","status":"publish","type":"product","link":"https:\/\/standify.org\/pl\/shop\/29cm-vegeta-figurine\/","title":{"rendered":"Figurka Vegeta 29 cm"},"content":{"rendered":"<p data-mce-fragment=\"1\">Uwolnij drzemi\u0105cego w sobie Saiyana dzi\u0119ki naszym osza\u0142amiaj\u0105cym 29-centymetrowym figurkom Vegety! Ka\u017cda figurka to marzenie kolekcjonera, uciele\u015bniaj\u0105ce ognistego ducha ksi\u0119cia Saiyan.<\/p>\n<p data-mce-fragment=\"1\">\ud83c\udf1f <strong data-mce-fragment=\"1\">Dynamiczna niebieska ewolucja Vegety<\/strong> - Ta figurka pulsuje moc\u0105 bog\u00f3w! Ozdobiony w elektryzuj\u0105c\u0105 form\u0119 Super Saiyan Blue Evolution, esencja wojownika Vegety jest uchwycona z \u017cywymi szczeg\u00f3\u0142ami. Od jego intensywnego, stalowoniebieskiego spojrzenia po kolczaste lazurowe w\u0142osy stoj\u0105ce wysoko w buntowniczej postawie, ta figurka jest \u015bwiadectwem jego niez\u0142omnej woli.<\/p>\n<p data-mce-fragment=\"1\">\ud83d\udd25 <strong data-mce-fragment=\"1\">Klasyczny Super Saiyan Vegeta<\/strong> - Cofnij czas z klasykiem, od kt\u00f3rego wszystko si\u0119 zacz\u0119\u0142o. Sk\u0105pana w z\u0142otej aurze jego transformacji Super Saiyan, ta figurka Vegety to eksplozja z przesz\u0142o\u015bci, ukazuj\u0105ca ognistego ducha, kt\u00f3ry inspirowa\u0142 fan\u00f3w od pokole\u0144. Drobiazgowa dba\u0142o\u015b\u0107 o szczeg\u00f3\u0142y jego kultowej zbroi i sama intensywno\u015b\u0107 jego postawy przeniesie Ci\u0119 do epickich bitew i zwyci\u0119stw.<\/p>\n<p data-mce-fragment=\"1\">Ka\u017cda z tych figurek jest sprzedawana osobno, dzi\u0119ki czemu mo\u017cesz wybra\u0107 swoj\u0105 ulubion\u0105 lub podwoi\u0107 j\u0105, aby uzyska\u0107 najlepsz\u0105 prezentacj\u0119 Vegety. \ud83c\udf81<\/p>\n<p data-mce-fragment=\"1\">Wykonana z pasj\u0105, ka\u017cda figurka jest symbolem trwa\u0142o\u015bci i dba\u0142o\u015bci o szczeg\u00f3\u0142y, z l\u015bni\u0105c\u0105 zbroj\u0105 Vegety i jego mi\u0119\u015bniami wyrze\u017abionymi do perfekcji. Czy to do ekspozycji, czy do zabawy, te figurki s\u0105 zbudowane tak, aby trwa\u0107.<\/p>\n<p data-mce-fragment=\"1\">Czy jeste\u015b gotowy, aby zdoby\u0107 sw\u00f3j kawa\u0142ek saiya\u0144skiej legendy? Dodaj do koszyka ju\u017c teraz i pozw\u00f3l, by niez\u0142omny duch Vegety odmieni\u0142 Twoj\u0105 kolekcj\u0119! \ud83d\udcaa\ud83d\uded2<\/p>","protected":false},"excerpt":{"rendered":"<p>Unleash the Saiyan within with our stunning 29cm Vegeta Figurines! Each figure is a collector&#8217;s dream, embodying the fiery spirit<\/p>","protected":false},"featured_media":305,"comment_status":"open","ping_status":"closed","template":"","meta":[],"product_brand":[],"product_cat":[641,16,18],"product_tag":[17,21,143],"class_list":{"0":"post-302","1":"product","2":"type-product","3":"status-publish","4":"has-post-thumbnail","6":"product_cat-dragon-ball-z-super-saiyan","7":"product_cat-standify","8":"product_cat-action-figure","9":"product_tag-figurine","10":"product_tag-decoration","11":"product_tag-dbz","13":"first","14":"instock","15":"taxable","16":"shipping-taxable","17":"purchasable","18":"product-type-variable","19":"has-default-attributes"},"jetpack_sharing_enabled":true,"_links":{"self":[{"href":"https:\/\/standify.org\/pl\/wp-json\/wp\/v2\/product\/302","targetHints":{"allow":["GET"]}}],"collection":[{"href":"https:\/\/standify.org\/pl\/wp-json\/wp\/v2\/product"}],"about":[{"href":"https:\/\/standify.org\/pl\/wp-json\/wp\/v2\/types\/product"}],"replies":[{"embeddable":true,"href":"https:\/\/standify.org\/pl\/wp-json\/wp\/v2\/comments?post=302"}],"version-history":[{"count":0,"href":"https:\/\/standify.org\/pl\/wp-json\/wp\/v2\/product\/302\/revisions"}],"wp:featuredmedia":[{"embeddable":true,"href":"https:\/\/standify.org\/pl\/wp-json\/wp\/v2\/media\/305"}],"wp:attachment":[{"href":"https:\/\/standify.org\/pl\/wp-json\/wp\/v2\/media?parent=302"}],"wp:term":[{"taxonomy":"product_brand","embeddable":true,"href":"https:\/\/standify.org\/pl\/wp-json\/wp\/v2\/product_brand?post=302"},{"taxonomy":"product_cat","embeddable":true,"href":"https:\/\/standify.org\/pl\/wp-json\/wp\/v2\/product_cat?post=302"},{"taxonomy":"product_tag","embeddable":true,"href":"https:\/\/standify.org\/pl\/wp-json\/wp\/v2\/product_tag?post=302"}],"curies":[{"name":"wp","href":"https:\/\/api.w.org\/{rel}","templated":true}]}}