{"id":281,"date":"2024-03-07T12:25:13","date_gmt":"2024-03-07T12:25:13","guid":{"rendered":"https:\/\/standify.org\/?post_type=product&#038;p=281"},"modified":"2024-11-19T03:36:00","modified_gmt":"2024-11-18T17:36:00","slug":"25cm-vegeta-cross-armed-figurine","status":"publish","type":"product","link":"https:\/\/standify.org\/pl\/shop\/25cm-vegeta-cross-armed-figurine\/","title":{"rendered":"Figurka Vegety z krzy\u017cem i broni\u0105 25 cm"},"content":{"rendered":"<p>Uwolnij moc ksi\u0119cia Saiyan w swojej kolekcji dzi\u0119ki osza\u0142amiaj\u0105cej 24-centymetrowej figurce Vegety, starannie wykonanej z wysokiej jako\u015bci PVC, aby zapewni\u0107 trwa\u0142o\u015b\u0107 i imponuj\u0105ce wyko\u0144czenie. Ten zaciek\u0142y wojownik stoi w dowodz\u0105cej pozie, prezentuj\u0105c sw\u00f3j kultowy kr\u00f3lewski niebiesko-z\u0142oty kombinezon bojowy, wraz z tradycyjn\u0105 zbroj\u0105 Saiyan, kt\u00f3ra jest tak samo cz\u0119\u015bci\u0105 niego, jak jego duch wojownika.<\/p>\n<p>Ka\u017cdy centymetr tej figurki zosta\u0142 precyzyjnie wyrze\u017abiony, od jego przenikliwych oczu po ko\u0144c\u00f3wki jego kruczoczarnych w\u0142os\u00f3w. Muskularna sylwetka Vegety jest pomalowana z wielk\u0105 dba\u0142o\u015bci\u0105 o szczeg\u00f3\u0142y, nadaj\u0105c realistyczny wygl\u0105d jego gotowej do walki postawie.<\/p>\n<p>Cechy:<\/p>\n<ul>\n<li><strong>Wytrzyma\u0142a konstrukcja z PVC:<\/strong> Stworzony z my\u015bl\u0105 o trwa\u0142o\u015bci i wytrzymaniu najbardziej zaciek\u0142ych bitew na p\u00f3\u0142ce ekspozycyjnej.<\/li>\n<li><strong>Dynamiczna pozycja:<\/strong> Oddaje pewnego siebie i nieugi\u0119tego ducha Vegety, jakby wyszed\u0142 prosto z epickiej bitwy kosmicznej.<\/li>\n<li><strong>Bogata kolorystyka:<\/strong> \u017bywe, dok\u0142adne kolory, kt\u00f3re o\u017cywiaj\u0105 posta\u0107.<\/li>\n<li><strong>Idealny rozmiar:<\/strong> Mierz\u0105ca 25 cm wysoko\u015bci figurka jest idealnym elementem ka\u017cdej kolekcji Dragon Ball.<\/li>\n<\/ul>\n<p>Ta figurka Vegety jest idealna zar\u00f3wno dla do\u015bwiadczonych kolekcjoner\u00f3w, jak i nowych fan\u00f3w. To nie tylko przedmiot kolekcjonerski; to wyraz pasji i ekscytuj\u0105cego \u015bwiata Dragon Ball. Dodaj j\u0105 do swojej p\u00f3\u0142ki, biurka lub podaruj jako prezent, kt\u00f3ry z pewno\u015bci\u0105 rozpali ogie\u0144 Saiyan w ka\u017cdym fanie!<\/p>\n<p>Nie czekaj, a\u017c skaner poziomu mocy powie ci, jak imponuj\u0105cy jest ten przedmiot. Przynie\u015b do domu pot\u0119g\u0119 Vegety ju\u017c dzi\u015b i pozw\u00f3l swojej kolekcji osi\u0105gn\u0105\u0107 status Super Saiyan!<\/p>","protected":false},"excerpt":{"rendered":"<p>Unleash the power of the Saiyan prince in your collection with the stunning 24cm Vegeta Figurine, meticulously crafted from premium<\/p>","protected":false},"featured_media":11499,"comment_status":"open","ping_status":"closed","template":"","meta":[],"product_brand":[],"product_cat":[641,16,18],"product_tag":[17],"class_list":{"0":"post-281","1":"product","2":"type-product","3":"status-publish","4":"has-post-thumbnail","6":"product_cat-dragon-ball-z-super-saiyan","7":"product_cat-standify","8":"product_cat-action-figure","9":"product_tag-figurine","11":"first","12":"instock","13":"taxable","14":"shipping-taxable","15":"purchasable","16":"product-type-variable","17":"has-default-attributes"},"jetpack_sharing_enabled":true,"_links":{"self":[{"href":"https:\/\/standify.org\/pl\/wp-json\/wp\/v2\/product\/281","targetHints":{"allow":["GET"]}}],"collection":[{"href":"https:\/\/standify.org\/pl\/wp-json\/wp\/v2\/product"}],"about":[{"href":"https:\/\/standify.org\/pl\/wp-json\/wp\/v2\/types\/product"}],"replies":[{"embeddable":true,"href":"https:\/\/standify.org\/pl\/wp-json\/wp\/v2\/comments?post=281"}],"version-history":[{"count":0,"href":"https:\/\/standify.org\/pl\/wp-json\/wp\/v2\/product\/281\/revisions"}],"wp:featuredmedia":[{"embeddable":true,"href":"https:\/\/standify.org\/pl\/wp-json\/wp\/v2\/media\/11499"}],"wp:attachment":[{"href":"https:\/\/standify.org\/pl\/wp-json\/wp\/v2\/media?parent=281"}],"wp:term":[{"taxonomy":"product_brand","embeddable":true,"href":"https:\/\/standify.org\/pl\/wp-json\/wp\/v2\/product_brand?post=281"},{"taxonomy":"product_cat","embeddable":true,"href":"https:\/\/standify.org\/pl\/wp-json\/wp\/v2\/product_cat?post=281"},{"taxonomy":"product_tag","embeddable":true,"href":"https:\/\/standify.org\/pl\/wp-json\/wp\/v2\/product_tag?post=281"}],"curies":[{"name":"wp","href":"https:\/\/api.w.org\/{rel}","templated":true}]}}