{"id":268,"date":"2024-03-07T12:25:18","date_gmt":"2024-03-07T12:25:18","guid":{"rendered":"https:\/\/standify.org\/?post_type=product&#038;p=268"},"modified":"2026-05-03T23:50:10","modified_gmt":"2026-05-03T13:50:10","slug":"24cm-anime-dragon-ball-super-saiyan-son-goku-kakarotto-spirit-bomb-action-figure-pvc-model-collection-toys-gift","status":"publish","type":"product","link":"https:\/\/standify.org\/pl\/shop\/24cm-anime-dragon-ball-super-saiyan-son-goku-kakarotto-spirit-bomb-action-figure-pvc-model-collection-toys-gift\/","title":{"rendered":"Stojak na s\u0142uchawki GOKU 25cm"},"content":{"rendered":"<p class=\"whitespace-pre-wrap break-words\">\ud83c\udf1f <strong>NAJLEPSZY PREZENT, JAKI KIEDYKOLWIEK PODARUJESZ<\/strong> \ud83c\udf1f<\/p>\n<p class=\"whitespace-pre-wrap break-words\">Zdob\u0105d\u017a nasz stojak na s\u0142uchawki Goku z Dragon Ball! To \u015bwietne rozwi\u0105zanie dla fan\u00f3w serialu. Ten stojak trzyma s\u0142uchawki i wygl\u0105da jak Goku. Jest idealny, aby nada\u0107 biurku fajny wygl\u0105d.<\/p>\n<p class=\"whitespace-pre-wrap break-words\"><strong>SIZE:<\/strong> 25 cm wzrostu, tak jak Goku. <strong>BAZA:<\/strong> W zestawie znajduj\u0105 si\u0119 dwie podstawki - pomara\u0144czowa opaska na kostk\u0119 i kryszta\u0142owa podstawka zapewniaj\u0105ca dodatkowe wsparcie.<\/p>\n<p class=\"whitespace-pre-wrap break-words\"><strong>CO JEST W TYM DOBREGO<\/strong>:<\/p>\n<p class=\"whitespace-pre-wrap break-words\">\u2728 <strong>DOBRZE WYKONANE<\/strong>: Wykonany z wytrzyma\u0142ego tworzywa PVC, dzi\u0119ki czemu b\u0119dzie s\u0142u\u017cy\u0142 przez d\u0142ugi czas.<br \/>\n\u2600\ufe0f <strong>WYGL\u0104DA JAK GOKU<\/strong>: Pokazuje Goku w jego s\u0142ynnej pozie.<br \/>\n\ud83d\udc09 <strong>\u015aWIETNE DLA KOLEKCJONER\u00d3W<\/strong>: Idealny, je\u015bli kochasz Dragon Ball.<br \/>\n\ud83d\udd25 <strong>WYGL\u0104DA FAJNIE<\/strong>: Sprawia, \u017ce biurko lub miejsce do grania wygl\u0105da niesamowicie.<\/p>\n<p class=\"whitespace-pre-wrap break-words\">\ud83c\udfa7 <strong>DLACZEGO POTRZEBUJESZ TEGO STOJAKA NA S\u0141UCHAWKI GOKU<\/strong> \ud83c\udfa7<\/p>\n<ul class=\"-mt-1 list-disc space-y-2 pl-8\">\n<li class=\"whitespace-normal break-words\"><strong>Unikalny design<\/strong>: Sprawia, \u017ce biurko wygl\u0105da fajnie.<\/li>\n<li class=\"whitespace-normal break-words\"><strong>Przydatne<\/strong>: Zapewnia bezpiecze\u0144stwo s\u0142uchawek i u\u0142atwia do nich dost\u0119p.<\/li>\n<li class=\"whitespace-normal break-words\"><strong>Wspania\u0142y prezent<\/strong>: Idealny dla os\u00f3b lubi\u0105cych gry i Dragon Ball Z.<\/li>\n<\/ul>\n<p class=\"whitespace-pre-wrap break-words\">\ud83d\udea8 <strong>NIEWIELE ZOSTA\u0141O!<\/strong> \ud83d\udea8 Wiele os\u00f3b chce to mie\u0107, wi\u0119c kupuj szybko!<\/p>\n<p class=\"whitespace-pre-wrap break-words\">\ud83d\udca5 <strong>SPRAW, BY TWOJE BIURKO BY\u0141O NIESAMOWITE<\/strong> Kup teraz i pozw\u00f3l Goku zaj\u0105\u0107 si\u0119 Twoimi s\u0142uchawkami! \ud83d\udc09\ud83c\udfa7<\/p>\n<p><strong>Szybka wysy\u0142ka | Gwarantowana satysfakcja | Bezpieczna p\u0142atno\u015b\u0107<\/strong><\/p>\n<div style=\"font-size: 8px;\">Tagi: DBZ Goku, Dragon Ball Z Headphone Stand, Headphone Holder, DBZ Headset Stand, Super Saiyan Earphone Stand, Anime, Dragon Ball Super, Turtle Beach Headset Holder, Steel Series Headphone Holder, Corsair Headphones, standify epic anime akcesoria, stojak na s\u0142uchawki i kontroler<\/div>","protected":false},"excerpt":{"rendered":"<p><strong>Najlepszy prezent, jaki kiedykolwiek dasz!<\/strong><br \/>\n<strong>Gwarantowana zazdro\u015b\u0107<br \/>\n\ud83c\udfc6 Wysoka jako\u015b\u0107<\/strong><br \/>\n<strong>Bezp\u0142atna szybka wysy\u0142ka<br \/>\n<\/strong><\/p>","protected":false},"featured_media":10904,"comment_status":"open","ping_status":"closed","template":"","meta":[],"product_brand":[],"product_cat":[641,16,18],"product_tag":[17,21,143],"class_list":{"0":"post-268","1":"product","2":"type-product","3":"status-publish","4":"has-post-thumbnail","6":"product_cat-dragon-ball-z-super-saiyan","7":"product_cat-standify","8":"product_cat-action-figure","9":"product_tag-figurine","10":"product_tag-decoration","11":"product_tag-dbz","13":"first","14":"instock","15":"sale","16":"featured","17":"taxable","18":"shipping-taxable","19":"purchasable","20":"product-type-variable","21":"has-default-attributes"},"jetpack_sharing_enabled":true,"_links":{"self":[{"href":"https:\/\/standify.org\/pl\/wp-json\/wp\/v2\/product\/268","targetHints":{"allow":["GET"]}}],"collection":[{"href":"https:\/\/standify.org\/pl\/wp-json\/wp\/v2\/product"}],"about":[{"href":"https:\/\/standify.org\/pl\/wp-json\/wp\/v2\/types\/product"}],"replies":[{"embeddable":true,"href":"https:\/\/standify.org\/pl\/wp-json\/wp\/v2\/comments?post=268"}],"version-history":[{"count":8,"href":"https:\/\/standify.org\/pl\/wp-json\/wp\/v2\/product\/268\/revisions"}],"predecessor-version":[{"id":16440,"href":"https:\/\/standify.org\/pl\/wp-json\/wp\/v2\/product\/268\/revisions\/16440"}],"wp:featuredmedia":[{"embeddable":true,"href":"https:\/\/standify.org\/pl\/wp-json\/wp\/v2\/media\/10904"}],"wp:attachment":[{"href":"https:\/\/standify.org\/pl\/wp-json\/wp\/v2\/media?parent=268"}],"wp:term":[{"taxonomy":"product_brand","embeddable":true,"href":"https:\/\/standify.org\/pl\/wp-json\/wp\/v2\/product_brand?post=268"},{"taxonomy":"product_cat","embeddable":true,"href":"https:\/\/standify.org\/pl\/wp-json\/wp\/v2\/product_cat?post=268"},{"taxonomy":"product_tag","embeddable":true,"href":"https:\/\/standify.org\/pl\/wp-json\/wp\/v2\/product_tag?post=268"}],"curies":[{"name":"wp","href":"https:\/\/api.w.org\/{rel}","templated":true}]}}