{"id":230,"date":"2023-12-17T15:37:38","date_gmt":"2023-12-17T15:37:38","guid":{"rendered":"https:\/\/standify.org\/?product=2024-orange-sneakers"},"modified":"2025-12-15T03:32:21","modified_gmt":"2025-12-14T17:32:21","slug":"2024-dbz-sneakers","status":"publish","type":"product","link":"https:\/\/standify.org\/pl\/shop\/2024-dbz-sneakers\/","title":{"rendered":"2026 Pomara\u0144czowe trampki"},"content":{"rendered":"<p data-mce-fragment=\"1\">Uwolnij swojego wewn\u0119trznego Saiyana dzi\u0119ki tym epickim sneakersom \ud83d\udc5f! Wejd\u017a w buty swojego bohatera, dos\u0142ownie, w tych pe\u0142nych mocy butach zaprojektowanych dla najlepszych fan\u00f3w anime. Wybierz swoj\u0105 wojownicz\u0105 aur\u0119 dzi\u0119ki trzem elektryzuj\u0105cym kolorom:<\/p>\n<p data-mce-fragment=\"1\">Pomara\u0144czowy - ognisty jak duch wojownika!<br \/>\nBia\u0142y - Czysty jak serce naszego bohatera!<br \/>\nCzarny - Tak intensywny jak jego determinacja!<\/p>\n<p data-mce-fragment=\"1\">Lista funkcji:<\/p>\n<ul data-mce-fragment=\"1\">\n<li data-mce-fragment=\"1\"><strong data-mce-fragment=\"1\">Ultra-komfortowe dopasowanie:<\/strong> Zaprojektowany z my\u015bl\u0105 o d\u0142ugich bitwach (lub po prostu ca\u0142odziennym komforcie)!<\/li>\n<li data-mce-fragment=\"1\"><strong data-mce-fragment=\"1\">Natychmiastowe wzmocnienie:<\/strong> \u0141atwo wsuwana konstrukcja z elastycznymi sznurowad\u0142ami dla szybkiego wzmocnienia.<\/li>\n<li data-mce-fragment=\"1\"><strong data-mce-fragment=\"1\">Wytrzyma\u0142y materia\u0142 Dragon:<\/strong> Stworzony, aby wytrzyma\u0107 najci\u0119\u017csze sesje treningowe.<\/li>\n<li data-mce-fragment=\"1\"><strong data-mce-fragment=\"1\">Iconic Design:<\/strong> Posiada emblemat, kt\u00f3ry pozwoli Ci wcieli\u0107 si\u0119 w posta\u0107 Z Fightera.<\/li>\n<\/ul>\n<p data-mce-fragment=\"1\">Niezale\u017cnie od tego, czy wybierasz si\u0119 na si\u0142owni\u0119, na ulic\u0119, czy po prostu odpoczywasz w Kame House, te sneakersy to idealne po\u0142\u0105czenie stylu, wygody i fandomu. Dodaj je do swojej kolekcji i b\u0105d\u017a gotowy na Saiyan w ka\u017cdej chwili! \ud83d\udc09<\/p>\n<p data-mce-fragment=\"1\">Rozmiary s\u0105 ograniczone, a fani spiesz\u0105 si\u0119, aby zdoby\u0107 swoje. Nie czekaj na nast\u0119pny odcinek; chwy\u0107 swoje Sneakersy ju\u017c dzi\u015b i podbij sw\u00f3j \u015bwiat z pewno\u015bci\u0105 siebie bohatera! \ud83c\udf0d\u2728<\/p>","protected":false},"excerpt":{"rendered":"<p>Unleash your inner Saiyan with these epic Sneakers \ud83d\udc5f! Step into your heroes shoes, quite literally, with these power-packed kicks<\/p>","protected":false},"featured_media":252,"comment_status":"open","ping_status":"closed","template":"","meta":[],"product_brand":[],"product_cat":[641,16,20],"product_tag":[19],"class_list":{"0":"post-230","1":"product","2":"type-product","3":"status-publish","4":"has-post-thumbnail","6":"product_cat-dragon-ball-z-super-saiyan","7":"product_cat-standify","8":"product_cat-apparel","9":"product_tag-clothing","11":"first","12":"instock","13":"taxable","14":"shipping-taxable","15":"purchasable","16":"product-type-variable","17":"has-default-attributes"},"jetpack_sharing_enabled":true,"_links":{"self":[{"href":"https:\/\/standify.org\/pl\/wp-json\/wp\/v2\/product\/230","targetHints":{"allow":["GET"]}}],"collection":[{"href":"https:\/\/standify.org\/pl\/wp-json\/wp\/v2\/product"}],"about":[{"href":"https:\/\/standify.org\/pl\/wp-json\/wp\/v2\/types\/product"}],"replies":[{"embeddable":true,"href":"https:\/\/standify.org\/pl\/wp-json\/wp\/v2\/comments?post=230"}],"version-history":[{"count":2,"href":"https:\/\/standify.org\/pl\/wp-json\/wp\/v2\/product\/230\/revisions"}],"predecessor-version":[{"id":36689,"href":"https:\/\/standify.org\/pl\/wp-json\/wp\/v2\/product\/230\/revisions\/36689"}],"wp:featuredmedia":[{"embeddable":true,"href":"https:\/\/standify.org\/pl\/wp-json\/wp\/v2\/media\/252"}],"wp:attachment":[{"href":"https:\/\/standify.org\/pl\/wp-json\/wp\/v2\/media?parent=230"}],"wp:term":[{"taxonomy":"product_brand","embeddable":true,"href":"https:\/\/standify.org\/pl\/wp-json\/wp\/v2\/product_brand?post=230"},{"taxonomy":"product_cat","embeddable":true,"href":"https:\/\/standify.org\/pl\/wp-json\/wp\/v2\/product_cat?post=230"},{"taxonomy":"product_tag","embeddable":true,"href":"https:\/\/standify.org\/pl\/wp-json\/wp\/v2\/product_tag?post=230"}],"curies":[{"name":"wp","href":"https:\/\/api.w.org\/{rel}","templated":true}]}}