{"id":1696,"date":"2024-02-28T23:11:57","date_gmt":"2024-02-28T13:11:57","guid":{"rendered":"https:\/\/standify.org\/?post_type=product&#038;p=1696"},"modified":"2024-12-25T14:13:10","modified_gmt":"2024-12-25T04:13:10","slug":"anime-sonic-figure-hedgehog-phone-holder-switch-ps4-ps5-xbox-game-controller-holder-action-figure-model-toys-children-fans-gift","status":"publish","type":"product","link":"https:\/\/standify.org\/pl\/shop\/anime-sonic-figure-hedgehog-phone-holder-switch-ps4-ps5-xbox-game-controller-holder-action-figure-model-toys-children-fans-gift\/","title":{"rendered":"Stojak na kontroler Sonic The Hedgehog"},"content":{"rendered":"<p>Podnie\u015b swoj\u0105 stacj\u0119 do gier lub przestrze\u0144 robocz\u0105 odrobin\u0105 nostalgii za grami. Nasz uchwyt na telefon i kontroler Sonic The Hedgehog to nie tylko kolejny stojak; to deklaracja Twojej pasji, pocz\u0105tek rozmowy i element wyrazu.<\/p>\n<p><strong>Dlaczego warto wybra\u0107 podstawk\u0119 pod kontroler Sonic?<\/strong><br \/>\n<strong><span data-mce-fragment=\"1\">\ud83d\udc4c\u00a0<\/span>Wysoka jako\u015b\u0107 wykonania:<\/strong> Wykonany z najwy\u017csz\u0105 dba\u0142o\u015bci\u0105 o szczeg\u00f3\u0142y, jest kuty z wysokiej jako\u015bci materia\u0142u PVC, zapewniaj\u0105c trwa\u0142o\u015b\u0107, kt\u00f3ra przetrwa pr\u00f3b\u0119 czasu.<br \/>\n<strong><span data-mce-fragment=\"1\">\ud83e\udd94\u00a0<\/span>Iconic Dynamic Crash Pose:<\/strong> Sonic wkracza do akcji z wyci\u0105gni\u0119tymi r\u0119kami, gotowy do ochrony telefonu lub kontrolera przed prawdziwymi przeszkodami.<br \/>\n<strong><span data-mce-fragment=\"1\">\ud83d\udc8e\u00a0<\/span>Solidny i godny zaufania:<\/strong> Dzi\u0119ki solidnej podstawie mo\u017cesz mie\u0107 pewno\u015b\u0107, \u017ce Twoje cenne przedmioty pozostan\u0105 bezpiecznie umieszczone, bez \u017cadnych chybota\u0144 lub nieszcz\u0119\u015bliwych wypadk\u00f3w.<br \/>\n<strong><span data-mce-fragment=\"1\">\ud83c\udf81\u00a0<\/span>Dla najlepszego fana:<\/strong> To nie tylko uchwyt; to uk\u0142on w stron\u0119 klasyki. Niezale\u017cnie od tego, czy kolekcjonujesz pami\u0105tki Sonic, czy dopiero zaczynasz, jest to niezb\u0119dny element, kt\u00f3rego nie mo\u017cesz przegapi\u0107.<br \/>\n<strong><span data-mce-fragment=\"1\">\ud83c\udfae\u00a0<\/span>Wszechstronny i wielofunkcyjny:<\/strong> Poza ol\u015bniewaj\u0105cym wygl\u0105dem ma podw\u00f3jne zastosowanie. Mo\u017cna go wykorzysta\u0107 jako element dekoracyjny lub wykorzysta\u0107 jego funkcjonalno\u015b\u0107 do przechowywania kontrolera lub telefonu.<\/p>\n<p><strong>Specyfikacja:<\/strong><\/p>\n<ul>\n<li><strong>Rozmiar:<\/strong> 18 cm czystej, kultowej nostalgii!<\/li>\n<li><strong>Materia\u0142:<\/strong> PVC klasy premium<\/li>\n<li><strong>Projekt:<\/strong> Podw\u00f3jne zastosowanie - funkcjonalny stojak, kt\u00f3ry s\u0142u\u017cy r\u00f3wnie\u017c jako dekoracyjne arcydzie\u0142o!<\/li>\n<\/ul>\n<p>Nie pozw\u00f3l, by ta pr\u0119dko\u015b\u0107 Ci\u0119 omin\u0119\u0142a. Dodaj odrobin\u0119 uniwersum Sonic do swojej przestrzeni ju\u017c dzi\u015b. Niezale\u017cnie od tego, czy s\u0142u\u017cy do zabawy, czy do wy\u015bwietlania, uchwyt na telefon i kontroler Sonic The Hedgehog to ulepszenie, na kt\u00f3re czeka\u0142e\u015b. \ud83c\udf00\ud83c\udfae <em>Chwy\u0107 ju\u017c teraz!<\/em><\/p>\n<div class=\"detailmodule_html\">\n<div class=\"detail-desc-decorate-richtext\"><\/div>\n<\/div>","protected":false},"excerpt":{"rendered":"<p>Wzboga\u0107 swoje stanowisko do gier lub miejsce pracy odrobin\u0105 nostalgii za grami. Nasz telefon i kontroler Sonic The Hedgehog<\/p>","protected":false},"featured_media":10932,"comment_status":"open","ping_status":"closed","template":"","meta":[],"product_brand":[],"product_cat":[16,25],"product_tag":[22,24],"class_list":{"0":"post-1696","1":"product","2":"type-product","3":"status-publish","4":"has-post-thumbnail","6":"product_cat-standify","7":"product_cat-controller-stand","8":"product_tag-for-her","9":"product_tag-controller-stand","11":"first","12":"instock","13":"sale","14":"taxable","15":"shipping-taxable","16":"purchasable","17":"product-type-simple"},"jetpack_sharing_enabled":true,"_links":{"self":[{"href":"https:\/\/standify.org\/pl\/wp-json\/wp\/v2\/product\/1696","targetHints":{"allow":["GET"]}}],"collection":[{"href":"https:\/\/standify.org\/pl\/wp-json\/wp\/v2\/product"}],"about":[{"href":"https:\/\/standify.org\/pl\/wp-json\/wp\/v2\/types\/product"}],"replies":[{"embeddable":true,"href":"https:\/\/standify.org\/pl\/wp-json\/wp\/v2\/comments?post=1696"}],"version-history":[{"count":1,"href":"https:\/\/standify.org\/pl\/wp-json\/wp\/v2\/product\/1696\/revisions"}],"predecessor-version":[{"id":21971,"href":"https:\/\/standify.org\/pl\/wp-json\/wp\/v2\/product\/1696\/revisions\/21971"}],"wp:featuredmedia":[{"embeddable":true,"href":"https:\/\/standify.org\/pl\/wp-json\/wp\/v2\/media\/10932"}],"wp:attachment":[{"href":"https:\/\/standify.org\/pl\/wp-json\/wp\/v2\/media?parent=1696"}],"wp:term":[{"taxonomy":"product_brand","embeddable":true,"href":"https:\/\/standify.org\/pl\/wp-json\/wp\/v2\/product_brand?post=1696"},{"taxonomy":"product_cat","embeddable":true,"href":"https:\/\/standify.org\/pl\/wp-json\/wp\/v2\/product_cat?post=1696"},{"taxonomy":"product_tag","embeddable":true,"href":"https:\/\/standify.org\/pl\/wp-json\/wp\/v2\/product_tag?post=1696"}],"curies":[{"name":"wp","href":"https:\/\/api.w.org\/{rel}","templated":true}]}}