{"id":16880,"date":"2024-10-16T22:45:12","date_gmt":"2024-10-16T12:45:12","guid":{"rendered":"https:\/\/standify.org\/shop\/luffy-gear-up-for-battle-crouching-power-figurine\/"},"modified":"2026-03-07T03:17:15","modified_gmt":"2026-03-06T17:17:15","slug":"luffy-gear-up-for-battle-crouching-power-figurine","status":"publish","type":"product","link":"https:\/\/standify.org\/pl\/shop\/luffy-gear-up-for-battle-crouching-power-figurine\/","title":{"rendered":"Luffy: Gear Up for Battle - Przyczajona figurka mocy"},"content":{"rendered":"<p>\ud83c\udf00 <strong>17-centymetrowa figurka Luffy'ego z przyczajon\u0105 moc\u0105<\/strong> \ud83c\udf00<\/p>\n<p>Do\u0142\u0105cz <strong>tysi\u0105ce fan\u00f3w One Piece<\/strong> kt\u00f3rzy maj\u0105 ju\u017c t\u0119 epick\u0105 figurk\u0119 Luffy'ego w swojej kolekcji! Ta niezwykle szczeg\u00f3\u0142owa <strong>pozowanie z zasilaniem<\/strong> przedstawia Luffy'ego w pe\u0142nej akcji, gotowego podj\u0105\u0107 ka\u017cde wyzwanie ze swoj\u0105 niepowstrzyman\u0105 energi\u0105! \u26a1<\/p>\n<p><strong>Dlaczego fani KOCHAJ\u0104 t\u0119 posta\u0107:<\/strong><\/p>\n<ul>\n<li>\ud83d\udcaf <em>Autentyczny wygl\u0105d<\/em> kt\u00f3ry oddaje zaci\u0119t\u0105 ekspresj\u0119 Luffy'ego i kultowy str\u00f3j<\/li>\n<li>\ud83d\udca5 <em>Dynamiczna pozycja<\/em> - Luffy przykucni\u0119ty w trybie gotowo\u015bci do walki, ulubieniec fan\u00f3w!<\/li>\n<li>\ud83d\udd25 <em>Ekskluzywne szczeg\u00f3\u0142y<\/em> z przezroczystymi efektami energetycznymi owijaj\u0105cymi jego rami\u0119 \ud83d\udcaa<\/li>\n<li>\ud83d\udccf <em>Idealny rozmiar<\/em> - 17 cm wysoko\u015bci, idealny dodatek do ka\u017cdej kolekcji One Piece<\/li>\n<\/ul>\n<p>\ud83d\udcac <strong>Co m\u00f3wi\u0105 inni fani:<\/strong><br \/>\n<em>\"Wygl\u0105da niesamowicie na mojej p\u00f3\u0142ce! Szczeg\u00f3\u0142y s\u0105 ob\u0142\u0119dne!\"<\/em> - \u2605\u2605\u2605\u2605\u2605<br \/>\n<em>\"Pozycja obowi\u0105zkowa dla ka\u017cdego fana One Piece! Moi znajomi zawsze pytaj\u0105, sk\u0105d go mam!\"<\/em> - \u2605\u2605\u2605\u2605\u2605<\/p>\n<p>\u26a1\ufe0f Nie przegap tego <strong>edycja limitowana<\/strong> figurka! Dodaj j\u0105 do swojej kolekcji i poka\u017c swoj\u0105 mi\u0142o\u015b\u0107 do One Piece \ud83c\udff4\u200d\u2620\ufe0f<\/p>","protected":false},"excerpt":{"rendered":"<p>Figurka Luffy Crouching Power Up 17 cm \ud83c\udf00 Do\u0142\u0105cz do tysi\u0119cy fan\u00f3w One Piece, kt\u00f3rzy ju\u017c maj\u0105 tego epickiego Luffy'ego.<\/p>","protected":false},"featured_media":16766,"comment_status":"open","ping_status":"closed","template":"","meta":[],"product_brand":[],"product_cat":[696,18],"product_tag":[683,684],"class_list":{"0":"post-16880","1":"product","2":"type-product","3":"status-publish","4":"has-post-thumbnail","6":"product_cat-one-piece","7":"product_cat-action-figure","8":"product_tag-one-piece","9":"product_tag-luffy","11":"first","12":"instock","13":"sale","14":"taxable","15":"shipping-taxable","16":"purchasable","17":"product-type-simple"},"jetpack_sharing_enabled":true,"_links":{"self":[{"href":"https:\/\/standify.org\/pl\/wp-json\/wp\/v2\/product\/16880","targetHints":{"allow":["GET"]}}],"collection":[{"href":"https:\/\/standify.org\/pl\/wp-json\/wp\/v2\/product"}],"about":[{"href":"https:\/\/standify.org\/pl\/wp-json\/wp\/v2\/types\/product"}],"replies":[{"embeddable":true,"href":"https:\/\/standify.org\/pl\/wp-json\/wp\/v2\/comments?post=16880"}],"version-history":[{"count":2,"href":"https:\/\/standify.org\/pl\/wp-json\/wp\/v2\/product\/16880\/revisions"}],"predecessor-version":[{"id":16884,"href":"https:\/\/standify.org\/pl\/wp-json\/wp\/v2\/product\/16880\/revisions\/16884"}],"wp:featuredmedia":[{"embeddable":true,"href":"https:\/\/standify.org\/pl\/wp-json\/wp\/v2\/media\/16766"}],"wp:attachment":[{"href":"https:\/\/standify.org\/pl\/wp-json\/wp\/v2\/media?parent=16880"}],"wp:term":[{"taxonomy":"product_brand","embeddable":true,"href":"https:\/\/standify.org\/pl\/wp-json\/wp\/v2\/product_brand?post=16880"},{"taxonomy":"product_cat","embeddable":true,"href":"https:\/\/standify.org\/pl\/wp-json\/wp\/v2\/product_cat?post=16880"},{"taxonomy":"product_tag","embeddable":true,"href":"https:\/\/standify.org\/pl\/wp-json\/wp\/v2\/product_tag?post=16880"}],"curies":[{"name":"wp","href":"https:\/\/api.w.org\/{rel}","templated":true}]}}