{"id":16876,"date":"2024-10-16T22:44:53","date_gmt":"2024-10-16T12:44:53","guid":{"rendered":"https:\/\/standify.org\/shop\/luffys-gear-power-masterpiece-figurine-15cm\/"},"modified":"2026-03-02T10:19:39","modified_gmt":"2026-03-02T00:19:39","slug":"luffys-gear-power-masterpiece-figurine-15cm","status":"publish","type":"product","link":"https:\/\/standify.org\/pl\/shop\/luffys-gear-power-masterpiece-figurine-15cm\/","title":{"rendered":"Figurka Luffy's Gear Power Masterpiece (15 cm)"},"content":{"rendered":"<p>Wzywamy wszystkich fan\u00f3w One Piece! \ud83c\udf1f<\/p>\n<p>To <strong>\ud83d\udd25 Luffy's Gear Power Masterpiece (15 cm) \ud83c\udff4\u200d\u2620\ufe0f<\/strong> to Twoja szansa na przyniesienie legendarnego <em>Kapitan S\u0142omkowy Kapelusz<\/em> o\u017cyje na twojej p\u00f3\u0142ce! Ta mierz\u0105ca 15 cm figurka jest idealna dla ka\u017cdego fana, kt\u00f3ry chce mie\u0107 kompaktowy, ale efektowny eksponat. Wykonana z osza\u0142amiaj\u0105cymi szczeg\u00f3\u0142ami, przedstawia Monkey D. Luffy'ego w trakcie akcji, dzier\u017c\u0105cego swoj\u0105 ognist\u0105 moc i charakterystycznego ducha s\u0142omkowego kapelusza!<\/p>\n<p><strong>Dlaczego potrzebujesz tego arcydzie\u0142a:<\/strong><\/p>\n<ul>\n<li>\ud83c\udff4\u200d\u2620\ufe0f <strong>Epic Design<\/strong> - Luffy w pe\u0142nej okaza\u0142o\u015bci <em>Tryb bieg\u00f3w<\/em>, z realistycznymi efektami ognia i dymu!<\/li>\n<li>\ud83d\udca5 <strong>Pozycja pe\u0142na akcji<\/strong> - Poczuj energi\u0119, gdy Luffy wskakuje do walki, gotowy uwolni\u0107 swoj\u0105 moc.<\/li>\n<li>\ud83c\udfa8 <strong>Niesamowity kunszt<\/strong> - Ka\u017cdy szczeg\u00f3\u0142, od jego zdeterminowanego wyrazu twarzy po kultowy str\u00f3j, jest doskonale odtworzony.<\/li>\n<li>\ud83d\udccf <strong>Idealny rozmiar (15 cm)<\/strong> - Ma odpowiedni rozmiar, aby zmie\u015bci\u0107 si\u0119 na biurku lub p\u00f3\u0142ce, dzi\u0119ki czemu jest zar\u00f3wno kompaktowy, jak i efektowny!<\/li>\n<li>\ud83c\udfc6 <strong>Do\u0142\u0105cz do za\u0142ogi<\/strong> - Odbi\u00f3r <em>10 000 zadowolonych fan\u00f3w<\/em> uczynili Luffy'ego swoim g\u0142\u00f3wnym bohaterem! Do\u0142\u0105czysz do nich?<\/li>\n<\/ul>\n<p>Nie przegap tego! Dodaj <strong>\ud83d\udd25 Luffy's Gear Power Masterpiece (15 cm) \ud83c\udff4\u200d\u2620\ufe0f<\/strong> i poka\u017c swoj\u0105 dum\u0119 z One Piece.<\/p>\n<p><strong>Dost\u0119pno\u015b\u0107 ograniczona - kup teraz, zanim znikn\u0105! \ud83c\udfc3\u200d\u2642\ufe0f\ud83d\udca8<\/strong><\/p>","protected":false},"excerpt":{"rendered":"<p>Wzywamy wszystkich fan\u00f3w One Piece! \ud83c\udf1f Ten \ud83d\udd25 Luffy's Gear Power Masterpiece (15 cm) \ud83c\udff4\u200d\u2620\ufe0f to Twoja szansa na przyniesienie<\/p>","protected":false},"featured_media":16805,"comment_status":"open","ping_status":"closed","template":"","meta":[],"product_brand":[],"product_cat":[696],"product_tag":[683,684],"class_list":{"0":"post-16876","1":"product","2":"type-product","3":"status-publish","4":"has-post-thumbnail","6":"product_cat-one-piece","7":"product_tag-one-piece","8":"product_tag-luffy","10":"first","11":"instock","12":"sale","13":"taxable","14":"shipping-taxable","15":"purchasable","16":"product-type-simple"},"jetpack_sharing_enabled":true,"_links":{"self":[{"href":"https:\/\/standify.org\/pl\/wp-json\/wp\/v2\/product\/16876","targetHints":{"allow":["GET"]}}],"collection":[{"href":"https:\/\/standify.org\/pl\/wp-json\/wp\/v2\/product"}],"about":[{"href":"https:\/\/standify.org\/pl\/wp-json\/wp\/v2\/types\/product"}],"replies":[{"embeddable":true,"href":"https:\/\/standify.org\/pl\/wp-json\/wp\/v2\/comments?post=16876"}],"version-history":[{"count":1,"href":"https:\/\/standify.org\/pl\/wp-json\/wp\/v2\/product\/16876\/revisions"}],"predecessor-version":[{"id":16886,"href":"https:\/\/standify.org\/pl\/wp-json\/wp\/v2\/product\/16876\/revisions\/16886"}],"wp:featuredmedia":[{"embeddable":true,"href":"https:\/\/standify.org\/pl\/wp-json\/wp\/v2\/media\/16805"}],"wp:attachment":[{"href":"https:\/\/standify.org\/pl\/wp-json\/wp\/v2\/media?parent=16876"}],"wp:term":[{"taxonomy":"product_brand","embeddable":true,"href":"https:\/\/standify.org\/pl\/wp-json\/wp\/v2\/product_brand?post=16876"},{"taxonomy":"product_cat","embeddable":true,"href":"https:\/\/standify.org\/pl\/wp-json\/wp\/v2\/product_cat?post=16876"},{"taxonomy":"product_tag","embeddable":true,"href":"https:\/\/standify.org\/pl\/wp-json\/wp\/v2\/product_tag?post=16876"}],"curies":[{"name":"wp","href":"https:\/\/api.w.org\/{rel}","templated":true}]}}