{"id":16855,"date":"2024-10-16T22:44:27","date_gmt":"2024-10-16T12:44:27","guid":{"rendered":"https:\/\/standify.org\/shop\/going-merry-thousand-sunny-floating-boat-one-piece\/"},"modified":"2026-04-06T11:50:35","modified_gmt":"2026-04-06T01:50:35","slug":"going-merry-thousand-sunny-floating-boat-one-piece","status":"publish","type":"product","link":"https:\/\/standify.org\/pl\/shop\/going-merry-thousand-sunny-floating-boat-one-piece\/","title":{"rendered":"P\u0142ywaj\u0105ca \u0142\u00f3d\u017a Going Merry\/Thousand Sunny - JEDNA SZTUKA"},"content":{"rendered":"<p>Czy kiedykolwiek chcia\u0142e\u015b mie\u0107 kawa\u0142ek <em>One Piece<\/em> \u015bwiat w Twoich r\u0119kach? Nasz <strong>Jednocz\u0119\u015bciowa butelka na p\u0142yn<\/strong> jest tutaj, aby spe\u0142ni\u0107 to marzenie! Ta osza\u0142amiaj\u0105ca replika kultowego <strong>Going Merry<\/strong> oraz <strong>Thousand Sunny<\/strong> Statki s\u0105 wykonane z wysokiej jako\u015bci akrylu, dzi\u0119ki czemu magia za\u0142ogi Luffy'ego zago\u015bci w Twoim domu. \u2728<\/p>\n<p>\ud83c\udf1f <strong>Dlaczego to pokochasz<\/strong>:<\/p>\n<ul>\n<li>\ud83d\udc8e <strong>Wierna replika:<\/strong> Pi\u0119knie dopracowane detale na cze\u015b\u0107 legendarnych statk\u00f3w.<\/li>\n<li>\ud83c\udf0a <strong>Oceanic Feel:<\/strong> Wype\u0142nione olejem mineralnym i oczyszczon\u0105 wod\u0105, aby zapewni\u0107 wci\u0105gaj\u0105ce wra\u017cenia.<\/li>\n<li>\ud83d\udccf <strong>Idealny rozmiar:<\/strong> Wymiary 14,6 x 5,2 x 5,3 cm - idealne na p\u00f3\u0142k\u0119 ekspozycyjn\u0105!<\/li>\n<\/ul>\n<p>Niezale\u017cnie od tego, czy jeste\u015b <strong>zagorza\u0142y fan<\/strong>, a <strong>kolektor<\/strong>lub po prostu chcesz doda\u0107 troch\u0119 <em>piracki duch<\/em> Ten wyj\u0105tkowy element przeniesie Ci\u0119 do Grand Line w mgnieniu oka! \ud83d\udca5<\/p>\n<p>\ud83c\udf81 <strong>Podaruj lub zatrzymaj!<\/strong> Jest to pozycja obowi\u0105zkowa dla ka\u017cdego <strong>mi\u0142o\u015bnik anime<\/strong> lub <em>One Piece<\/em> fan. Zr\u00f3b to ju\u017c dzi\u015b lub zaskocz przyjaciela przygod\u0105, kt\u00f3r\u0105 zapami\u0119ta na zawsze!<\/p>\n<p>\ud83d\udc49 <strong>Kup teraz i do\u0142\u0105cz do Luffy'ego na pe\u0142nym morzu!<\/strong><\/p>\n<p>&nbsp;<\/p>","protected":false},"excerpt":{"rendered":"<p>Czy kiedykolwiek chcia\u0142e\u015b mie\u0107 kawa\u0142ek \u015bwiata One Piece w swoich r\u0119kach? Nasza butelka One Piece Fluid Drift Bottle<\/p>","protected":false},"featured_media":16764,"comment_status":"open","ping_status":"closed","template":"","meta":[],"product_brand":[],"product_cat":[696],"product_tag":[27,683],"class_list":{"0":"post-16855","1":"product","2":"type-product","3":"status-publish","4":"has-post-thumbnail","6":"product_cat-one-piece","7":"product_tag-upsell","8":"product_tag-one-piece","10":"first","11":"instock","12":"sale","13":"taxable","14":"shipping-taxable","15":"purchasable","16":"product-type-variable","17":"has-default-attributes"},"jetpack_sharing_enabled":true,"_links":{"self":[{"href":"https:\/\/standify.org\/pl\/wp-json\/wp\/v2\/product\/16855","targetHints":{"allow":["GET"]}}],"collection":[{"href":"https:\/\/standify.org\/pl\/wp-json\/wp\/v2\/product"}],"about":[{"href":"https:\/\/standify.org\/pl\/wp-json\/wp\/v2\/types\/product"}],"replies":[{"embeddable":true,"href":"https:\/\/standify.org\/pl\/wp-json\/wp\/v2\/comments?post=16855"}],"version-history":[{"count":2,"href":"https:\/\/standify.org\/pl\/wp-json\/wp\/v2\/product\/16855\/revisions"}],"predecessor-version":[{"id":16903,"href":"https:\/\/standify.org\/pl\/wp-json\/wp\/v2\/product\/16855\/revisions\/16903"}],"wp:featuredmedia":[{"embeddable":true,"href":"https:\/\/standify.org\/pl\/wp-json\/wp\/v2\/media\/16764"}],"wp:attachment":[{"href":"https:\/\/standify.org\/pl\/wp-json\/wp\/v2\/media?parent=16855"}],"wp:term":[{"taxonomy":"product_brand","embeddable":true,"href":"https:\/\/standify.org\/pl\/wp-json\/wp\/v2\/product_brand?post=16855"},{"taxonomy":"product_cat","embeddable":true,"href":"https:\/\/standify.org\/pl\/wp-json\/wp\/v2\/product_cat?post=16855"},{"taxonomy":"product_tag","embeddable":true,"href":"https:\/\/standify.org\/pl\/wp-json\/wp\/v2\/product_tag?post=16855"}],"curies":[{"name":"wp","href":"https:\/\/api.w.org\/{rel}","templated":true}]}}