{"id":16803,"date":"2024-10-16T22:43:42","date_gmt":"2024-10-16T12:43:42","guid":{"rendered":"https:\/\/standify.org\/shop\/vinsmoke-sanji-all-blue-dream-collectible-figure-37cm\/"},"modified":"2026-04-19T21:56:28","modified_gmt":"2026-04-19T11:56:28","slug":"vinsmoke-sanji-all-blue-dream-collectible-figure-37cm","status":"publish","type":"product","link":"https:\/\/standify.org\/pl\/shop\/vinsmoke-sanji-all-blue-dream-collectible-figure-37cm\/","title":{"rendered":"Vinsmoke Sanji \"All Blue Dream\" Figurka kolekcjonerska 37 cm"},"content":{"rendered":"<p><strong>\ud83d\udd25 FIGURKA VINSMOKE SANJI - PRZYSZ\u0141Y CA\u0141Y NIEBIESKI KUCHARZ Z ONE PIECE\u2122 \ud83d\udd25<\/strong><\/p>\n<p>\ud83d\udda4 Uwielbiana przez fan\u00f3w na ca\u0142ym \u015bwiecie, ta osza\u0142amiaj\u0105ca figurka Vinsmoke Sanji to Twoja szansa na posiadanie kawa\u0142ka <strong>One Piece\u2122<\/strong> legenda!<\/p>\n<p><strong>Do\u0142\u0105cz do tysi\u0119cy kolekcjoner\u00f3w, kt\u00f3rzy ju\u017c ceni\u0105 t\u0119 epick\u0105 figurk\u0119!<\/strong><\/p>\n<p>\ud83d\udca5 <strong>Co sprawia, \u017ce ta figurka jest obowi\u0105zkowa?<\/strong><\/p>\n<ul>\n<li>\ud83d\udd25 <strong>Dynamiczny projekt<\/strong>: Dzi\u0119ki zaciek\u0142ym p\u0142omieniom i charakterystycznemu stylowi Sanjiego, ta figurka doskonale oddaje jego ch\u0142odn\u0105 osobowo\u015b\u0107.<\/li>\n<li>\ud83d\udd74\ufe0f <strong>Dwa kultowe wygl\u0105dy<\/strong>: Niezale\u017cnie od tego, czy wolisz jego elegancki czarny garnitur, czy stylowy bia\u0142y, ta figurka ma oba wygl\u0105dy!<\/li>\n<li>\ud83d\udcaa <strong>Idealny dla fan\u00f3w<\/strong>: Podr\u00f3\u017c Sanjiego w celu odnalezienia legendarnego All Blue jest jednym z najbardziej inspiruj\u0105cych \u0142uk\u00f3w, a ta figurka symbolizuje t\u0119 przygod\u0119.<\/li>\n<\/ul>\n<p><strong>Dlaczego Sanji jest ulubie\u0144cem fan\u00f3w:<\/strong><\/p>\n<ul>\n<li>\u015awiatowej klasy kucharz dla Pirat\u00f3w w S\u0142omkowych Kapeluszach!<\/li>\n<li>Niezr\u00f3wnane umiej\u0119tno\u015bci walki dzi\u0119ki ognistym kopni\u0119ciom!<\/li>\n<li>Z\u0142ote serce i rycersko\u015b\u0107 dla dam!<\/li>\n<\/ul>\n<p>\ud83d\udd17 <strong>Nie przegap okazji!<\/strong> Inni fani zachwycaj\u0105 si\u0119 tym przedmiotem kolekcjonerskim - dodaj go do swojej kolekcji ju\u017c dzi\u015b!<\/p>","protected":false},"excerpt":{"rendered":"<p>\ud83d\udd25 FIGURKA VINSMOKE SANJI - PRZYSZ\u0141Y CA\u0141Y NIEBIESKI KUCHARZ Z JEDNEGO KAWA\u0141KA\u2122 \ud83d\udd25 \ud83d\udda4 Uwielbiany przez fan\u00f3w na ca\u0142ym \u015bwiecie<\/p>","protected":false},"featured_media":16715,"comment_status":"open","ping_status":"closed","template":"","meta":[],"product_brand":[],"product_cat":[696],"product_tag":[683],"class_list":{"0":"post-16803","1":"product","2":"type-product","3":"status-publish","4":"has-post-thumbnail","6":"product_cat-one-piece","7":"product_tag-one-piece","9":"first","10":"instock","11":"sale","12":"taxable","13":"shipping-taxable","14":"purchasable","15":"product-type-variable","16":"has-default-attributes"},"jetpack_sharing_enabled":true,"_links":{"self":[{"href":"https:\/\/standify.org\/pl\/wp-json\/wp\/v2\/product\/16803","targetHints":{"allow":["GET"]}}],"collection":[{"href":"https:\/\/standify.org\/pl\/wp-json\/wp\/v2\/product"}],"about":[{"href":"https:\/\/standify.org\/pl\/wp-json\/wp\/v2\/types\/product"}],"replies":[{"embeddable":true,"href":"https:\/\/standify.org\/pl\/wp-json\/wp\/v2\/comments?post=16803"}],"version-history":[{"count":2,"href":"https:\/\/standify.org\/pl\/wp-json\/wp\/v2\/product\/16803\/revisions"}],"predecessor-version":[{"id":16900,"href":"https:\/\/standify.org\/pl\/wp-json\/wp\/v2\/product\/16803\/revisions\/16900"}],"wp:featuredmedia":[{"embeddable":true,"href":"https:\/\/standify.org\/pl\/wp-json\/wp\/v2\/media\/16715"}],"wp:attachment":[{"href":"https:\/\/standify.org\/pl\/wp-json\/wp\/v2\/media?parent=16803"}],"wp:term":[{"taxonomy":"product_brand","embeddable":true,"href":"https:\/\/standify.org\/pl\/wp-json\/wp\/v2\/product_brand?post=16803"},{"taxonomy":"product_cat","embeddable":true,"href":"https:\/\/standify.org\/pl\/wp-json\/wp\/v2\/product_cat?post=16803"},{"taxonomy":"product_tag","embeddable":true,"href":"https:\/\/standify.org\/pl\/wp-json\/wp\/v2\/product_tag?post=16803"}],"curies":[{"name":"wp","href":"https:\/\/api.w.org\/{rel}","templated":true}]}}