{"id":16753,"date":"2024-10-16T22:42:49","date_gmt":"2024-10-16T12:42:49","guid":{"rendered":"https:\/\/standify.org\/shop\/luffy-5th-gear-ultimate-edition-figure\/"},"modified":"2026-04-24T13:51:36","modified_gmt":"2026-04-24T03:51:36","slug":"luffy-5th-gear-ultimate-edition-figure","status":"publish","type":"product","link":"https:\/\/standify.org\/pl\/shop\/luffy-5th-gear-ultimate-edition-figure\/","title":{"rendered":"Luffy 5th Gear ULTIMATE EDITION Figurka"},"content":{"rendered":"<p>\ud83c\udf00 <strong>Uwolnij moc przysz\u0142ego kr\u00f3la pirat\u00f3w!<\/strong> \ud83c\udf00<\/p>\n<p>\ud83d\udd25 <strong>Figurka Monkey D. Luffy Gear 5<\/strong> \ud83d\udd25<\/p>\n<p>\ud83d\udc51 Do\u0142\u0105cz do przygody z najlepsz\u0105 postaci\u0105 <strong>Luffy<\/strong>przysz\u0142y kr\u00f3l pirat\u00f3w, z legendarnego <strong>One Piece\u2122<\/strong> seria! \ud83d\udcaa Przygotuj si\u0119, aby do\u015bwiadczy\u0107 magii jego <strong>Transformacja biegu 5<\/strong>w <strong>reinkarnacja Joy Boya<\/strong>w tym wysokiej klasy kolekcjonerskim produkcie!<\/p>\n<p><strong>Kluczowe cechy:<\/strong><\/p>\n<ul>\n<li>\ud83d\udccf <strong>Rozmiar:<\/strong> 16 cm czystej niesamowito\u015bci Luffy'ego<\/li>\n<li>\ud83c\udfa8 <strong>Projekt:<\/strong> Autentyczny w stosunku do mangi, oddaj\u0105cy ka\u017cdy szczeg\u00f3\u0142 jego transformacji!<\/li>\n<li>\ud83d\udce6 <strong>Opakowanie:<\/strong> W zestawie <strong>Oryginalne pude\u0142ko<\/strong>-Idealny dla kolekcjoner\u00f3w!<\/li>\n<li>\ud83d\udcaf <strong>Jako\u015b\u0107:<\/strong> Najwy\u017cszej jako\u015bci konstrukcja dla prawdziwych fan\u00f3w One Piece \ud83d\udd1d<\/li>\n<\/ul>\n<p><strong>Dlaczego to pokochasz:<\/strong><\/p>\n<ul>\n<li><strong>Ikoniczna posta\u0107:<\/strong> Monkey D. Luffy, aka <strong>\"Mugiwara\"<\/strong>jest niepowstrzymanym kapitanem <strong>Piraci w s\u0142omkowych kapeluszach<\/strong>teraz rywalizuje z najsilniejszym Yonko na \u015bwiecie! \ud83c\udff4\u200d\u2620\ufe0f<\/li>\n<li><strong>Epicka transformacja:<\/strong> Gear 5 Luffy'ego jest jego najbardziej <strong>pot\u0119\u017cna forma<\/strong>\u0142\u0105cz\u0105c si\u0142\u0119 <strong>Bro\u0144 Haki<\/strong> i <strong>Kr\u00f3lewskie Haki<\/strong>! \u2694\ufe0f<\/li>\n<li><strong>Podr\u00f3\u017c bohatera:<\/strong> Od przypadkowego zjedzenia <strong>Gomu Gomu no Mi<\/strong> Historia Luffy'ego, kt\u00f3ry sta\u0142 si\u0119 si\u0142\u0105 natury, jest legendarna! \ud83c\udf0a<\/li>\n<\/ul>\n<p><strong>Dlaczego dow\u00f3d spo\u0142eczny ma znaczenie?<\/strong><\/p>\n<ul>\n<li>\ud83c\udf10 <strong>One Piece<\/strong> podbi\u0142a serca milion\u00f3w ludzi na ca\u0142ym \u015bwiecie - do\u0142\u0105cz do niezliczonych fan\u00f3w, kt\u00f3rzy ju\u017c dodali t\u0119 figurk\u0119 do swoich kolekcji! \ud83d\udca5<\/li>\n<li>W wyniku recenzji u\u017cytkownik\u00f3w produkt otrzyma\u0142 ocen\u0119 \ud83c\udfc6 <strong>must-have<\/strong> dla kolekcjoner\u00f3w, kt\u00f3rzy kochaj\u0105 <strong>Onigashima War arc<\/strong>-Prawdziwa deklaracja!<\/li>\n<\/ul>\n<p><strong>\ud83c\udf0a Gotowy na wypraw\u0119 morsk\u0105?<\/strong> Ta figurka sprawi, \u017ce twoja kolekcja b\u0119dzie si\u0119 wyr\u00f3\u017cnia\u0107 i przekszta\u0142ci tw\u00f3j pok\u00f3j w \u015bwiat Shonen! Nie przegap okazji i zdob\u0105d\u017a <strong>Figurka Monkey D. Luffy Gear 5<\/strong> dzisiaj!<\/p>\n<p>\u26a1 <strong>Do\u0142\u0105cz do za\u0142ogi<\/strong> i wykorzystaj moc Kr\u00f3la Pirat\u00f3w! \u26a1<\/p>","protected":false},"excerpt":{"rendered":"<p>\ud83c\udf00 Unleash the Power of the Future Pirate King! \ud83c\udf00 \ud83d\udd25 Monkey D. Luffy Gear 5 Figurine \ud83d\udd25 \ud83d\udc51 Join<\/p>","protected":false},"featured_media":16747,"comment_status":"open","ping_status":"closed","template":"","meta":[],"product_brand":[],"product_cat":[696,18],"product_tag":[684,683],"class_list":{"0":"post-16753","1":"product","2":"type-product","3":"status-publish","4":"has-post-thumbnail","6":"product_cat-one-piece","7":"product_cat-action-figure","8":"product_tag-luffy","9":"product_tag-one-piece","11":"first","12":"instock","13":"sale","14":"taxable","15":"shipping-taxable","16":"purchasable","17":"product-type-simple"},"jetpack_sharing_enabled":true,"_links":{"self":[{"href":"https:\/\/standify.org\/pl\/wp-json\/wp\/v2\/product\/16753","targetHints":{"allow":["GET"]}}],"collection":[{"href":"https:\/\/standify.org\/pl\/wp-json\/wp\/v2\/product"}],"about":[{"href":"https:\/\/standify.org\/pl\/wp-json\/wp\/v2\/types\/product"}],"replies":[{"embeddable":true,"href":"https:\/\/standify.org\/pl\/wp-json\/wp\/v2\/comments?post=16753"}],"version-history":[{"count":2,"href":"https:\/\/standify.org\/pl\/wp-json\/wp\/v2\/product\/16753\/revisions"}],"predecessor-version":[{"id":16891,"href":"https:\/\/standify.org\/pl\/wp-json\/wp\/v2\/product\/16753\/revisions\/16891"}],"wp:featuredmedia":[{"embeddable":true,"href":"https:\/\/standify.org\/pl\/wp-json\/wp\/v2\/media\/16747"}],"wp:attachment":[{"href":"https:\/\/standify.org\/pl\/wp-json\/wp\/v2\/media?parent=16753"}],"wp:term":[{"taxonomy":"product_brand","embeddable":true,"href":"https:\/\/standify.org\/pl\/wp-json\/wp\/v2\/product_brand?post=16753"},{"taxonomy":"product_cat","embeddable":true,"href":"https:\/\/standify.org\/pl\/wp-json\/wp\/v2\/product_cat?post=16753"},{"taxonomy":"product_tag","embeddable":true,"href":"https:\/\/standify.org\/pl\/wp-json\/wp\/v2\/product_tag?post=16753"}],"curies":[{"name":"wp","href":"https:\/\/api.w.org\/{rel}","templated":true}]}}