{"id":16746,"date":"2024-10-16T22:42:43","date_gmt":"2024-10-16T12:42:43","guid":{"rendered":"https:\/\/standify.org\/shop\/luffy-gear-action-led-figure-lamp-one-piece-collectors-edition\/"},"modified":"2026-04-22T06:00:15","modified_gmt":"2026-04-21T20:00:15","slug":"luffy-gear-action-led-figure-lamp-one-piece-collectors-edition","status":"publish","type":"product","link":"https:\/\/standify.org\/pl\/shop\/luffy-gear-action-led-figure-lamp-one-piece-collectors-edition\/","title":{"rendered":"Figurka Luffy Gear Action LED Lamp - edycja kolekcjonerska One Piece"},"content":{"rendered":"<p>\ud83c\udf1f <strong>Do\u0142\u0105cz do grona zadowolonych klient\u00f3w!<\/strong> \ud83c\udf1f<br \/>\nTysi\u0105ce <strong>Fani One Piece<\/strong> o\u015bwietlaj\u0105 swoje pokoje tym <strong>Lampka z figurk\u0105 Luffy'ego<\/strong>! B\u0105d\u017a cz\u0119\u015bci\u0105 grupy fan\u00f3w, kt\u00f3rzy wnosz\u0105 ducha przygody do swojej przestrzeni.<\/p>\n<p>\ud83d\udd2e <strong>Dlaczego to pokochasz:<\/strong><\/p>\n<ul>\n<li>\ud83d\ude80 <em>Kultowa poza Luffy'ego na Gearach<\/em> - dynamiczny, pe\u0142en akcji design!<\/li>\n<li>\ud83c\udf15 <em>Efekt blasku ksi\u0119\u017cyca<\/em> - Idealny jako lampka nocna lub kolekcjonerski element centralny.<\/li>\n<li>\ud83c\udfa8 <em>Wysokiej jako\u015bci detale<\/em> - R\u0119cznie malowane przy u\u017cyciu najwy\u017cszej jako\u015bci materia\u0142\u00f3w zapewniaj\u0105cych trwa\u0142e kolory.<\/li>\n<li>\ud83d\udecb\ufe0f <em>Idealny do dekoracji anime<\/em> - doda odwa\u017cnego wyrazu ka\u017cdemu pomieszczeniu lub biuru.<\/li>\n<\/ul>\n<p>\ud83e\uddd1\u200d\ud83e\udd1d\u200d\ud83e\uddd1 <strong>Co m\u00f3wi\u0105 fani:<\/strong><\/p>\n<ul>\n<li>\u2b50\ufe0f\u2b50\ufe0f\u2b50\ufe0f\u2b50\ufe0f\u2b50\ufe0f \"Niesamowita jako\u015b\u0107, wygl\u0105da jak Luffy w anime!\"<\/li>\n<li>\u2b50\ufe0f\u2b50\ufe0f\u2b50\ufe0f\u2b50\ufe0f\u2b50\ufe0f \"Uwielbiam delikatn\u0105 po\u015bwiat\u0119, kt\u00f3r\u0105 daje w nocy!\"<\/li>\n<li>\u2b50\ufe0f\u2b50\ufe0f\u2b50\ufe0f\u2b50\ufe0f\u2b50\ufe0f \"Idealny prezent dla ka\u017cdego mi\u0142o\u015bnika One Piece\".<\/li>\n<\/ul>\n<p>\ud83d\udccf <strong>Szczeg\u00f3\u0142y, kt\u00f3re musisz zna\u0107:<\/strong><\/p>\n<ul>\n<li>\ud83e\udded <strong>Rozmiar:<\/strong> 14 cm - kompaktowy i \u0142atwy do umieszczenia w dowolnym miejscu.<\/li>\n<li>\ud83d\udca1 <strong>Funkcja:<\/strong> Lampa LED i figurka w jednym!<\/li>\n<li>\ud83c\udf81 <strong>Opakowanie gotowe na prezent<\/strong> - idealny na urodziny, \u015bwi\u0119ta lub po prostu dlatego!<\/li>\n<\/ul>\n<p>\ud83d\uded2 <strong>Chwy\u0107 sw\u00f3j ju\u017c dzi\u015b<\/strong> - i do\u0142\u0105cz do grona tysi\u0119cy szcz\u0119\u015bliwych kolekcjoner\u00f3w One Piece! \ud83c\udf0a<\/p>","protected":false},"excerpt":{"rendered":"<p>\ud83c\udf1f Join the Crew of Happy Customers! \ud83c\udf1f Thousands of One Piece fans are lighting up their rooms with this<\/p>","protected":false},"featured_media":16734,"comment_status":"open","ping_status":"closed","template":"","meta":[],"product_brand":[],"product_cat":[699,696,18],"product_tag":[684,683],"class_list":{"0":"post-16746","1":"product","2":"type-product","3":"status-publish","4":"has-post-thumbnail","6":"product_cat-figurine-lamps","7":"product_cat-one-piece","8":"product_cat-action-figure","9":"product_tag-luffy","10":"product_tag-one-piece","12":"first","13":"instock","14":"sale","15":"taxable","16":"shipping-taxable","17":"purchasable","18":"product-type-simple"},"jetpack_sharing_enabled":true,"_links":{"self":[{"href":"https:\/\/standify.org\/pl\/wp-json\/wp\/v2\/product\/16746","targetHints":{"allow":["GET"]}}],"collection":[{"href":"https:\/\/standify.org\/pl\/wp-json\/wp\/v2\/product"}],"about":[{"href":"https:\/\/standify.org\/pl\/wp-json\/wp\/v2\/types\/product"}],"replies":[{"embeddable":true,"href":"https:\/\/standify.org\/pl\/wp-json\/wp\/v2\/comments?post=16746"}],"version-history":[{"count":2,"href":"https:\/\/standify.org\/pl\/wp-json\/wp\/v2\/product\/16746\/revisions"}],"predecessor-version":[{"id":16906,"href":"https:\/\/standify.org\/pl\/wp-json\/wp\/v2\/product\/16746\/revisions\/16906"}],"wp:featuredmedia":[{"embeddable":true,"href":"https:\/\/standify.org\/pl\/wp-json\/wp\/v2\/media\/16734"}],"wp:attachment":[{"href":"https:\/\/standify.org\/pl\/wp-json\/wp\/v2\/media?parent=16746"}],"wp:term":[{"taxonomy":"product_brand","embeddable":true,"href":"https:\/\/standify.org\/pl\/wp-json\/wp\/v2\/product_brand?post=16746"},{"taxonomy":"product_cat","embeddable":true,"href":"https:\/\/standify.org\/pl\/wp-json\/wp\/v2\/product_cat?post=16746"},{"taxonomy":"product_tag","embeddable":true,"href":"https:\/\/standify.org\/pl\/wp-json\/wp\/v2\/product_tag?post=16746"}],"curies":[{"name":"wp","href":"https:\/\/api.w.org\/{rel}","templated":true}]}}