{"id":1613,"date":"2023-10-05T16:47:25","date_gmt":"2023-10-05T16:47:25","guid":{"rendered":"https:\/\/standify.org\/?product=samurai-controller-stand"},"modified":"2026-03-01T19:52:50","modified_gmt":"2026-03-01T09:52:50","slug":"for-ghost-of-tsushima-gaming-controller-holder-one-more-life-controller-holder-figure-headphone-stand-for-ps5-ps4-ns-k7a5","status":"publish","type":"product","link":"https:\/\/standify.org\/pl\/shop\/for-ghost-of-tsushima-gaming-controller-holder-one-more-life-controller-holder-figure-headphone-stand-for-ps5-ps4-ns-k7a5\/","title":{"rendered":"Podstawka pod kontroler Ghost Tsushima"},"content":{"rendered":"<p>Podnie\u015b swoj\u0105 konfiguracj\u0119 gier dzi\u0119ki temu wyj\u0105tkowemu uchwytowi na kontroler Samurai! Nie tylko bezpiecznie trzyma kontroler, ale tak\u017ce s\u0142u\u017cy jako urzekaj\u0105ca ozdoba, pokazuj\u0105ca Twoj\u0105 pasj\u0119 do epickiej gry. \ud83d\udde1\ufe0f<\/p>\n<p><strong>Wyr\u00f3\u017cniaj\u0105cy si\u0119 design:<\/strong> Zainspirowany nawiedzonym pi\u0119knem Tsushimy, ten uchwyt oddaje istot\u0119 gry.<br \/>\n<strong>Podw\u00f3jne zastosowanie:<\/strong> Praktyczny uchwyt i element dekoracyjny w jednym.<br \/>\n<strong>Gotowy na prezent:<\/strong> Idealny dla zapalonego gracza lub jako prezent dla siebie.<\/p>\n<p>Do\u015bwiadcz po\u0142\u0105czenia funkcjonalno\u015bci i artyzmu. Wzboga\u0107 swoj\u0105 przestrze\u0144 do grania dzi\u0119ki uchwytowi na kontroler Samurai ju\u017c dzi\u015b! \u2694\ufe0f<\/p>\n<p>Uniwersalna kompatybilno\u015b\u0107, w tym PS5\/4, Xbox, Switch<\/p>\n<p>Rozmiar podstawy: 13,8 x 8,5 x 7,0 cm \/ 5,4\u2033 x 3,3 cala x 2,7 cala<\/p>","protected":false},"excerpt":{"rendered":"<p>Podnie\u015b swoj\u0105 konfiguracj\u0119 gier dzi\u0119ki temu wyj\u0105tkowemu uchwytowi na kontroler Samurai! Nie tylko bezpiecznie trzyma kontroler, ale r\u00f3wnie\u017c<\/p>","protected":false},"featured_media":1615,"comment_status":"open","ping_status":"closed","template":"","meta":[],"product_brand":[],"product_cat":[16,25],"product_tag":[24],"class_list":{"0":"post-1613","1":"product","2":"type-product","3":"status-publish","4":"has-post-thumbnail","6":"product_cat-standify","7":"product_cat-controller-stand","8":"product_tag-controller-stand","10":"first","11":"instock","12":"sale","13":"taxable","14":"shipping-taxable","15":"purchasable","16":"product-type-simple"},"jetpack_sharing_enabled":true,"_links":{"self":[{"href":"https:\/\/standify.org\/pl\/wp-json\/wp\/v2\/product\/1613","targetHints":{"allow":["GET"]}}],"collection":[{"href":"https:\/\/standify.org\/pl\/wp-json\/wp\/v2\/product"}],"about":[{"href":"https:\/\/standify.org\/pl\/wp-json\/wp\/v2\/types\/product"}],"replies":[{"embeddable":true,"href":"https:\/\/standify.org\/pl\/wp-json\/wp\/v2\/comments?post=1613"}],"version-history":[{"count":0,"href":"https:\/\/standify.org\/pl\/wp-json\/wp\/v2\/product\/1613\/revisions"}],"wp:featuredmedia":[{"embeddable":true,"href":"https:\/\/standify.org\/pl\/wp-json\/wp\/v2\/media\/1615"}],"wp:attachment":[{"href":"https:\/\/standify.org\/pl\/wp-json\/wp\/v2\/media?parent=1613"}],"wp:term":[{"taxonomy":"product_brand","embeddable":true,"href":"https:\/\/standify.org\/pl\/wp-json\/wp\/v2\/product_brand?post=1613"},{"taxonomy":"product_cat","embeddable":true,"href":"https:\/\/standify.org\/pl\/wp-json\/wp\/v2\/product_cat?post=1613"},{"taxonomy":"product_tag","embeddable":true,"href":"https:\/\/standify.org\/pl\/wp-json\/wp\/v2\/product_tag?post=1613"}],"curies":[{"name":"wp","href":"https:\/\/api.w.org\/{rel}","templated":true}]}}