{"id":15888,"date":"2024-07-11T23:53:35","date_gmt":"2024-07-11T13:53:35","guid":{"rendered":"https:\/\/standify.org\/?post_type=product&#038;p=15888"},"modified":"2025-11-30T00:51:45","modified_gmt":"2025-11-29T14:51:45","slug":"gold-goku-iphone-case","status":"publish","type":"product","link":"https:\/\/standify.org\/pl\/shop\/gold-goku-iphone-case\/","title":{"rendered":"Z\u0142ote etui Goku na iPhone'a"},"content":{"rendered":"<ul>\n<li>Wysy\u0142ka na ca\u0142y \u015bwiat.<\/li>\n<li>Wszystkie przesy\u0142ki s\u0105 ubezpieczone i posiadaj\u0105 numery \u015bledzenia.<\/li>\n<li>Dzi\u0119ki zastosowaniu technologii galwanicznego srebra, jest trwa\u0142y i pi\u0119kny w tym samym czasie.<\/li>\n<li><b>GWARANCJA Standify<\/b><\/li>\n<\/ul>\n<ul>\n<li>Jeste\u015bmy bardzo dumni z jako\u015bci naszych produkt\u00f3w i gwarantujemy, \u017ce b\u0119dziesz zadowolony 100% ze wszystkiego, co kupisz w 100%.\u00a0<b>standify.org<\/b><\/li>\n<li>Je\u015bli z jakiegokolwiek powodu nie b\u0119dziesz w pe\u0142ni zadowolony z zakupu, upewnimy si\u0119, \u017ce otrzymasz zwrot pieni\u0119dzy - bez zadawania pyta\u0144 - w odpowiednim czasie.<\/li>\n<\/ul>","protected":false},"excerpt":{"rendered":"<p>Wysy\u0142ka na ca\u0142y \u015bwiat. Wszystkie przesy\u0142ki s\u0105 ubezpieczone i posiadaj\u0105 numery \u015bledzenia. Dzi\u0119ki zastosowaniu technologii galwanizowanego srebra, jest trwa\u0142y i pi\u0119kny jednocze\u015bnie.<\/p>","protected":false},"featured_media":15889,"comment_status":"open","ping_status":"closed","template":"","meta":[],"product_brand":[],"product_cat":[658,641,20],"product_tag":[],"class_list":{"0":"post-15888","1":"product","2":"type-product","3":"status-publish","4":"has-post-thumbnail","6":"product_cat-phone-cases","7":"product_cat-dragon-ball-z-super-saiyan","8":"product_cat-apparel","10":"first","11":"instock","12":"sale","13":"taxable","14":"shipping-taxable","15":"purchasable","16":"product-type-variable","17":"has-default-attributes"},"jetpack_sharing_enabled":true,"_links":{"self":[{"href":"https:\/\/standify.org\/pl\/wp-json\/wp\/v2\/product\/15888","targetHints":{"allow":["GET"]}}],"collection":[{"href":"https:\/\/standify.org\/pl\/wp-json\/wp\/v2\/product"}],"about":[{"href":"https:\/\/standify.org\/pl\/wp-json\/wp\/v2\/types\/product"}],"replies":[{"embeddable":true,"href":"https:\/\/standify.org\/pl\/wp-json\/wp\/v2\/comments?post=15888"}],"version-history":[{"count":0,"href":"https:\/\/standify.org\/pl\/wp-json\/wp\/v2\/product\/15888\/revisions"}],"wp:featuredmedia":[{"embeddable":true,"href":"https:\/\/standify.org\/pl\/wp-json\/wp\/v2\/media\/15889"}],"wp:attachment":[{"href":"https:\/\/standify.org\/pl\/wp-json\/wp\/v2\/media?parent=15888"}],"wp:term":[{"taxonomy":"product_brand","embeddable":true,"href":"https:\/\/standify.org\/pl\/wp-json\/wp\/v2\/product_brand?post=15888"},{"taxonomy":"product_cat","embeddable":true,"href":"https:\/\/standify.org\/pl\/wp-json\/wp\/v2\/product_cat?post=15888"},{"taxonomy":"product_tag","embeddable":true,"href":"https:\/\/standify.org\/pl\/wp-json\/wp\/v2\/product_tag?post=15888"}],"curies":[{"name":"wp","href":"https:\/\/api.w.org\/{rel}","templated":true}]}}