{"id":1586,"date":"2024-02-28T13:11:58","date_gmt":"2024-02-28T13:11:58","guid":{"rendered":"https:\/\/standify.org\/?post_type=product&#038;p=1586"},"modified":"2024-11-19T03:38:16","modified_gmt":"2024-11-18T17:38:16","slug":"ps-symbols-neon-sign","status":"publish","type":"product","link":"https:\/\/standify.org\/pl\/shop\/ps-symbols-neon-sign\/","title":{"rendered":"Neon PS Symbole"},"content":{"rendered":"<h3>Pod\u015bwietl swoj\u0105 przestrze\u0144 do grania za pomoc\u0105 neonu LED z symbolem Playstation \ud83c\udfae<\/h3>\n<p><strong>Roz\u015bwietl swoj\u0105 jaskini\u0119 gracza kultowym blaskiem \u2728<\/strong><\/p>\n<p>Uwolnij wibruj\u0105c\u0105 energi\u0119 gier do swojego pokoju dzi\u0119ki neonowemu znakowi LED Playstation Symbol. Ten uderzaj\u0105cy neon o\u017cywia kultowe symbole przycisk\u00f3w Playstation \ud83d\udd3a\ud83d\udd35\u274c\u2b1c w t\u0119czy neonowej chwa\u0142y, dzi\u0119ki czemu jest idealnym dodatkiem do ka\u017cdego zestawu do gier lub strefy rozrywki.<\/p>\n<p><strong>Cechy produktu:<\/strong><\/p>\n<ul>\n<li><strong>\u017bywe kolory<\/strong>: Ka\u017cdy symbol (tr\u00f3jk\u0105t, k\u00f3\u0142ko, krzy\u017cyk, kwadrat) \u015bwieci jasnym, unikalnym kolorem - zielonym, czerwonym, niebieskim i r\u00f3\u017cowym - zapewniaj\u0105c urzekaj\u0105ce wra\u017cenia wizualne. \ud83c\udf08<\/li>\n<li><strong>Energooszcz\u0119dne diody LED<\/strong>: Wykonany w najnowszej technologii LED, znak oferuje niskie zu\u017cycie energii i imponuj\u0105c\u0105 \u017cywotno\u015b\u0107, zapewniaj\u0105c nieko\u0144cz\u0105ce si\u0119 noce o\u015bwietlonych sesji gier. \ud83d\udca1<\/li>\n<li><strong>Wszechstronne rozmieszczenie<\/strong>: Mierz\u0105c w wygodnym rozmiarze, ten neon jest idealny do monta\u017cu na \u015bcianie lub wy\u015bwietlania na p\u00f3\u0142kach, biurkach lub centrach rozrywki. \ud83d\udccd<\/li>\n<li><strong>Wytrzyma\u0142a konstrukcja<\/strong>: Zamkni\u0119ty w trwa\u0142ym akrylowym podk\u0142adzie, znak zosta\u0142 zaprojektowany z my\u015bl\u0105 o stabilno\u015bci i d\u0142ugowieczno\u015bci, odporny na zu\u017cycie podczas regularnego u\u017cytkowania. \ud83d\udcaa<\/li>\n<li><strong>\u0141atwa instalacja<\/strong>: W komplecie z nawierconymi otworami i zestawem akcesori\u00f3w do \u0142atwej konfiguracji zaraz po wyj\u0119ciu z pude\u0142ka. \ud83d\udd27<\/li>\n<li><strong>Bezpieczny do u\u017cytku w pomieszczeniach<\/strong>: Konstrukcja LED emituje minimaln\u0105 ilo\u015b\u0107 ciep\u0142a, dzi\u0119ki czemu mo\u017cna jej bezpiecznie u\u017cywa\u0107 w zamkni\u0119tych przestrzeniach i w pobli\u017cu sprz\u0119tu do gier. \ud83d\udd12<\/li>\n<\/ul>\n<p><strong>Podnie\u015b swoje wra\u017cenia z gry \ud83d\ude80<\/strong><\/p>\n<p>Przekszta\u0142\u0107 swoj\u0105 przestrze\u0144 za pomoc\u0105 neonu LED Playstation Symbol i zanurz si\u0119 w esencji kultury gier. Niezale\u017cnie od tego, czy streamujesz \ud83c\udfa5, rywalizujesz \ud83c\udfc6, czy po prostu relaksujesz si\u0119 \ud83d\udecb\ufe0f, ten znak doda odrobin\u0119 osobowo\u015bci i nostalgii do Twojego otoczenia.<\/p>","protected":false},"excerpt":{"rendered":"<p>O\u015bwietl swoj\u0105 przestrze\u0144 do grania za pomoc\u0105 neonowego znaku LED Playstation Symbol \ud83c\udfae Roz\u015bwietl swoj\u0105 jaskini\u0119 gracza za pomoc\u0105 ikonicznego znaku LED Playstation Symbol.<\/p>","protected":false},"featured_media":11502,"comment_status":"open","ping_status":"closed","template":"","meta":[],"product_brand":[],"product_cat":[16],"product_tag":[],"class_list":{"0":"post-1586","1":"product","2":"type-product","3":"status-publish","4":"has-post-thumbnail","6":"product_cat-standify","8":"first","9":"instock","10":"taxable","11":"shipping-taxable","12":"purchasable","13":"product-type-variable"},"jetpack_sharing_enabled":true,"_links":{"self":[{"href":"https:\/\/standify.org\/pl\/wp-json\/wp\/v2\/product\/1586","targetHints":{"allow":["GET"]}}],"collection":[{"href":"https:\/\/standify.org\/pl\/wp-json\/wp\/v2\/product"}],"about":[{"href":"https:\/\/standify.org\/pl\/wp-json\/wp\/v2\/types\/product"}],"replies":[{"embeddable":true,"href":"https:\/\/standify.org\/pl\/wp-json\/wp\/v2\/comments?post=1586"}],"version-history":[{"count":0,"href":"https:\/\/standify.org\/pl\/wp-json\/wp\/v2\/product\/1586\/revisions"}],"wp:featuredmedia":[{"embeddable":true,"href":"https:\/\/standify.org\/pl\/wp-json\/wp\/v2\/media\/11502"}],"wp:attachment":[{"href":"https:\/\/standify.org\/pl\/wp-json\/wp\/v2\/media?parent=1586"}],"wp:term":[{"taxonomy":"product_brand","embeddable":true,"href":"https:\/\/standify.org\/pl\/wp-json\/wp\/v2\/product_brand?post=1586"},{"taxonomy":"product_cat","embeddable":true,"href":"https:\/\/standify.org\/pl\/wp-json\/wp\/v2\/product_cat?post=1586"},{"taxonomy":"product_tag","embeddable":true,"href":"https:\/\/standify.org\/pl\/wp-json\/wp\/v2\/product_tag?post=1586"}],"curies":[{"name":"wp","href":"https:\/\/api.w.org\/{rel}","templated":true}]}}