{"id":1533,"date":"2024-02-28T13:11:58","date_gmt":"2024-02-28T13:11:58","guid":{"rendered":"https:\/\/standify.org\/?post_type=product&#038;p=1533"},"modified":"2024-11-19T03:38:16","modified_gmt":"2024-11-18T17:38:16","slug":"premium-goku-college-varsity-jacket","status":"publish","type":"product","link":"https:\/\/standify.org\/pl\/shop\/premium-goku-college-varsity-jacket\/","title":{"rendered":"Premium Goku College Varsity Jacket"},"content":{"rendered":"<p>Uwolnij sw\u00f3j saiya\u0144ski styl dzi\u0119ki naszej kurtce Premium DBZ Varsity! \ud83d\udd25<\/p>\n<ul>\n<li><strong>Epickie emblematy DBZ:<\/strong> Prz\u00f3d i ty\u0142 dla maksymalnego efektu! \ud83d\udc09<\/li>\n<li><strong>Odwa\u017cne kolory:<\/strong> Przyci\u0105gaj\u0105ce wzrok po\u0142\u0105czenie pomara\u0144czowego i niebieskiego! \ud83c\udfa8<\/li>\n<li><strong>Najwy\u017csza jako\u015b\u0107:<\/strong> Trwa\u0142e i wygodne do codziennego noszenia! \ud83d\udcaa<\/li>\n<li><strong>Cool Varsity Vibe:<\/strong> Za\u0142\u00f3\u017c go do szko\u0142y, na mecz lub spotkanie fan\u00f3w! \ud83c\udfeb\ud83c\udfc8<\/li>\n<li><strong>Dla wszystkich fan\u00f3w:<\/strong> Projekt unisex dla ka\u017cdego wojownika Saiyan! \ud83d\udc55<\/li>\n<\/ul>\n<p><strong>Zgarnij to!<\/strong> Ograniczony zapas! \ud83d\udecd\ufe0f<\/p>\n<ul>\n<li><strong>\u0141atwa piel\u0119gnacja:<\/strong> Pra\u0107 i nosi\u0107 bez blakni\u0119cia. \ud83e\uddfc<\/li>\n<li><strong>Pocket-Plus:<\/strong> Zabezpiecz sw\u00f3j sprz\u0119t w podr\u00f3\u017cy. \ud83d\udcf1\ud83d\udcbc<\/li>\n<li><strong>Size-It-Right:<\/strong> Od S do XL dla idealnego dopasowania. \ud83d\udccf<\/li>\n<\/ul>\n<p><strong>Zosta\u0144 bohaterem swojej historii - zdob\u0105d\u017a t\u0119 kurtk\u0119 ju\u017c teraz!<\/strong> \ud83d\uded2\ud83d\udca8<\/p>","protected":false},"excerpt":{"rendered":"<p>Unleash your Saiyan style with our Premium DBZ Varsity Jacket! \ud83d\udd25 Epic DBZ Emblems: Front &amp; back for maximum impact!<\/p>","protected":false},"featured_media":1569,"comment_status":"open","ping_status":"closed","template":"","meta":[],"product_brand":[],"product_cat":[641,16,20],"product_tag":[19,27],"class_list":{"0":"post-1533","1":"product","2":"type-product","3":"status-publish","4":"has-post-thumbnail","6":"product_cat-dragon-ball-z-super-saiyan","7":"product_cat-standify","8":"product_cat-apparel","9":"product_tag-clothing","10":"product_tag-upsell","12":"first","13":"instock","14":"taxable","15":"shipping-taxable","16":"purchasable","17":"product-type-variable","18":"has-default-attributes"},"jetpack_sharing_enabled":true,"_links":{"self":[{"href":"https:\/\/standify.org\/pl\/wp-json\/wp\/v2\/product\/1533","targetHints":{"allow":["GET"]}}],"collection":[{"href":"https:\/\/standify.org\/pl\/wp-json\/wp\/v2\/product"}],"about":[{"href":"https:\/\/standify.org\/pl\/wp-json\/wp\/v2\/types\/product"}],"replies":[{"embeddable":true,"href":"https:\/\/standify.org\/pl\/wp-json\/wp\/v2\/comments?post=1533"}],"version-history":[{"count":0,"href":"https:\/\/standify.org\/pl\/wp-json\/wp\/v2\/product\/1533\/revisions"}],"wp:featuredmedia":[{"embeddable":true,"href":"https:\/\/standify.org\/pl\/wp-json\/wp\/v2\/media\/1569"}],"wp:attachment":[{"href":"https:\/\/standify.org\/pl\/wp-json\/wp\/v2\/media?parent=1533"}],"wp:term":[{"taxonomy":"product_brand","embeddable":true,"href":"https:\/\/standify.org\/pl\/wp-json\/wp\/v2\/product_brand?post=1533"},{"taxonomy":"product_cat","embeddable":true,"href":"https:\/\/standify.org\/pl\/wp-json\/wp\/v2\/product_cat?post=1533"},{"taxonomy":"product_tag","embeddable":true,"href":"https:\/\/standify.org\/pl\/wp-json\/wp\/v2\/product_tag?post=1533"}],"curies":[{"name":"wp","href":"https:\/\/api.w.org\/{rel}","templated":true}]}}